{"id":8025,"date":"2024-11-28T12:36:05","date_gmt":"2024-11-28T12:36:05","guid":{"rendered":"https:\/\/whitelip.com\/apres-appletini-extra-strong\/"},"modified":"2026-05-06T10:11:09","modified_gmt":"2026-05-06T10:11:09","slug":"apres-appletini-extra-strong","status":"publish","type":"product","link":"https:\/\/whitelip.com\/tr\/apres\/apres-appletini-extra-strong\/","title":{"rendered":"APR\u00c8S Appletini Extra Strong"},"content":{"rendered":"<h2><b>APR\u00c8S Appletini Extra Strong<\/b><\/h2>\n<p><span style=\"font-weight: 400;\">APR\u00c8S Appletini Extra Strong nikotin pou\u00e7lar\u0131, klasik Appletini kokteylinden esinlenen canl\u0131 elma lezzetiyle meyveli ve canland\u0131r\u0131c\u0131 bir tat deneyimi sunar. Her ince, tamamen beyaz pou\u00e7, deneyimli kullan\u0131c\u0131lar i\u00e7in uygun g\u00fc\u00e7l\u00fc bir his sa\u011flayan 8.3 mg nikotin i\u00e7erir. Pou\u00e7lar bitki bazl\u0131 liflerden tasarlanm\u0131\u015f olup, d\u0131\u015f y\u00fczeyi kuru ve i\u00e7 y\u00fczeyi nemli yap\u0131s\u0131yla damlama engellerken zengin tat yay\u0131l\u0131m\u0131n\u0131 sa\u011flar. Ayr\u0131k tasar\u0131m\u0131 dudak alt\u0131nda rahat bir oturma sa\u011flar ve di\u015fleri boyamadan istedi\u011finiz zaman kullan\u0131labilir. APR\u00c8S Nicotine AB taraf\u0131ndan \u00fcretilen bu t\u00fct\u00fcns\u00fcz pou\u00e7lar, y\u00fcksek kalite standartlar\u0131 ve yenilik\u00e7i tat kombinasyonlar\u0131n\u0131n \u00f6rne\u011fidir.<\/span><\/p>\n<table>\n<tbody>\n<tr>\n<td><b>Attribute<\/b><\/td>\n<td><b>Ayr\u0131nt\u0131lar<\/b><\/td>\n<\/tr>\n<tr>\n<td><b>10g (20 po\u015fet)<\/b><\/td>\n<td><span style=\"font-weight: 400;\">11g (20 po\u015fet)<\/span><\/td>\n<\/tr>\n<tr>\n<td><b>Nikotin i\u00e7eri\u011fi<\/b><\/td>\n<td><span style=\"font-weight: 400;\">15 mg\/g (pou\u00e7 ba\u015f\u0131na 8.3 mg)<\/span><\/td>\n<\/tr>\n<tr>\n<td><b>Po\u015fet format\u0131<\/b><\/td>\n<td><span style=\"font-weight: 400;\">\u0130nce<\/span><\/td>\n<\/tr>\n<tr>\n<td><b>\u00dcretici<\/b><\/td>\n<td><span style=\"font-weight: 400;\">APR\u00c8S Nicotine AB<\/span><\/td>\n<\/tr>\n<tr>\n<td><b>Aroma<\/b><\/td>\n<td><span style=\"font-weight: 400;\">Elma<\/span><\/td>\n<\/tr>\n<tr>\n<td><b>T\u00fcr<\/b><\/td>\n<td><span style=\"font-weight: 400;\">Tamamen beyaz po\u015fet<\/span><\/td>\n<\/tr>\n<\/tbody>\n<\/table>\n<p>\u00a0<\/p>","protected":false},"excerpt":{"rendered":"<p>Canl\u0131 <strong data-start=\"8\" data-end=\"38\">elma<\/strong>\u00a0meyveli, canland\u0131r\u0131c\u0131 bir tat i\u00e7in. <strong data-start=\"77\" data-end=\"96\">tamamen beyaz po\u015fetler duda\u011f\u0131n alt\u0131nda gizli ve rahat bir \u015fekilde oturur, leke olmadan istedi\u011finiz zaman kullan\u0131labilir. Her po\u015fet i\u00e7erir <\/strong>tamamen beyaz po\u015fetler duda\u011f\u0131n alt\u0131nda gizli ve rahat oturur, temiz, her zaman kullan\u0131m i\u00e7in. Her po\u015fet <strong data-start=\"194\" data-end=\"213\">8.3 mg nikotin<\/strong>, g\u00fc\u00e7l\u00fc ve sabit bir etki sa\u011flayan. Bitki bazl\u0131 liflerden tasarlanm\u0131\u015f, d\u0131\u015f y\u00fczeyi kuru ve i\u00e7 y\u00fczeyi nemli pou\u00e7lar, damla olu\u015fumunu azalt\u0131rken tat yay\u0131l\u0131m\u0131n\u0131 artt\u0131r\u0131r, APR\u00c8S Nicotine AB taraf\u0131ndan \u00fcretilmi\u015ftir.<\/p>","protected":false},"featured_media":8026,"comment_status":"open","ping_status":"closed","template":"","format":[206],"meta":{"_acf_changed":false},"product_brand":[],"product_cat":[41],"product_tag":[16553],"flavours":[196],"nicotine":[212,232],"class_list":{"0":"post-8025","1":"product","2":"type-product","3":"status-publish","4":"has-post-thumbnail","6":"product_cat-apres","7":"product_tag-8-3-mg-pouch","8":"pa_quantity-1-pack","9":"pa_quantity-10-pack","10":"pa_quantity-3-pack","11":"pa_quantity-30-pack","12":"pa_quantity-5-pack","13":"pa_quantity-60-pack","14":"flavours-fruits-berries","15":"format-slim","16":"nicotine-15-mg-g","17":"nicotine-extra-strong","19":"first","20":"outofstock","21":"taxable","22":"shipping-taxable","23":"purchasable","24":"product-type-variable"},"acf":[],"_links":{"self":[{"href":"https:\/\/whitelip.com\/tr\/wp-json\/wp\/v2\/product\/8025","targetHints":{"allow":["GET"]}}],"collection":[{"href":"https:\/\/whitelip.com\/tr\/wp-json\/wp\/v2\/product"}],"about":[{"href":"https:\/\/whitelip.com\/tr\/wp-json\/wp\/v2\/types\/product"}],"replies":[{"embeddable":true,"href":"https:\/\/whitelip.com\/tr\/wp-json\/wp\/v2\/comments?post=8025"}],"wp:featuredmedia":[{"embeddable":true,"href":"https:\/\/whitelip.com\/tr\/wp-json\/wp\/v2\/media\/8026"}],"wp:attachment":[{"href":"https:\/\/whitelip.com\/tr\/wp-json\/wp\/v2\/media?parent=8025"}],"wp:term":[{"taxonomy":"product_brand","embeddable":true,"href":"https:\/\/whitelip.com\/tr\/wp-json\/wp\/v2\/product_brand?post=8025"},{"taxonomy":"product_cat","embeddable":true,"href":"https:\/\/whitelip.com\/tr\/wp-json\/wp\/v2\/product_cat?post=8025"},{"taxonomy":"product_tag","embeddable":true,"href":"https:\/\/whitelip.com\/tr\/wp-json\/wp\/v2\/product_tag?post=8025"},{"taxonomy":"flavours","embeddable":true,"href":"https:\/\/whitelip.com\/tr\/wp-json\/wp\/v2\/flavours?post=8025"},{"taxonomy":"format","embeddable":true,"href":"https:\/\/whitelip.com\/tr\/wp-json\/wp\/v2\/format?post=8025"},{"taxonomy":"nicotine","embeddable":true,"href":"https:\/\/whitelip.com\/tr\/wp-json\/wp\/v2\/nicotine?post=8025"}],"curies":[{"name":"wp","href":"https:\/\/api.w.org\/{rel}","templated":true}]}}