{"id":8021,"date":"2024-11-28T12:35:43","date_gmt":"2024-11-28T12:35:43","guid":{"rendered":"https:\/\/whitelip.com\/pablo-exclusive-cappuccino-50mg\/"},"modified":"2026-05-06T10:11:08","modified_gmt":"2026-05-06T10:11:08","slug":"pablo-exclusive-cappuccino-50mg","status":"publish","type":"product","link":"https:\/\/whitelip.com\/tr\/pablo\/pablo-exclusive-cappuccino-50mg\/","title":{"rendered":"PABLO Exclusive Cappuccino 50mg"},"content":{"rendered":"<h2><b>PABLO Exclusive Cappuccino 50mg<\/b><\/h2>\n<p><span style=\"font-weight: 400;\">PABLO Exclusive Cappuccino 50mg nikotin po\u015fetleri, kahve severleri i\u00e7in cesur ve tatmin edici bir deneyim sunarak cappuccino'nun zengin ve kremsi lezzetini sunmaktad\u0131r. Bu ince, t\u00fct\u00fcns\u00fcz po\u015fetler ayr\u0131k ve rahat kullan\u0131m i\u00e7in tasarlanm\u0131\u015f olup, duda\u011f\u0131n alt\u0131na sorunsuz bir \u015fekilde oturur. \u0130stisnai derecede y\u00fcksek nikotin g\u00fcc\u00fc ile, PABLO Exclusive Cappuccino, g\u00fc\u00e7l\u00fc bir nikotin h\u0131z\u0131 ile p\u00fcr\u00fczs\u00fcz ve lezzetli kahve lezzeti arayan deneyimli kullan\u0131c\u0131lar i\u00e7in m\u00fckemmeldir.<\/span><\/p>\n<table>\n<tbody>\n<tr>\n<td><b>Attribute<\/b><\/td>\n<td><b>Ayr\u0131nt\u0131lar<\/b><\/td>\n<\/tr>\n<tr>\n<td><span style=\"font-weight: 400;\">Kutu Ba\u015f\u0131na \u0130\u00e7erik<\/span><\/td>\n<td><span style=\"font-weight: 400;\">15g (20 po\u015fet)<\/span><\/td>\n<\/tr>\n<tr>\n<td><span style=\"font-weight: 400;\">Nikotin \u0130\u00e7eri\u011fi<\/span><\/td>\n<td><span style=\"font-weight: 400;\">50 mg\/g (po\u015fet ba\u015f\u0131na 30 mg)<\/span><\/td>\n<\/tr>\n<tr>\n<td><span style=\"font-weight: 400;\">Po\u015fet Format\u0131<\/span><\/td>\n<td><span style=\"font-weight: 400;\">\u0130nce<\/span><\/td>\n<\/tr>\n<tr>\n<td><span style=\"font-weight: 400;\">\u00dcretici<\/span><\/td>\n<td><span style=\"font-weight: 400;\">N.G.P Empire<\/span><\/td>\n<\/tr>\n<tr>\n<td><span style=\"font-weight: 400;\">Aroma<\/span><\/td>\n<td><span style=\"font-weight: 400;\">Cappuccino<\/span><\/td>\n<\/tr>\n<tr>\n<td><span style=\"font-weight: 400;\">T\u00fcr<\/span><\/td>\n<td><span style=\"font-weight: 400;\">T\u00fcm beyaz po\u015fet, t\u00fct\u00fcns\u00fcz<\/span><\/td>\n<\/tr>\n<\/tbody>\n<\/table>","protected":false},"excerpt":{"rendered":"<p>PABLO Exclusive Cappuccino 50mg nikotin po\u015fetleri zengin, kremsi <strong data-start=\"72\" data-end=\"86\">Cappuccino<\/strong> lezzet. <strong data-start=\"95\" data-end=\"103\">\u0130nce<\/strong>, t\u00fct\u00fcns\u00fcz format ile ayr\u0131k, rahat kullan\u0131m ve temiz, tatmin edici sal\u0131n\u0131m i\u00e7in. Her po\u015fet <strong data-start=\"209\" data-end=\"227\">30 mg nikotin<\/strong>.<\/p>","protected":false},"featured_media":8022,"comment_status":"open","ping_status":"closed","template":"","format":[206],"meta":{"_acf_changed":false},"product_brand":[],"product_cat":[44],"product_tag":[16605],"flavours":[192],"nicotine":[226,233],"class_list":{"0":"post-8021","1":"product","2":"type-product","3":"status-publish","4":"has-post-thumbnail","6":"product_cat-pablo","7":"product_tag-30-mg-pouch","8":"pa_quantity-1-pack","9":"pa_quantity-10-pack","10":"pa_quantity-3-pack","11":"pa_quantity-30-pack","12":"pa_quantity-5-pack","13":"pa_quantity-60-pack","14":"flavours-coffee","15":"format-slim","16":"nicotine-50-mg-g","17":"nicotine-extreme","19":"first","20":"outofstock","21":"taxable","22":"shipping-taxable","23":"purchasable","24":"product-type-variable"},"acf":[],"_links":{"self":[{"href":"https:\/\/whitelip.com\/tr\/wp-json\/wp\/v2\/product\/8021","targetHints":{"allow":["GET"]}}],"collection":[{"href":"https:\/\/whitelip.com\/tr\/wp-json\/wp\/v2\/product"}],"about":[{"href":"https:\/\/whitelip.com\/tr\/wp-json\/wp\/v2\/types\/product"}],"replies":[{"embeddable":true,"href":"https:\/\/whitelip.com\/tr\/wp-json\/wp\/v2\/comments?post=8021"}],"wp:featuredmedia":[{"embeddable":true,"href":"https:\/\/whitelip.com\/tr\/wp-json\/wp\/v2\/media\/8022"}],"wp:attachment":[{"href":"https:\/\/whitelip.com\/tr\/wp-json\/wp\/v2\/media?parent=8021"}],"wp:term":[{"taxonomy":"product_brand","embeddable":true,"href":"https:\/\/whitelip.com\/tr\/wp-json\/wp\/v2\/product_brand?post=8021"},{"taxonomy":"product_cat","embeddable":true,"href":"https:\/\/whitelip.com\/tr\/wp-json\/wp\/v2\/product_cat?post=8021"},{"taxonomy":"product_tag","embeddable":true,"href":"https:\/\/whitelip.com\/tr\/wp-json\/wp\/v2\/product_tag?post=8021"},{"taxonomy":"flavours","embeddable":true,"href":"https:\/\/whitelip.com\/tr\/wp-json\/wp\/v2\/flavours?post=8021"},{"taxonomy":"format","embeddable":true,"href":"https:\/\/whitelip.com\/tr\/wp-json\/wp\/v2\/format?post=8021"},{"taxonomy":"nicotine","embeddable":true,"href":"https:\/\/whitelip.com\/tr\/wp-json\/wp\/v2\/nicotine?post=8021"}],"curies":[{"name":"wp","href":"https:\/\/api.w.org\/{rel}","templated":true}]}}