{"id":8013,"date":"2024-11-28T12:35:41","date_gmt":"2024-11-28T12:35:41","guid":{"rendered":"https:\/\/whitelip.com\/zxs-melon-freeze-large\/"},"modified":"2026-05-06T15:36:54","modified_gmt":"2026-05-06T15:36:54","slug":"zxs-melon-freeze-large","status":"publish","type":"product","link":"https:\/\/whitelip.com\/tr\/zxs\/zxs-melon-freeze-large\/","title":{"rendered":"Z!XS Melon Freeze Large"},"content":{"rendered":"<h2><b>Z!XS Melon Freeze Large<\/b><\/h2>\n<p><span style=\"font-weight: 400;\">Z!XS Melon Freeze Large, <\/span><b>tatl\u0131 ve sucu meyve kavunu tad\u0131n\u0131<\/b><span style=\"font-weight: 400;\"> ile birle\u015ftirerek tazeleyici ve enerji verici bir nikotin deneyimi sunar. Bu benzersiz kombinasyon, meyve tatl\u0131l\u0131\u011f\u0131n\u0131 serin, buzlu bir sensasyonla dengeler, revitalize edici ve cesur bir tat \u00f6zlemi\u015f olan kullan\u0131c\u0131lar i\u00e7in idealdir. Her b\u00fcy\u00fck, t\u00fcm beyaz po\u015fet <\/span><b>menthol twist<\/b><span style=\"font-weight: 400;\">i\u00e7erir, deneyimli kullan\u0131c\u0131lar i\u00e7in m\u00fckemmel olan g\u00fc\u00e7l\u00fc ve istikrarl\u0131 bir salg\u0131lama sunar. <\/span><b>12 mg nikotin<\/b><span style=\"font-weight: 400;\">B\u00fcy\u00fck format, duda\u011f\u0131n alt\u0131nda daha tam ve tatmin edici bir oturma sa\u011flarken konfor ve istikrar\u0131 korur. Tamamen t\u00fct\u00fcn i\u00e7ermeyecek \u015fekilde haz\u0131rlanm\u0131\u015f ve y\u00fcksek kaliteli bitki temelli maddelerden yap\u0131lm\u0131\u015f olan Z!XS Melon Freeze Large, taze ve meyveli bir karaktere sahip modern ve temiz bir nikotin alternatifi sa\u011flar.<\/span><\/p>\n<p><span style=\"font-weight: 400;\">Melon ve Mentol<\/span><\/p>\n<table>\n<tbody>\n<tr>\n<td><b>Attribute<\/b><\/td>\n<td><b>Ayr\u0131nt\u0131lar<\/b><\/td>\n<\/tr>\n<tr>\n<td><b>Brand<\/b><\/td>\n<td><span style=\"font-weight: 400;\">Z!XS<\/span><\/td>\n<\/tr>\n<tr>\n<td><b>\u00dcr\u00fcn T\u00fcr\u00fc<\/b><\/td>\n<td><span style=\"font-weight: 400;\">T\u00fcm Beyaz Nikotin Po\u015fetleri<\/span><\/td>\n<\/tr>\n<tr>\n<td><b>Format<\/b><\/td>\n<td><span style=\"font-weight: 400;\">B\u00fcy\u00fck<\/span><\/td>\n<\/tr>\n<tr>\n<td><b>Aroma<\/b><\/td>\n<td><span style=\"font-weight: 400;\">T\u00fct\u00fcns\u00fcz, geni\u015f format, tatl\u0131 melon tad\u0131 ve so\u011futma mentol b\u00fck\u00fc\u015f\u00fc<\/span><\/td>\n<\/tr>\n<tr>\n<td><b>Nikotin G\u00fcc\u00fc<\/b><\/td>\n<td><span style=\"font-weight: 400;\">Po\u015fet ba\u015f\u0131na 12 mg<\/span><\/td>\n<\/tr>\n<tr>\n<td><b>K\u0131s\u0131m A\u011f\u0131rl\u0131\u011f\u0131<\/b><\/td>\n<td><span style=\"font-weight: 400;\">1,0 gram<\/span><\/td>\n<\/tr>\n<tr>\n<td><b>K\u0131s\u0131m Say\u0131s\u0131<\/b><\/td>\n<td><span style=\"font-weight: 400;\">kutu ba\u015f\u0131na 20<\/span><\/td>\n<\/tr>\n<tr>\n<td><b>Toplam Kutu A\u011f\u0131rl\u0131\u011f\u0131<\/b><\/td>\n<td><span style=\"font-weight: 400;\">20 gram<\/span><\/td>\n<\/tr>\n<tr>\n<td><b>\u00dcretici<\/b><\/td>\n<td><span style=\"font-weight: 400;\">Z!XS International<\/span><\/td>\n<\/tr>\n<tr>\n<td><b>Dikkate De\u011fer \u00d6zellikler<\/b><\/td>\n<td><span style=\"font-weight: 400;\">Z!XS Melon Freeze Large, tatl\u0131, sucu meyve kavununu keskin mentol b\u00fck\u00fc\u015f\u00fcyle birle\u015ftirerek tazeleyici, enerji verici bir profil sunar. T\u00fcm beyaz Large po\u015fetler gizli ve rahatt\u0131r. Her po\u015fet g\u00fc\u00e7l\u00fc, istikrarl\u0131 bir salg\u0131lama i\u00e7in 12 mg nikotin i\u00e7erir.<\/span><\/td>\n<\/tr>\n<\/tbody>\n<\/table>","protected":false},"excerpt":{"rendered":"<p>Z!XS <strong data-start=\"5\" data-end=\"21\">Melon Freeze<\/strong> <strong data-start=\"22\" data-end=\"31\">B\u00fcy\u00fck<\/strong> tatl\u0131, sucu meyve kavununu keskin mentol b\u00fck\u00fc\u015f\u00fcyle birle\u015ftirerek tazeleyici, enerji verici bir profil sunar. T\u00fcm beyaz <strong data-start=\"141\" data-end=\"150\">B\u00fcy\u00fck<\/strong> keseler gizli ve rahattur. Her kese \u015funu i\u00e7erir: <strong data-start=\"209\" data-end=\"227\">12 mg nikotin<\/strong> g\u00fc\u00e7l\u00fc, sabit bir salg\u0131lanma i\u00e7in.<\/p>","protected":false},"featured_media":8014,"comment_status":"open","ping_status":"closed","template":"","format":[206],"meta":{"_acf_changed":false},"product_brand":[],"product_cat":[39],"product_tag":[16561],"flavours":[196],"nicotine":[213,232],"class_list":{"0":"post-8013","1":"product","2":"type-product","3":"status-publish","4":"has-post-thumbnail","6":"product_cat-zxs","7":"product_tag-12-mg-pouch","8":"pa_quantity-1-pack","9":"pa_quantity-10-pack","10":"pa_quantity-3-pack","11":"pa_quantity-30-pack","12":"pa_quantity-5-pack","13":"pa_quantity-60-pack","14":"flavours-fruits-berries","15":"format-slim","16":"nicotine-16-mg-g","17":"nicotine-extra-strong","19":"first","20":"instock","21":"taxable","22":"shipping-taxable","23":"purchasable","24":"product-type-variable"},"acf":[],"_links":{"self":[{"href":"https:\/\/whitelip.com\/tr\/wp-json\/wp\/v2\/product\/8013","targetHints":{"allow":["GET"]}}],"collection":[{"href":"https:\/\/whitelip.com\/tr\/wp-json\/wp\/v2\/product"}],"about":[{"href":"https:\/\/whitelip.com\/tr\/wp-json\/wp\/v2\/types\/product"}],"replies":[{"embeddable":true,"href":"https:\/\/whitelip.com\/tr\/wp-json\/wp\/v2\/comments?post=8013"}],"wp:featuredmedia":[{"embeddable":true,"href":"https:\/\/whitelip.com\/tr\/wp-json\/wp\/v2\/media\/8014"}],"wp:attachment":[{"href":"https:\/\/whitelip.com\/tr\/wp-json\/wp\/v2\/media?parent=8013"}],"wp:term":[{"taxonomy":"product_brand","embeddable":true,"href":"https:\/\/whitelip.com\/tr\/wp-json\/wp\/v2\/product_brand?post=8013"},{"taxonomy":"product_cat","embeddable":true,"href":"https:\/\/whitelip.com\/tr\/wp-json\/wp\/v2\/product_cat?post=8013"},{"taxonomy":"product_tag","embeddable":true,"href":"https:\/\/whitelip.com\/tr\/wp-json\/wp\/v2\/product_tag?post=8013"},{"taxonomy":"flavours","embeddable":true,"href":"https:\/\/whitelip.com\/tr\/wp-json\/wp\/v2\/flavours?post=8013"},{"taxonomy":"format","embeddable":true,"href":"https:\/\/whitelip.com\/tr\/wp-json\/wp\/v2\/format?post=8013"},{"taxonomy":"nicotine","embeddable":true,"href":"https:\/\/whitelip.com\/tr\/wp-json\/wp\/v2\/nicotine?post=8013"}],"curies":[{"name":"wp","href":"https:\/\/api.w.org\/{rel}","templated":true}]}}