{"id":7999,"date":"2024-11-28T12:35:40","date_gmt":"2024-11-28T12:35:40","guid":{"rendered":"https:\/\/whitelip.com\/zyn-peach-3mg\/"},"modified":"2026-04-17T17:38:56","modified_gmt":"2026-04-17T17:38:56","slug":"zyn-peach-3mg","status":"publish","type":"product","link":"https:\/\/whitelip.com\/tr\/zyn\/zyn-peach-3mg\/","title":{"rendered":"ZYN Peach 3mg"},"content":{"rendered":"<h2><strong>ZYN Peach 3mg<\/strong><\/h2>\n<p><span style=\"font-weight: 400;\">ZYN Peach 3mg, klasik \u0130talyan Bellini kokteylinden esinlenen \u015feftali, ye\u015fil \u00fcz\u00fcm ve meyve \u00e7ay\u0131 tatlar\u0131n\u0131n harika bir birle\u015fimini sunur. Bu kar\u0131\u015f\u0131m tatl\u0131 ve meyveli bir tat sa\u011flayarak orta d\u00fczey bir nikotin deneyimi verir.<\/span><\/p>\n<p><span style=\"font-weight: 400;\">Her mini boyutlu, tamamen beyaz po\u015fet 3 mg nikotin i\u00e7erir ve daha hafif nikotin se\u00e7ene\u011fini tercih edenler i\u00e7in dengeli ve sabit bir sal\u0131n\u0131m sa\u011flar. Mini kuru format, duda\u011f\u0131n alt\u0131nda ayr\u0131k ve rahat bir uyum sa\u011flayarak, istedi\u011finiz zaman temiz ve lekesiz kullan\u0131m imk\u00e2n\u0131 tan\u0131r. Tamamen y\u00fcksek kaliteli, bitkiye dayal\u0131 malzemelerden \u00fcretilen ZYN Peach 3mg, benzersiz bir tat profili ile modern ve keyifli bir nikotin alternatifi sunmaktad\u0131r.<\/span><\/p>\n<table>\n<tbody>\n<tr>\n<td><b>Attribute<\/b><\/td>\n<td><b>Ayr\u0131nt\u0131lar<\/b><\/td>\n<\/tr>\n<tr>\n<td><span style=\"font-weight: 400;\">Brand<\/span><\/td>\n<td><span style=\"font-weight: 400;\">ZYN<\/span><\/td>\n<\/tr>\n<tr>\n<td><span style=\"font-weight: 400;\">\u00dcr\u00fcn T\u00fcr\u00fc<\/span><\/td>\n<td><span style=\"font-weight: 400;\">T\u00fcm Beyaz Nikotin Po\u015fetleri<\/span><\/td>\n<\/tr>\n<tr>\n<td><span style=\"font-weight: 400;\">Format<\/span><\/td>\n<td><span style=\"font-weight: 400;\">Mini Dry<\/span><\/td>\n<\/tr>\n<tr>\n<td><span style=\"font-weight: 400;\">Aroma<\/span><\/td>\n<td><span style=\"font-weight: 400;\">\u015eeftali, Ye\u015fil \u00dcz\u00fcm ve Meyve \u00c7ay\u0131<\/span><\/td>\n<\/tr>\n<tr>\n<td><span style=\"font-weight: 400;\">Nikotin G\u00fcc\u00fc<\/span><\/td>\n<td><span style=\"font-weight: 400;\">Po\u015fet ba\u015f\u0131na 3 mg<\/span><\/td>\n<\/tr>\n<tr>\n<td><span style=\"font-weight: 400;\">K\u0131s\u0131m A\u011f\u0131rl\u0131\u011f\u0131<\/span><\/td>\n<td><span style=\"font-weight: 400;\">0,4 gram<\/span><\/td>\n<\/tr>\n<tr>\n<td><span style=\"font-weight: 400;\">K\u0131s\u0131m Say\u0131s\u0131<\/span><\/td>\n<td><span style=\"font-weight: 400;\">kutu ba\u015f\u0131na 20<\/span><\/td>\n<\/tr>\n<tr>\n<td><span style=\"font-weight: 400;\">Toplam Kutu A\u011f\u0131rl\u0131\u011f\u0131<\/span><\/td>\n<td><span style=\"font-weight: 400;\">8 gram<\/span><\/td>\n<\/tr>\n<tr>\n<td><span style=\"font-weight: 400;\">\u00dcretici<\/span><\/td>\n<td><span style=\"font-weight: 400;\">Swedish Match<\/span><\/td>\n<\/tr>\n<tr>\n<td><span style=\"font-weight: 400;\">Dikkate De\u011fer \u00d6zellikler<\/span><\/td>\n<td><span style=\"font-weight: 400;\">T\u00fct\u00fcns\u00fcz, mini format, Bellini kokteylinden esinlenen meyveli tat<\/span><\/td>\n<\/tr>\n<\/tbody>\n<\/table>","protected":false},"excerpt":{"rendered":"<p><strong>ZYN Peach 3mg, \u00f6nceki ad\u0131 ZYN Bellini 3mg. Ge\u00e7i\u015f s\u0131ras\u0131nda her iki tasar\u0131m da sat\u0131labilir.<\/strong><\/p>\n<p>ZYN <strong data-start=\"4\" data-end=\"13\">\u015eeftali<\/strong> tatl\u0131 \u015feftali, ye\u015fil \u00fcz\u00fcm ve meyve \u00e7ay\u0131n\u0131 kar\u0131\u015ft\u0131rarak Bellini'den esinlenen, meyveli bir profil olu\u015fturur. Her po\u015fet i\u00e7erir <strong data-start=\"121\" data-end=\"138\">3 mg nikotin<\/strong> hafif, orta seviyeli bir sal\u0131n\u0131m i\u00e7in.<\/p>","protected":false},"featured_media":2898,"comment_status":"open","ping_status":"closed","template":"","format":[205],"meta":{"_acf_changed":false},"product_brand":[],"product_cat":[37],"product_tag":[16579],"flavours":[196],"nicotine":[230,236],"class_list":{"0":"post-7999","1":"product","2":"type-product","3":"status-publish","4":"has-post-thumbnail","6":"product_cat-zyn","7":"product_tag-3-mg-pouch","8":"pa_quantity-1-pack","9":"pa_quantity-10-pack","10":"pa_quantity-3-pack","11":"pa_quantity-30-pack","12":"pa_quantity-5-pack","13":"pa_quantity-60-pack","14":"flavours-fruits-berries","15":"format-mini","16":"nicotine-8-mg-g","17":"nicotine-strong","19":"first","20":"outofstock","21":"taxable","22":"shipping-taxable","23":"purchasable","24":"product-type-variable"},"acf":[],"_links":{"self":[{"href":"https:\/\/whitelip.com\/tr\/wp-json\/wp\/v2\/product\/7999","targetHints":{"allow":["GET"]}}],"collection":[{"href":"https:\/\/whitelip.com\/tr\/wp-json\/wp\/v2\/product"}],"about":[{"href":"https:\/\/whitelip.com\/tr\/wp-json\/wp\/v2\/types\/product"}],"replies":[{"embeddable":true,"href":"https:\/\/whitelip.com\/tr\/wp-json\/wp\/v2\/comments?post=7999"}],"wp:featuredmedia":[{"embeddable":true,"href":"https:\/\/whitelip.com\/tr\/wp-json\/wp\/v2\/media\/2898"}],"wp:attachment":[{"href":"https:\/\/whitelip.com\/tr\/wp-json\/wp\/v2\/media?parent=7999"}],"wp:term":[{"taxonomy":"product_brand","embeddable":true,"href":"https:\/\/whitelip.com\/tr\/wp-json\/wp\/v2\/product_brand?post=7999"},{"taxonomy":"product_cat","embeddable":true,"href":"https:\/\/whitelip.com\/tr\/wp-json\/wp\/v2\/product_cat?post=7999"},{"taxonomy":"product_tag","embeddable":true,"href":"https:\/\/whitelip.com\/tr\/wp-json\/wp\/v2\/product_tag?post=7999"},{"taxonomy":"flavours","embeddable":true,"href":"https:\/\/whitelip.com\/tr\/wp-json\/wp\/v2\/flavours?post=7999"},{"taxonomy":"format","embeddable":true,"href":"https:\/\/whitelip.com\/tr\/wp-json\/wp\/v2\/format?post=7999"},{"taxonomy":"nicotine","embeddable":true,"href":"https:\/\/whitelip.com\/tr\/wp-json\/wp\/v2\/nicotine?post=7999"}],"curies":[{"name":"wp","href":"https:\/\/api.w.org\/{rel}","templated":true}]}}