{"id":7993,"date":"2024-12-20T19:39:10","date_gmt":"2024-12-20T19:39:10","guid":{"rendered":"https:\/\/whitelip.com\/xqs-blueberry-mint-light\/"},"modified":"2026-04-26T10:11:10","modified_gmt":"2026-04-26T10:11:10","slug":"xqs-blueberry-mint-light","status":"publish","type":"product","link":"https:\/\/whitelip.com\/tr\/xqs\/xqs-blueberry-mint-light\/","title":{"rendered":"XQS Blueberry Mint Light"},"content":{"rendered":"<h2><b>XQS Blueberry Mint Light<\/b><\/h2>\n<p><span style=\"font-weight: 400;\">XQS Blueberry Mint Light sunuyor <\/span><b>yumu\u015fak \u00e7ilek aromas\u0131<\/b><span style=\"font-weight: 400;\"> tamamlayan ferah <\/span><b>nane dokunu\u015fu<\/b><span style=\"font-weight: 400;\">, hassas ve canland\u0131r\u0131c\u0131 bir nikotin deneyimi yarat\u0131r. Bu dengeli kar\u0131\u015f\u0131m, daha hafif nikotin se\u00e7ene\u011fi arayan kullan\u0131c\u0131lar i\u00e7in m\u00fckemmel olan so\u011fuk bir sonla e\u015fle\u015ftirilmi\u015f hafif meyveli tat\u0131l\u0131\u011f\u0131 sunar. Her ince, tamamen beyaz po\u015fet i\u00e7erir <\/span><b>4 mg nikotin<\/b><span style=\"font-weight: 400;\">, g\u00fcnl\u00fck kullan\u0131m i\u00e7in idealdir nazik ve sabit bir salg\u0131lanma sa\u011flayarak.<\/span><\/p>\n<p><span style=\"font-weight: 400;\">Dar format, duda\u011f\u0131n alt\u0131nda ayr\u0131k ve rahat bir oturum sa\u011flayarak herhangi bir anda temiz, lekesiz bir kullan\u0131m imkan\u0131 verir. Tamamen t\u00fct\u00fcns\u00fcz ve y\u00fcksek kaliteli bitki lif \u0131smarlanan XQS Blueberry Mint Light, yumu\u015fak, meyveli bir tat ve ferah so\u011fukluk ile modern bir nikotin alternatifi sunar.<\/span><\/p>\n<table>\n<tbody>\n<tr>\n<td><b>Attribute<\/b><\/td>\n<td><b>Ayr\u0131nt\u0131lar<\/b><\/td>\n<\/tr>\n<tr>\n<td><b>Brand<\/b><\/td>\n<td><span style=\"font-weight: 400;\">XQS<\/span><\/td>\n<\/tr>\n<tr>\n<td><b>\u00dcr\u00fcn T\u00fcr\u00fc<\/b><\/td>\n<td><span style=\"font-weight: 400;\">T\u00fcm Beyaz Nikotin Po\u015fetleri<\/span><\/td>\n<\/tr>\n<tr>\n<td><b>Format<\/b><\/td>\n<td><span style=\"font-weight: 400;\">\u0130nce<\/span><\/td>\n<\/tr>\n<tr>\n<td><b>Aroma<\/b><\/td>\n<td><span style=\"font-weight: 400;\">Blueberry ve Mint<\/span><\/td>\n<\/tr>\n<tr>\n<td><b>Nikotin G\u00fcc\u00fc<\/b><\/td>\n<td><span style=\"font-weight: 400;\">4 mg po\u015fet ba\u015f\u0131na (5 mg\/g)<\/span><\/td>\n<\/tr>\n<tr>\n<td><b>K\u0131s\u0131m A\u011f\u0131rl\u0131\u011f\u0131<\/b><\/td>\n<td><span style=\"font-weight: 400;\">0,75 gram<\/span><\/td>\n<\/tr>\n<tr>\n<td><b>K\u0131s\u0131m Say\u0131s\u0131<\/b><\/td>\n<td><span style=\"font-weight: 400;\">kutu ba\u015f\u0131na 20<\/span><\/td>\n<\/tr>\n<tr>\n<td><b>Toplam Kutu A\u011f\u0131rl\u0131\u011f\u0131<\/b><\/td>\n<td><span style=\"font-weight: 400;\">15 gram<\/span><\/td>\n<\/tr>\n<tr>\n<td><b>\u00dcretici<\/b><\/td>\n<td><span style=\"font-weight: 400;\">XQS International<\/span><\/td>\n<\/tr>\n<tr>\n<td><b>Dikkate De\u011fer \u00d6zellikler<\/b><\/td>\n<td><span style=\"font-weight: 400;\">T\u00fct\u00fcns\u00fcz, dar format, ferah nane dokunu\u015fuyla yumu\u015fak \u00e7ilek aromas\u0131<\/span><\/td>\n<\/tr>\n<\/tbody>\n<\/table>","protected":false},"excerpt":{"rendered":"<p>XQS <strong data-start=\"4\" data-end=\"22\">Blueberry Mint<\/strong> <strong data-start=\"23\" data-end=\"32\">Light<\/strong> yumu\u015fak \u00e7ilek dengan ferah bir nane dokunu\u015fu sa\u011flayarak, hassas, canland\u0131r\u0131c\u0131 bir profil olu\u015fturur. The <strong data-start=\"130\" data-end=\"138\">ince<\/strong>, tamamen beyaz po\u015fetler ayr\u0131k ve rahattur. Her po\u015fet i\u00e7erir <strong data-start=\"208\" data-end=\"225\">4 mg nikotin<\/strong> g\u00fcnl\u00fck kullan\u0131ma uygun nazik, sabit bir salg\u0131lanma i\u00e7in.<\/p>","protected":false},"featured_media":63915,"comment_status":"open","ping_status":"closed","template":"","format":[206],"meta":{"_acf_changed":false},"product_brand":[],"product_cat":[27],"product_tag":[16585],"flavours":[196],"nicotine":[230,236],"class_list":{"0":"post-7993","1":"product","2":"type-product","3":"status-publish","4":"has-post-thumbnail","6":"product_cat-xqs","7":"product_tag-4-mg-pouch","8":"pa_quantity-1-pack","9":"pa_quantity-10-pack","10":"pa_quantity-3-pack","11":"pa_quantity-30-pack","12":"pa_quantity-5-pack","13":"pa_quantity-60-pack","14":"flavours-fruits-berries","15":"format-slim","16":"nicotine-8-mg-g","17":"nicotine-strong","19":"first","20":"instock","21":"taxable","22":"shipping-taxable","23":"purchasable","24":"product-type-variable"},"acf":[],"_links":{"self":[{"href":"https:\/\/whitelip.com\/tr\/wp-json\/wp\/v2\/product\/7993","targetHints":{"allow":["GET"]}}],"collection":[{"href":"https:\/\/whitelip.com\/tr\/wp-json\/wp\/v2\/product"}],"about":[{"href":"https:\/\/whitelip.com\/tr\/wp-json\/wp\/v2\/types\/product"}],"replies":[{"embeddable":true,"href":"https:\/\/whitelip.com\/tr\/wp-json\/wp\/v2\/comments?post=7993"}],"wp:featuredmedia":[{"embeddable":true,"href":"https:\/\/whitelip.com\/tr\/wp-json\/wp\/v2\/media\/63915"}],"wp:attachment":[{"href":"https:\/\/whitelip.com\/tr\/wp-json\/wp\/v2\/media?parent=7993"}],"wp:term":[{"taxonomy":"product_brand","embeddable":true,"href":"https:\/\/whitelip.com\/tr\/wp-json\/wp\/v2\/product_brand?post=7993"},{"taxonomy":"product_cat","embeddable":true,"href":"https:\/\/whitelip.com\/tr\/wp-json\/wp\/v2\/product_cat?post=7993"},{"taxonomy":"product_tag","embeddable":true,"href":"https:\/\/whitelip.com\/tr\/wp-json\/wp\/v2\/product_tag?post=7993"},{"taxonomy":"flavours","embeddable":true,"href":"https:\/\/whitelip.com\/tr\/wp-json\/wp\/v2\/flavours?post=7993"},{"taxonomy":"format","embeddable":true,"href":"https:\/\/whitelip.com\/tr\/wp-json\/wp\/v2\/format?post=7993"},{"taxonomy":"nicotine","embeddable":true,"href":"https:\/\/whitelip.com\/tr\/wp-json\/wp\/v2\/nicotine?post=7993"}],"curies":[{"name":"wp","href":"https:\/\/api.w.org\/{rel}","templated":true}]}}