{"id":65358,"date":"2026-02-02T11:02:48","date_gmt":"2026-02-02T11:02:48","guid":{"rendered":"https:\/\/whitelip.com\/?post_type=product&#038;p=65358"},"modified":"2026-05-08T10:11:44","modified_gmt":"2026-05-08T10:11:44","slug":"nois-extreme-4mg-2","status":"publish","type":"product","link":"https:\/\/whitelip.com\/tr\/nois\/nois-extreme-4mg-2\/","title":{"rendered":"NOIS Extreme 4mg"},"content":{"rendered":"<h2>NOIS Extreme 4mg<\/h2>\n<p data-start=\"267\" data-end=\"560\">NOIS Extreme 4MG, slim formatta yo\u011fun nane aromala\u0131 nikotin po\u015fetidir. Aroma erken ortaya \u00e7\u0131kar ve keskin, buzlu nane karakteri ile so\u011futucu mentol biti\u015f sa\u011flar. \u00dcr\u00fcn, daha d\u00fc\u015f\u00fck nikotin i\u00e7eri\u011fini korurken belirgin bir aroma deneyimi sa\u011flamak i\u00e7in tasarlanm\u0131\u015ft\u0131r.<\/p>\n<p data-start=\"562\" data-end=\"842\">Her po\u015fet 4 mg nikotin i\u00e7erir. Po\u015fetler, \u00fcst duda\u011f\u0131n alt\u0131na gizli ve rahat yerle\u015ftirme i\u00e7in geli\u015ftirilmi\u015f NOIS slim formatta \u00fcretilmektedir. Malzeme yumu\u015fak ve \u00f6nceden nemlendirilmi\u015f olup aroma ve nikotin h\u0131zl\u0131 sal\u0131n\u0131m\u0131n\u0131 destekler. \u00dcr\u00fcn t\u00fct\u00fcns\u00fczd\u00fcr.<\/p>\n<p data-start=\"844\" data-end=\"977\">NOIS nikotin po\u015fetleri Tallinn, Estonya'da HRJ Production O\u00dc taraf\u0131ndan \u00fcretilmektedir. \u00dcretim kat\u0131 kalite kontrol standartlar\u0131n\u0131 takip eder.<\/p>\n<table>\n<tbody>\n<tr>\n<td><b>Attribute<\/b><\/td>\n<td><b>Ayr\u0131nt\u0131lar<\/b><\/td>\n<\/tr>\n<tr>\n<td><b>Brand<\/b><\/td>\n<td><span style=\"font-weight: 400;\">NOIS<\/span><\/td>\n<\/tr>\n<tr>\n<td><b>\u00dcr\u00fcn T\u00fcr\u00fc<\/b><\/td>\n<td><span style=\"font-weight: 400;\">T\u00fcm Beyaz Nikotin Po\u015fetleri<\/span><\/td>\n<\/tr>\n<tr>\n<td><b>Format<\/b><\/td>\n<td><span style=\"font-weight: 400;\">\u0130nce<\/span><\/td>\n<\/tr>\n<tr>\n<td><b>Aroma<\/b><\/td>\n<td><span style=\"font-weight: 400;\">Nane<\/span><\/td>\n<\/tr>\n<tr>\n<td><b>Nikotin G\u00fcc\u00fc<\/b><\/td>\n<td><span style=\"font-weight: 400;\">Po\u015fet ba\u015f\u0131na 4 mg\u00a0<\/span><\/td>\n<\/tr>\n<tr>\n<td><b>K\u0131s\u0131m A\u011f\u0131rl\u0131\u011f\u0131<\/b><\/td>\n<td><span style=\"font-weight: 400;\">0,5 gram<\/span><\/td>\n<\/tr>\n<tr>\n<td><b>K\u0131s\u0131m Say\u0131s\u0131<\/b><\/td>\n<td><span style=\"font-weight: 400;\">Kutu ba\u015f\u0131na 30<\/span><\/td>\n<\/tr>\n<tr>\n<td><b>Toplam Kutu A\u011f\u0131rl\u0131\u011f\u0131<\/b><\/td>\n<td><span style=\"font-weight: 400;\">15 gram<\/span><\/td>\n<\/tr>\n<tr>\n<td><b>\u00dcretici<\/b><\/td>\n<td><span style=\"font-weight: 400;\">HRJ Production O\u00dc<\/span><\/td>\n<\/tr>\n<tr>\n<td><b>Dikkate De\u011fer \u00d6zellikler<\/b><\/td>\n<td><span style=\"font-weight: 400;\">T\u00fct\u00fcn i\u00e7ermez, ince format<\/span><\/td>\n<\/tr>\n<\/tbody>\n<\/table>","protected":false},"excerpt":{"rendered":"<p data-start=\"991\" data-end=\"1124\">Nikotin po\u015fetli NOIS Extreme 4MG <strong data-start=\"1048\" data-end=\"1056\">Nane<\/strong> tad\u0131 ile <strong data-start=\"1067\" data-end=\"1075\">\u0130nce<\/strong> formatta. Her po\u015fet <strong data-start=\"1104\" data-end=\"1121\">4 mg nikotin<\/strong>.<\/p>","protected":false},"featured_media":65320,"comment_status":"open","ping_status":"closed","template":"","format":[206],"meta":{"_acf_changed":false},"product_brand":[],"product_cat":[127],"product_tag":[16585],"flavours":[199],"nicotine":[230,236],"class_list":{"0":"post-65358","1":"product","2":"type-product","3":"status-publish","4":"has-post-thumbnail","6":"product_cat-nois","7":"product_tag-4-mg-pouch","8":"pa_quantity-1-pack","9":"pa_quantity-10-pack","10":"pa_quantity-3-pack","11":"pa_quantity-30-pack","12":"pa_quantity-5-pack","13":"pa_quantity-60-pack","14":"flavours-mint","15":"format-slim","16":"nicotine-8-mg-g","17":"nicotine-strong","19":"first","20":"instock","21":"taxable","22":"shipping-taxable","23":"purchasable","24":"product-type-variable","25":"has-default-attributes"},"acf":[],"_links":{"self":[{"href":"https:\/\/whitelip.com\/tr\/wp-json\/wp\/v2\/product\/65358","targetHints":{"allow":["GET"]}}],"collection":[{"href":"https:\/\/whitelip.com\/tr\/wp-json\/wp\/v2\/product"}],"about":[{"href":"https:\/\/whitelip.com\/tr\/wp-json\/wp\/v2\/types\/product"}],"replies":[{"embeddable":true,"href":"https:\/\/whitelip.com\/tr\/wp-json\/wp\/v2\/comments?post=65358"}],"wp:featuredmedia":[{"embeddable":true,"href":"https:\/\/whitelip.com\/tr\/wp-json\/wp\/v2\/media\/65320"}],"wp:attachment":[{"href":"https:\/\/whitelip.com\/tr\/wp-json\/wp\/v2\/media?parent=65358"}],"wp:term":[{"taxonomy":"product_brand","embeddable":true,"href":"https:\/\/whitelip.com\/tr\/wp-json\/wp\/v2\/product_brand?post=65358"},{"taxonomy":"product_cat","embeddable":true,"href":"https:\/\/whitelip.com\/tr\/wp-json\/wp\/v2\/product_cat?post=65358"},{"taxonomy":"product_tag","embeddable":true,"href":"https:\/\/whitelip.com\/tr\/wp-json\/wp\/v2\/product_tag?post=65358"},{"taxonomy":"flavours","embeddable":true,"href":"https:\/\/whitelip.com\/tr\/wp-json\/wp\/v2\/flavours?post=65358"},{"taxonomy":"format","embeddable":true,"href":"https:\/\/whitelip.com\/tr\/wp-json\/wp\/v2\/format?post=65358"},{"taxonomy":"nicotine","embeddable":true,"href":"https:\/\/whitelip.com\/tr\/wp-json\/wp\/v2\/nicotine?post=65358"}],"curies":[{"name":"wp","href":"https:\/\/api.w.org\/{rel}","templated":true}]}}