{"id":65235,"date":"2026-02-02T10:46:27","date_gmt":"2026-02-02T10:46:27","guid":{"rendered":"https:\/\/whitelip.com\/?post_type=product&#038;p=65235"},"modified":"2026-05-08T10:11:44","modified_gmt":"2026-05-08T10:11:44","slug":"nois-blueberry-ice-4mg","status":"publish","type":"product","link":"https:\/\/whitelip.com\/tr\/nois\/nois-blueberry-ice-4mg\/","title":{"rendered":"NOIS Blueberry Ice 4mg"},"content":{"rendered":"<h2>NOIS Blueberry Ice 4mg<\/h2>\n<p data-start=\"283\" data-end=\"577\">NOIS Blueberry Ice 4MG, ince formatta blueberry ve menta aromal\u0131 nikotin po\u015feleridir. Aroma erken ortaya \u00e7\u0131kar ve keskin blueberry notlar\u0131n\u0131 serinletici mentol ile birle\u015ftirerek taze bir biti\u015f sa\u011flar. \u00dcr\u00fcn t\u00fct\u00fcns\u00fcz ve po\u015fe ba\u015f\u0131na d\u00fc\u015f\u00fck nikotin i\u00e7eri\u011fi ile tasarlanm\u0131\u015ft\u0131r.<\/p>\n<p data-start=\"579\" data-end=\"829\">Her po\u015fe 4 mg nikotin i\u00e7erir. Po\u015feler \u00fcst duda\u011f\u0131n alt\u0131na rahatl\u0131 ve ayr\u0131k yerle\u015fim i\u00e7in tasarlanm\u0131\u015f ince formatta \u00fcretilir. Bile\u015fim, t\u00fct\u00fcn i\u00e7eren \u00fcr\u00fcnlerle ili\u015fkili di\u015f de\u011fi\u015fmesini \u00f6nlemek i\u00e7in tasarlanm\u0131\u015ft\u0131r.<\/p>\n<p data-start=\"831\" data-end=\"959\">NOIS nikotin po\u015feleri HRJ Production O\u00dc taraf\u0131ndan Estonya'da \u00fcretilmektedir. \u00dcretim, kat\u0131 kalite kontrol standartlar\u0131n\u0131 takip eder.<\/p>\n<table>\n<tbody>\n<tr>\n<td><b>Attribute<\/b><\/td>\n<td><b>Ayr\u0131nt\u0131lar<\/b><\/td>\n<\/tr>\n<tr>\n<td><b>Brand<\/b><\/td>\n<td><span style=\"font-weight: 400;\">NOIS<\/span><\/td>\n<\/tr>\n<tr>\n<td><b>\u00dcr\u00fcn T\u00fcr\u00fc<\/b><\/td>\n<td><span style=\"font-weight: 400;\">T\u00fcm Beyaz Nikotin Po\u015fetleri<\/span><\/td>\n<\/tr>\n<tr>\n<td><b>Format<\/b><\/td>\n<td><span style=\"font-weight: 400;\">\u0130nce<\/span><\/td>\n<\/tr>\n<tr>\n<td><b>Aroma<\/b><\/td>\n<td><span style=\"font-weight: 400;\">Blueberry, menta<\/span><\/td>\n<\/tr>\n<tr>\n<td><b>Nikotin G\u00fcc\u00fc<\/b><\/td>\n<td><span style=\"font-weight: 400;\">Po\u015fet ba\u015f\u0131na 4 mg\u00a0<\/span><\/td>\n<\/tr>\n<tr>\n<td><b>K\u0131s\u0131m A\u011f\u0131rl\u0131\u011f\u0131<\/b><\/td>\n<td><span style=\"font-weight: 400;\">0,5 gram<\/span><\/td>\n<\/tr>\n<tr>\n<td><b>K\u0131s\u0131m Say\u0131s\u0131<\/b><\/td>\n<td><span style=\"font-weight: 400;\">Kutu ba\u015f\u0131na 30<\/span><\/td>\n<\/tr>\n<tr>\n<td><b>Toplam Kutu A\u011f\u0131rl\u0131\u011f\u0131<\/b><\/td>\n<td><span style=\"font-weight: 400;\">15 gram<\/span><\/td>\n<\/tr>\n<tr>\n<td><b>\u00dcretici<\/b><\/td>\n<td><span style=\"font-weight: 400;\">HRJ Production O\u00dc<\/span><\/td>\n<\/tr>\n<tr>\n<td><b>Dikkate De\u011fer \u00d6zellikler<\/b><\/td>\n<td><span style=\"font-weight: 400;\">T\u00fct\u00fcn i\u00e7ermez, ince format<\/span><\/td>\n<\/tr>\n<\/tbody>\n<\/table>","protected":false},"excerpt":{"rendered":"<p data-start=\"991\" data-end=\"1124\">NOIS Blueberry Ice 4MG nikotin po\u015feleri ile <strong data-start=\"1036\" data-end=\"1058\">Blueberry ve Mint<\/strong> tad\u0131 ile <strong data-start=\"1069\" data-end=\"1077\">\u0130nce<\/strong> formatta. Her po\u015fet <strong data-start=\"1106\" data-end=\"1123\">4 mg nikotin<\/strong>.<\/p>","protected":false},"featured_media":65263,"comment_status":"open","ping_status":"closed","template":"","format":[206],"meta":{"_acf_changed":false},"product_brand":[],"product_cat":[127],"product_tag":[16585],"flavours":[196,199],"nicotine":[230,236],"class_list":{"0":"post-65235","1":"product","2":"type-product","3":"status-publish","4":"has-post-thumbnail","6":"product_cat-nois","7":"product_tag-4-mg-pouch","8":"pa_quantity-1-pack","9":"pa_quantity-10-pack","10":"pa_quantity-2-pack","11":"pa_quantity-3-pack","12":"pa_quantity-30-pack","13":"pa_quantity-5-pack","14":"pa_quantity-60-pack","15":"flavours-fruits-berries","16":"flavours-mint","17":"format-slim","18":"nicotine-8-mg-g","19":"nicotine-strong","21":"first","22":"instock","23":"taxable","24":"shipping-taxable","25":"purchasable","26":"product-type-variable","27":"has-default-attributes"},"acf":[],"_links":{"self":[{"href":"https:\/\/whitelip.com\/tr\/wp-json\/wp\/v2\/product\/65235","targetHints":{"allow":["GET"]}}],"collection":[{"href":"https:\/\/whitelip.com\/tr\/wp-json\/wp\/v2\/product"}],"about":[{"href":"https:\/\/whitelip.com\/tr\/wp-json\/wp\/v2\/types\/product"}],"replies":[{"embeddable":true,"href":"https:\/\/whitelip.com\/tr\/wp-json\/wp\/v2\/comments?post=65235"}],"wp:featuredmedia":[{"embeddable":true,"href":"https:\/\/whitelip.com\/tr\/wp-json\/wp\/v2\/media\/65263"}],"wp:attachment":[{"href":"https:\/\/whitelip.com\/tr\/wp-json\/wp\/v2\/media?parent=65235"}],"wp:term":[{"taxonomy":"product_brand","embeddable":true,"href":"https:\/\/whitelip.com\/tr\/wp-json\/wp\/v2\/product_brand?post=65235"},{"taxonomy":"product_cat","embeddable":true,"href":"https:\/\/whitelip.com\/tr\/wp-json\/wp\/v2\/product_cat?post=65235"},{"taxonomy":"product_tag","embeddable":true,"href":"https:\/\/whitelip.com\/tr\/wp-json\/wp\/v2\/product_tag?post=65235"},{"taxonomy":"flavours","embeddable":true,"href":"https:\/\/whitelip.com\/tr\/wp-json\/wp\/v2\/flavours?post=65235"},{"taxonomy":"format","embeddable":true,"href":"https:\/\/whitelip.com\/tr\/wp-json\/wp\/v2\/format?post=65235"},{"taxonomy":"nicotine","embeddable":true,"href":"https:\/\/whitelip.com\/tr\/wp-json\/wp\/v2\/nicotine?post=65235"}],"curies":[{"name":"wp","href":"https:\/\/api.w.org\/{rel}","templated":true}]}}