{"id":65126,"date":"2026-02-02T08:55:43","date_gmt":"2026-02-02T08:55:43","guid":{"rendered":"https:\/\/whitelip.com\/?post_type=product&#038;p=65126"},"modified":"2026-05-09T10:11:19","modified_gmt":"2026-05-09T10:11:19","slug":"togo-straw-melonade","status":"publish","type":"product","link":"https:\/\/whitelip.com\/tr\/togo\/togo-straw-melonade\/","title":{"rendered":"TOGO Straw Melonade"},"content":{"rendered":"<h1>TOGO Straw Melonade<\/h1>\n<p data-start=\"257\" data-end=\"536\">TOGO Straw Melonade, \u00e7ilek, kavun ve limonata flavor kombinasyonuna sahip nikotin po\u015fetleridir. Flavor erken d\u00f6nemde sunulmakta olup, tatl\u0131 \u00e7ilek notlar\u0131 ile yumu\u015fak kavun ve limonatadan hafif sitrus karakterini birle\u015ftirmektedir. \u00dcr\u00fcn, Togo Nicotine AB taraf\u0131ndan \u00fcretilmektedir.<\/p>\n<p data-start=\"538\" data-end=\"706\">Her po\u015fet 0,6 gram a\u011f\u0131rl\u0131\u011f\u0131ndad\u0131r. Bir kutu, toplam i\u00e7eri\u011fi 12 gram olan 20 nikotin po\u015feti i\u00e7ermektedir. Nikotin i\u00e7eri\u011fi po\u015fet ba\u015f\u0131na 8 mg ve gram ba\u015f\u0131na 13,33 mg nikotindir.<\/p>\n<p data-start=\"708\" data-end=\"839\">TOGO Straw Melonade, TOGO nikotin po\u015feti serinin bir par\u00e7as\u0131d\u0131r ve dengeli bir meyve ve sitrus flavor profili ile geli\u015ftirilmi\u015ftir.<\/p>\n<table>\n<tbody>\n<tr>\n<td><b>Attribute<\/b><\/td>\n<td><b>Ayr\u0131nt\u0131lar<\/b><\/td>\n<\/tr>\n<tr>\n<td><span style=\"font-weight: 400;\">Kutu Ba\u015f\u0131na \u0130\u00e7erik<\/span><\/td>\n<td><span style=\"font-weight: 400;\">12g (20 po\u015fet)<\/span><\/td>\n<\/tr>\n<tr>\n<td><span style=\"font-weight: 400;\">Nikotin \u0130\u00e7eri\u011fi<\/span><\/td>\n<td><span style=\"font-weight: 400;\">po\u015fet ba\u015f\u0131na 8 mg<\/span><\/td>\n<\/tr>\n<tr>\n<td><span style=\"font-weight: 400;\">Po\u015fet Format\u0131<\/span><\/td>\n<td><span style=\"font-weight: 400;\">\u0130nce<\/span><\/td>\n<\/tr>\n<tr>\n<td><span style=\"font-weight: 400;\">\u00dcretici<\/span><\/td>\n<td><span style=\"font-weight: 400;\">TOGO Nicotine AB<\/span><\/td>\n<\/tr>\n<tr>\n<td><span style=\"font-weight: 400;\">Aroma<\/span><\/td>\n<td>\u00c7ilek, kavun, limonata<\/td>\n<\/tr>\n<tr>\n<td><span style=\"font-weight: 400;\">T\u00fcr<\/span><\/td>\n<td><span style=\"font-weight: 400;\">T\u00fcm beyaz po\u015fet, t\u00fct\u00fcns\u00fcz<\/span><\/td>\n<\/tr>\n<\/tbody>\n<\/table>","protected":false},"excerpt":{"rendered":"<p data-start=\"901\" data-end=\"1023\">TOGO Straw Melonade nikotin po\u015fetleri ile <strong data-start=\"913\" data-end=\"948\">\u00c7ilek, Kavun ve Limonata<\/strong> tatla. Her po\u015fet i\u00e7erir <strong data-start=\"977\" data-end=\"994\">8 mg nikotin<\/strong>.<\/p>","protected":false},"featured_media":65154,"comment_status":"open","ping_status":"closed","template":"","format":[206],"meta":{"_acf_changed":false},"product_brand":[],"product_cat":[13788],"product_tag":[16583],"flavours":[196],"nicotine":[210,232],"class_list":{"0":"post-65126","1":"product","2":"type-product","3":"status-publish","4":"has-post-thumbnail","6":"product_cat-togo","7":"product_tag-8-mg-pouch","8":"pa_quantity-1-pack","9":"pa_quantity-10-pack","10":"pa_quantity-3-pack","11":"pa_quantity-30-pack","12":"pa_quantity-5-pack","13":"pa_quantity-60-pack","14":"flavours-fruits-berries","15":"format-slim","16":"nicotine-13-mg-g","17":"nicotine-extra-strong","19":"first","20":"instock","21":"taxable","22":"shipping-taxable","23":"purchasable","24":"product-type-variable"},"acf":[],"_links":{"self":[{"href":"https:\/\/whitelip.com\/tr\/wp-json\/wp\/v2\/product\/65126","targetHints":{"allow":["GET"]}}],"collection":[{"href":"https:\/\/whitelip.com\/tr\/wp-json\/wp\/v2\/product"}],"about":[{"href":"https:\/\/whitelip.com\/tr\/wp-json\/wp\/v2\/types\/product"}],"replies":[{"embeddable":true,"href":"https:\/\/whitelip.com\/tr\/wp-json\/wp\/v2\/comments?post=65126"}],"wp:featuredmedia":[{"embeddable":true,"href":"https:\/\/whitelip.com\/tr\/wp-json\/wp\/v2\/media\/65154"}],"wp:attachment":[{"href":"https:\/\/whitelip.com\/tr\/wp-json\/wp\/v2\/media?parent=65126"}],"wp:term":[{"taxonomy":"product_brand","embeddable":true,"href":"https:\/\/whitelip.com\/tr\/wp-json\/wp\/v2\/product_brand?post=65126"},{"taxonomy":"product_cat","embeddable":true,"href":"https:\/\/whitelip.com\/tr\/wp-json\/wp\/v2\/product_cat?post=65126"},{"taxonomy":"product_tag","embeddable":true,"href":"https:\/\/whitelip.com\/tr\/wp-json\/wp\/v2\/product_tag?post=65126"},{"taxonomy":"flavours","embeddable":true,"href":"https:\/\/whitelip.com\/tr\/wp-json\/wp\/v2\/flavours?post=65126"},{"taxonomy":"format","embeddable":true,"href":"https:\/\/whitelip.com\/tr\/wp-json\/wp\/v2\/format?post=65126"},{"taxonomy":"nicotine","embeddable":true,"href":"https:\/\/whitelip.com\/tr\/wp-json\/wp\/v2\/nicotine?post=65126"}],"curies":[{"name":"wp","href":"https:\/\/api.w.org\/{rel}","templated":true}]}}