{"id":65096,"date":"2026-02-02T08:52:46","date_gmt":"2026-02-02T08:52:46","guid":{"rendered":"https:\/\/whitelip.com\/?post_type=product&#038;p=65096"},"modified":"2026-04-18T18:01:37","modified_gmt":"2026-04-18T18:01:37","slug":"togo-mighty-sour","status":"publish","type":"product","link":"https:\/\/whitelip.com\/tr\/togo\/togo-mighty-sour\/","title":{"rendered":"TOGO Mighty Sour"},"content":{"rendered":"<h1>TOGO Mighty Sour<\/h1>\n<p data-start=\"254\" data-end=\"552\">TOGO Mighty Sour, il\u00e7e \u00e7i\u00e7e\u011fi, elma ve limon flavor kombinasyonuna ve ek\u015fi profile sahip nikotin po\u015fetleridir. Flavor erken d\u00f6nemde sunulmakta olup, il\u00e7e \u00e7i\u00e7e\u011finden \u00e7i\u00e7eksi notlar\u0131 ile crisp elma ve limonden belirgin sitrus karakterini birle\u015ftirmektedir. \u00dcr\u00fcn, Togo Nicotine AB taraf\u0131ndan \u00fcretilmektedir.<\/p>\n<p data-start=\"554\" data-end=\"738\">Po\u015fetler her biri 0,6 gram olarak k\u0131sm\u0131 halindedir. Bir kutu, toplam i\u00e7eri\u011fi 12 gram olan 20 nikotin po\u015feti i\u00e7ermektedir. Nikotin i\u00e7eri\u011fi po\u015fet ba\u015f\u0131na 8 mg ve gram ba\u015f\u0131na 13,33 mg nikotindir.<\/p>\n<p data-start=\"740\" data-end=\"863\">TOGO Mighty Sour, TOGO nikotin po\u015feti serinin bir par\u00e7as\u0131d\u0131r ve a\u00e7\u0131k\u00e7a tan\u0131ml\u0131 bir ek\u015fi flavor profili ile geli\u015ftirilmi\u015ftir.<\/p>\n<table>\n<tbody>\n<tr>\n<td><b>Attribute<\/b><\/td>\n<td><b>Ayr\u0131nt\u0131lar<\/b><\/td>\n<\/tr>\n<tr>\n<td><span style=\"font-weight: 400;\">Kutu Ba\u015f\u0131na \u0130\u00e7erik<\/span><\/td>\n<td><span style=\"font-weight: 400;\">12g (20 po\u015fet)<\/span><\/td>\n<\/tr>\n<tr>\n<td><span style=\"font-weight: 400;\">Nikotin \u0130\u00e7eri\u011fi<\/span><\/td>\n<td><span style=\"font-weight: 400;\">po\u015fet ba\u015f\u0131na 8 mg<\/span><\/td>\n<\/tr>\n<tr>\n<td><span style=\"font-weight: 400;\">Po\u015fet Format\u0131<\/span><\/td>\n<td><span style=\"font-weight: 400;\">\u0130nce<\/span><\/td>\n<\/tr>\n<tr>\n<td><span style=\"font-weight: 400;\">\u00dcretici<\/span><\/td>\n<td><span style=\"font-weight: 400;\">TOGO Nicotine AB<\/span><\/td>\n<\/tr>\n<tr>\n<td><span style=\"font-weight: 400;\">Aroma<\/span><\/td>\n<td>\u0130l\u00e7e \u00e7i\u00e7e\u011fi, elma, limon<\/td>\n<\/tr>\n<tr>\n<td><span style=\"font-weight: 400;\">T\u00fcr<\/span><\/td>\n<td><span style=\"font-weight: 400;\">T\u00fcm beyaz po\u015fet, t\u00fct\u00fcns\u00fcz<\/span><\/td>\n<\/tr>\n<\/tbody>\n<\/table>","protected":false},"excerpt":{"rendered":"<p data-start=\"901\" data-end=\"1023\">TOGO Mighty Sour nikotin po\u015fetleri ile <strong data-start=\"934\" data-end=\"966\">\u0130l\u00e7e \u00c7i\u00e7e\u011fi, Elma ve Limon<\/strong> tatla. Her po\u015fet i\u00e7erir <strong data-start=\"995\" data-end=\"1012\">8 mg nikotin<\/strong>.<\/p>","protected":false},"featured_media":65125,"comment_status":"open","ping_status":"closed","template":"","format":[206],"meta":{"_acf_changed":false},"product_brand":[],"product_cat":[13788],"product_tag":[16583],"flavours":[190,195],"nicotine":[210,232],"class_list":{"0":"post-65096","1":"product","2":"type-product","3":"status-publish","4":"has-post-thumbnail","6":"product_cat-togo","7":"product_tag-8-mg-pouch","8":"pa_quantity-1-pack","9":"pa_quantity-10-pack","10":"pa_quantity-3-pack","11":"pa_quantity-30-pack","12":"pa_quantity-5-pack","13":"pa_quantity-60-pack","14":"flavours-citrus","15":"flavours-flower","16":"format-slim","17":"nicotine-13-mg-g","18":"nicotine-extra-strong","20":"first","21":"instock","22":"taxable","23":"shipping-taxable","24":"purchasable","25":"product-type-variable"},"acf":[],"_links":{"self":[{"href":"https:\/\/whitelip.com\/tr\/wp-json\/wp\/v2\/product\/65096","targetHints":{"allow":["GET"]}}],"collection":[{"href":"https:\/\/whitelip.com\/tr\/wp-json\/wp\/v2\/product"}],"about":[{"href":"https:\/\/whitelip.com\/tr\/wp-json\/wp\/v2\/types\/product"}],"replies":[{"embeddable":true,"href":"https:\/\/whitelip.com\/tr\/wp-json\/wp\/v2\/comments?post=65096"}],"wp:featuredmedia":[{"embeddable":true,"href":"https:\/\/whitelip.com\/tr\/wp-json\/wp\/v2\/media\/65125"}],"wp:attachment":[{"href":"https:\/\/whitelip.com\/tr\/wp-json\/wp\/v2\/media?parent=65096"}],"wp:term":[{"taxonomy":"product_brand","embeddable":true,"href":"https:\/\/whitelip.com\/tr\/wp-json\/wp\/v2\/product_brand?post=65096"},{"taxonomy":"product_cat","embeddable":true,"href":"https:\/\/whitelip.com\/tr\/wp-json\/wp\/v2\/product_cat?post=65096"},{"taxonomy":"product_tag","embeddable":true,"href":"https:\/\/whitelip.com\/tr\/wp-json\/wp\/v2\/product_tag?post=65096"},{"taxonomy":"flavours","embeddable":true,"href":"https:\/\/whitelip.com\/tr\/wp-json\/wp\/v2\/flavours?post=65096"},{"taxonomy":"format","embeddable":true,"href":"https:\/\/whitelip.com\/tr\/wp-json\/wp\/v2\/format?post=65096"},{"taxonomy":"nicotine","embeddable":true,"href":"https:\/\/whitelip.com\/tr\/wp-json\/wp\/v2\/nicotine?post=65096"}],"curies":[{"name":"wp","href":"https:\/\/api.w.org\/{rel}","templated":true}]}}