{"id":65067,"date":"2026-02-02T08:47:28","date_gmt":"2026-02-02T08:47:28","guid":{"rendered":"https:\/\/whitelip.com\/?post_type=product&#038;p=65067"},"modified":"2026-05-11T10:11:49","modified_gmt":"2026-05-11T10:11:49","slug":"togo-pommie-orange","status":"publish","type":"product","link":"https:\/\/whitelip.com\/tr\/togo\/togo-pommie-orange\/","title":{"rendered":"TOGO Pommie Orange"},"content":{"rendered":"<h2>TOGO Pommie Orange<\/h2>\n<p data-start=\"295\" data-end=\"531\">TOGO Pommie Orange, nar ve portakal flavoruna sahip nikotin po\u015fetleridir. Flavor erken d\u00f6nemde sunulmakta olup, tatl\u0131 nar notlar\u0131 ile portakaldan net sitrus karakterini birle\u015ftirmektedir. \u00dcr\u00fcn, Togo Nicotine AB taraf\u0131ndan \u00fcretilmektedir.<\/p>\n<p data-start=\"533\" data-end=\"748\">Po\u015fetler slim formatta sunulmakta olup, her po\u015fet 0,6 gram a\u011f\u0131rl\u0131\u011f\u0131ndad\u0131r. Bir kutu, toplam i\u00e7eri\u011fi 12 gram olan 20 nikotin po\u015feti i\u00e7ermektedir. Nikotin i\u00e7eri\u011fi po\u015fet ba\u015f\u0131na 8 mg ve gram ba\u015f\u0131na 13,33 mg nikotindir.<\/p>\n<p data-start=\"750\" data-end=\"880\">TOGO Pommie Orange, TOGO nikotin po\u015feti serinin bir par\u00e7as\u0131d\u0131r ve dengeli bir meyve ve sitrus flavor profili ile geli\u015ftirilmi\u015ftir.<\/p>\n<table>\n<tbody>\n<tr>\n<td><b>Attribute<\/b><\/td>\n<td><b>Ayr\u0131nt\u0131lar<\/b><\/td>\n<\/tr>\n<tr>\n<td><span style=\"font-weight: 400;\">Kutu Ba\u015f\u0131na \u0130\u00e7erik<\/span><\/td>\n<td><span style=\"font-weight: 400;\">12g (20 po\u015fet)<\/span><\/td>\n<\/tr>\n<tr>\n<td><span style=\"font-weight: 400;\">Nikotin \u0130\u00e7eri\u011fi<\/span><\/td>\n<td><span style=\"font-weight: 400;\">po\u015fet ba\u015f\u0131na 8 mg<\/span><\/td>\n<\/tr>\n<tr>\n<td><span style=\"font-weight: 400;\">Po\u015fet Format\u0131<\/span><\/td>\n<td><span style=\"font-weight: 400;\">\u0130nce<\/span><\/td>\n<\/tr>\n<tr>\n<td><span style=\"font-weight: 400;\">\u00dcretici<\/span><\/td>\n<td><span style=\"font-weight: 400;\">TOGO Nicotine AB<\/span><\/td>\n<\/tr>\n<tr>\n<td><span style=\"font-weight: 400;\">Aroma<\/span><\/td>\n<td>Nar, portakal<\/td>\n<\/tr>\n<tr>\n<td><span style=\"font-weight: 400;\">T\u00fcr<\/span><\/td>\n<td><span style=\"font-weight: 400;\">T\u00fcm beyaz po\u015fet, t\u00fct\u00fcns\u00fcz<\/span><\/td>\n<\/tr>\n<\/tbody>\n<\/table>","protected":false},"excerpt":{"rendered":"<p data-start=\"901\" data-end=\"1023\">TOGO Pommie Orange nikotin po\u015fetleri ile <strong data-start=\"953\" data-end=\"979\">Nar ve Portakal<\/strong> tatla. Her po\u015fet i\u00e7erir <strong data-start=\"1008\" data-end=\"1025\">8 mg nikotin<\/strong>.<\/p>","protected":false},"featured_media":65095,"comment_status":"open","ping_status":"closed","template":"","format":[206],"meta":{"_acf_changed":false},"product_brand":[],"product_cat":[13788],"product_tag":[16583],"flavours":[196],"nicotine":[210,232],"class_list":{"0":"post-65067","1":"product","2":"type-product","3":"status-publish","4":"has-post-thumbnail","6":"product_cat-togo","7":"product_tag-8-mg-pouch","8":"pa_quantity-1-pack","9":"pa_quantity-10-pack","10":"pa_quantity-3-pack","11":"pa_quantity-30-pack","12":"pa_quantity-5-pack","13":"pa_quantity-60-pack","14":"flavours-fruits-berries","15":"format-slim","16":"nicotine-13-mg-g","17":"nicotine-extra-strong","19":"first","20":"instock","21":"taxable","22":"shipping-taxable","23":"purchasable","24":"product-type-variable"},"acf":[],"_links":{"self":[{"href":"https:\/\/whitelip.com\/tr\/wp-json\/wp\/v2\/product\/65067","targetHints":{"allow":["GET"]}}],"collection":[{"href":"https:\/\/whitelip.com\/tr\/wp-json\/wp\/v2\/product"}],"about":[{"href":"https:\/\/whitelip.com\/tr\/wp-json\/wp\/v2\/types\/product"}],"replies":[{"embeddable":true,"href":"https:\/\/whitelip.com\/tr\/wp-json\/wp\/v2\/comments?post=65067"}],"wp:featuredmedia":[{"embeddable":true,"href":"https:\/\/whitelip.com\/tr\/wp-json\/wp\/v2\/media\/65095"}],"wp:attachment":[{"href":"https:\/\/whitelip.com\/tr\/wp-json\/wp\/v2\/media?parent=65067"}],"wp:term":[{"taxonomy":"product_brand","embeddable":true,"href":"https:\/\/whitelip.com\/tr\/wp-json\/wp\/v2\/product_brand?post=65067"},{"taxonomy":"product_cat","embeddable":true,"href":"https:\/\/whitelip.com\/tr\/wp-json\/wp\/v2\/product_cat?post=65067"},{"taxonomy":"product_tag","embeddable":true,"href":"https:\/\/whitelip.com\/tr\/wp-json\/wp\/v2\/product_tag?post=65067"},{"taxonomy":"flavours","embeddable":true,"href":"https:\/\/whitelip.com\/tr\/wp-json\/wp\/v2\/flavours?post=65067"},{"taxonomy":"format","embeddable":true,"href":"https:\/\/whitelip.com\/tr\/wp-json\/wp\/v2\/format?post=65067"},{"taxonomy":"nicotine","embeddable":true,"href":"https:\/\/whitelip.com\/tr\/wp-json\/wp\/v2\/nicotine?post=65067"}],"curies":[{"name":"wp","href":"https:\/\/api.w.org\/{rel}","templated":true}]}}