{"id":65049,"date":"2026-02-02T08:35:48","date_gmt":"2026-02-02T08:35:48","guid":{"rendered":"https:\/\/whitelip.com\/?post_type=product&#038;p=65049"},"modified":"2026-04-10T03:06:52","modified_gmt":"2026-04-10T03:06:52","slug":"denssi-spearmint-zeronic","status":"publish","type":"product","link":"https:\/\/whitelip.com\/tr\/uncategorized\/denssi-spearmint-zeronic\/","title":{"rendered":"Denssi Spearmint Zeronic"},"content":{"rendered":"<p data-start=\"276\" data-end=\"518\">DENSSI Spearmint Zeronic, nane tat profiliyle nikotinsiz po\u015fetlerdir. Tat erken tan\u0131t\u0131lm\u0131\u015f olup, a\u00e7\u0131k ve uzun \u00f6m\u00fcrl\u00fc bir nane karakterine sahiptir. \u00dcr\u00fcn nikotin i\u00e7ermez ve DENSSI markas\u0131 alt\u0131nda Avrupa'da \u00fcretilmi\u015ftir.<\/p>\n<p data-start=\"520\" data-end=\"882\">Po\u015fetler, nikotin kullan\u0131m\u0131 olmadan tan\u0131d\u0131k bir po\u015fet duygusu sa\u011flamak i\u00e7in tasarlanm\u0131\u015ft\u0131r. Her po\u015fet yakla\u015f\u0131k 0,7 gram veya \u0130sve\u00e7 ve Finlandiya'da 0,5 gram a\u011f\u0131rl\u0131\u011f\u0131ndad\u0131r. Bir kutu yakla\u015f\u0131k 20 po\u015fet i\u00e7erir. \u00dcr\u00fcn, nikotinsiz kal\u0131rken Denssi po\u015fetleriyle ili\u015fkili tan\u0131d\u0131k duyguyu taklit etmek amac\u0131yla tasarlanm\u0131\u015f kimyasal olarak de\u011fi\u015ftirilmi\u015f bir bile\u015fik kullan\u0131r.<\/p>\n<p data-start=\"884\" data-end=\"1028\">DENSSI Spearmint Zeronic, DENSSI nikotinsiz po\u015fet yelpazesinin bir par\u00e7as\u0131d\u0131r ve nikotin olmadan tat ve yo\u011funlu\u011fu sunmak i\u00e7in geli\u015ftirilmi\u015ftir.<\/p>\n<table style=\"height: 395px;\" width=\"375\">\n<tbody>\n<tr>\n<td><b>Attribute<\/b><\/td>\n<td><b>Ayr\u0131nt\u0131lar<\/b><\/td>\n<\/tr>\n<tr>\n<td><b>Brand<\/b><\/td>\n<td>Denssi<\/td>\n<\/tr>\n<tr>\n<td><b>\u00dcr\u00fcn T\u00fcr\u00fc<\/b><\/td>\n<td><span style=\"font-weight: 400;\">Tamam\u0131 Beyaz Po\u015fetler<\/span><\/td>\n<\/tr>\n<tr>\n<td><b>Format<\/b><\/td>\n<td>\u0130nce<\/td>\n<\/tr>\n<tr>\n<td><b>Aroma<\/b><\/td>\n<td>Nane<\/td>\n<\/tr>\n<tr>\n<td><b>\u00dcretici<\/b><\/td>\n<td><span style=\"font-weight: 400;\">Denssi<\/span><\/td>\n<\/tr>\n<tr>\n<td><b>K\u0131s\u0131m Say\u0131s\u0131<\/b><\/td>\n<td><span style=\"font-weight: 400;\">kutu ba\u015f\u0131na 20<\/span><\/td>\n<\/tr>\n<tr>\n<td><b>Dikkate De\u011fer \u00d6zellikler<\/b><\/td>\n<td><span style=\"font-weight: 400;\">Tutun i\u00e7ermez, Nikotinsiz<\/span><\/td>\n<\/tr>\n<tr>\n<td><\/td>\n<td><\/td>\n<\/tr>\n<tr>\n<td><\/td>\n<td><\/td>\n<\/tr>\n<tr>\n<td><\/td>\n<td><\/td>\n<\/tr>\n<\/tbody>\n<\/table>","protected":false},"excerpt":{"rendered":"<p data-start=\"1185\" data-end=\"1369\">DENSSI Spearmint Zeronic nikotinsiz po\u015fetler <strong data-start=\"1112\" data-end=\"1125\">Nane<\/strong> lezzet.<\/p>","protected":false},"featured_media":65065,"comment_status":"open","ping_status":"closed","template":"","format":[206],"meta":{"_acf_changed":false},"product_brand":[],"product_cat":[15],"product_tag":[],"flavours":[199],"nicotine":[242],"class_list":{"0":"post-65049","1":"product","2":"type-product","3":"status-publish","4":"has-post-thumbnail","6":"product_cat-uncategorized","7":"pa_quantity-1-pack","8":"pa_quantity-10-pack","9":"pa_quantity-3-pack","10":"pa_quantity-30-pack","11":"pa_quantity-5-pack","12":"pa_quantity-60-pack","13":"flavours-mint","14":"format-slim","15":"nicotine-0-mg-g","17":"first","18":"instock","19":"taxable","20":"shipping-taxable","21":"purchasable","22":"product-type-variable"},"acf":[],"_links":{"self":[{"href":"https:\/\/whitelip.com\/tr\/wp-json\/wp\/v2\/product\/65049","targetHints":{"allow":["GET"]}}],"collection":[{"href":"https:\/\/whitelip.com\/tr\/wp-json\/wp\/v2\/product"}],"about":[{"href":"https:\/\/whitelip.com\/tr\/wp-json\/wp\/v2\/types\/product"}],"replies":[{"embeddable":true,"href":"https:\/\/whitelip.com\/tr\/wp-json\/wp\/v2\/comments?post=65049"}],"wp:featuredmedia":[{"embeddable":true,"href":"https:\/\/whitelip.com\/tr\/wp-json\/wp\/v2\/media\/65065"}],"wp:attachment":[{"href":"https:\/\/whitelip.com\/tr\/wp-json\/wp\/v2\/media?parent=65049"}],"wp:term":[{"taxonomy":"product_brand","embeddable":true,"href":"https:\/\/whitelip.com\/tr\/wp-json\/wp\/v2\/product_brand?post=65049"},{"taxonomy":"product_cat","embeddable":true,"href":"https:\/\/whitelip.com\/tr\/wp-json\/wp\/v2\/product_cat?post=65049"},{"taxonomy":"product_tag","embeddable":true,"href":"https:\/\/whitelip.com\/tr\/wp-json\/wp\/v2\/product_tag?post=65049"},{"taxonomy":"flavours","embeddable":true,"href":"https:\/\/whitelip.com\/tr\/wp-json\/wp\/v2\/flavours?post=65049"},{"taxonomy":"format","embeddable":true,"href":"https:\/\/whitelip.com\/tr\/wp-json\/wp\/v2\/format?post=65049"},{"taxonomy":"nicotine","embeddable":true,"href":"https:\/\/whitelip.com\/tr\/wp-json\/wp\/v2\/nicotine?post=65049"}],"curies":[{"name":"wp","href":"https:\/\/api.w.org\/{rel}","templated":true}]}}