{"id":65032,"date":"2026-02-02T08:27:35","date_gmt":"2026-02-02T08:27:35","guid":{"rendered":"https:\/\/whitelip.com\/?post_type=product&#038;p=65032"},"modified":"2026-04-01T18:49:21","modified_gmt":"2026-04-01T18:49:21","slug":"denssi-watermelon-freeze-zeronic","status":"publish","type":"product","link":"https:\/\/whitelip.com\/tr\/uncategorized\/denssi-watermelon-freeze-zeronic\/","title":{"rendered":"Denssi Watermelon Freeze Zeronic"},"content":{"rendered":"<p data-start=\"291\" data-end=\"585\">DENSSI Watermelon Freeze Zeronic, karpuz tat ve so\u011futma freeze karakteriyle nikotinsiz po\u015fetlerdir. Tat erken tan\u0131t\u0131lm\u0131\u015f olup, meyveli karpuz ile belirgin bir so\u011futma duygusu birle\u015ftirir. \u00dcr\u00fcn nikotin i\u00e7ermez ve DENSSI markas\u0131 alt\u0131nda Avrupa'da \u00fcretilmi\u015ftir.<\/p>\n<p data-start=\"587\" data-end=\"929\">Po\u015fetler, nikotin kullan\u0131m\u0131 olmadan sabit bir tat sal\u0131n\u0131m\u0131 sa\u011flamak i\u00e7in tasarlanm\u0131\u015ft\u0131r. Her po\u015fet yakla\u015f\u0131k 0,7 gram veya \u0130sve\u00e7 ve Finlandiya'da 0,5 gram a\u011f\u0131rl\u0131\u011f\u0131ndad\u0131r. Bir kutu yakla\u015f\u0131k 20 po\u015fet i\u00e7erir. \u00dcr\u00fcn, tamamen nikotinsiz kal\u0131rken tan\u0131d\u0131k bir po\u015fet duygusu sa\u011flamak amac\u0131yla yeniden tasarlanm\u0131\u015f bir bile\u015fik kullan\u0131r.<\/p>\n<p data-start=\"931\" data-end=\"1090\">DENSSI Watermelon Freeze Zeronic, DENSSI nikotinsiz po\u015fet yelpazesinin bir par\u00e7as\u0131d\u0131r ve nikotin olmadan tat ve yo\u011funlu\u011fu arayan kullan\u0131c\u0131lar i\u00e7in geli\u015ftirilmi\u015ftir.<\/p>\n<table style=\"height: 395px;\" width=\"375\">\n<tbody>\n<tr>\n<td><b>Attribute<\/b><\/td>\n<td><b>Ayr\u0131nt\u0131lar<\/b><\/td>\n<\/tr>\n<tr>\n<td><b>Brand<\/b><\/td>\n<td>Denssi<\/td>\n<\/tr>\n<tr>\n<td><b>\u00dcr\u00fcn T\u00fcr\u00fc<\/b><\/td>\n<td><span style=\"font-weight: 400;\">Tamam\u0131 Beyaz Po\u015fetler<\/span><\/td>\n<\/tr>\n<tr>\n<td><b>Format<\/b><\/td>\n<td>\u0130nce<\/td>\n<\/tr>\n<tr>\n<td><b>Aroma<\/b><\/td>\n<td>Karpuz<\/td>\n<\/tr>\n<tr>\n<td><b>\u00dcretici<\/b><\/td>\n<td><span style=\"font-weight: 400;\">Denssi<\/span><\/td>\n<\/tr>\n<tr>\n<td><b>K\u0131s\u0131m Say\u0131s\u0131<\/b><\/td>\n<td><span style=\"font-weight: 400;\">kutu ba\u015f\u0131na 20<\/span><\/td>\n<\/tr>\n<tr>\n<td><b>Dikkate De\u011fer \u00d6zellikler<\/b><\/td>\n<td><span style=\"font-weight: 400;\">Tutun i\u00e7ermez, Nikotinsiz<\/span><\/td>\n<\/tr>\n<tr>\n<td><\/td>\n<td><\/td>\n<\/tr>\n<tr>\n<td><\/td>\n<td><\/td>\n<\/tr>\n<tr>\n<td><\/td>\n<td><\/td>\n<\/tr>\n<\/tbody>\n<\/table>","protected":false},"excerpt":{"rendered":"<p data-start=\"1185\" data-end=\"1369\">DENSSI Watermelon Freeze Zeronic nikotinsiz po\u015fetler <strong data-start=\"1182\" data-end=\"1196\">Karpuz<\/strong> tat ve so\u011futma karakteri.<\/p>","protected":false},"featured_media":65048,"comment_status":"open","ping_status":"closed","template":"","format":[206],"meta":{"_acf_changed":false},"product_brand":[],"product_cat":[15],"product_tag":[],"flavours":[196],"nicotine":[242],"class_list":{"0":"post-65032","1":"product","2":"type-product","3":"status-publish","4":"has-post-thumbnail","6":"product_cat-uncategorized","7":"pa_quantity-1-pack","8":"pa_quantity-10-pack","9":"pa_quantity-3-pack","10":"pa_quantity-30-pack","11":"pa_quantity-5-pack","12":"pa_quantity-60-pack","13":"flavours-fruits-berries","14":"format-slim","15":"nicotine-0-mg-g","17":"first","18":"instock","19":"taxable","20":"shipping-taxable","21":"purchasable","22":"product-type-variable"},"acf":[],"_links":{"self":[{"href":"https:\/\/whitelip.com\/tr\/wp-json\/wp\/v2\/product\/65032","targetHints":{"allow":["GET"]}}],"collection":[{"href":"https:\/\/whitelip.com\/tr\/wp-json\/wp\/v2\/product"}],"about":[{"href":"https:\/\/whitelip.com\/tr\/wp-json\/wp\/v2\/types\/product"}],"replies":[{"embeddable":true,"href":"https:\/\/whitelip.com\/tr\/wp-json\/wp\/v2\/comments?post=65032"}],"wp:featuredmedia":[{"embeddable":true,"href":"https:\/\/whitelip.com\/tr\/wp-json\/wp\/v2\/media\/65048"}],"wp:attachment":[{"href":"https:\/\/whitelip.com\/tr\/wp-json\/wp\/v2\/media?parent=65032"}],"wp:term":[{"taxonomy":"product_brand","embeddable":true,"href":"https:\/\/whitelip.com\/tr\/wp-json\/wp\/v2\/product_brand?post=65032"},{"taxonomy":"product_cat","embeddable":true,"href":"https:\/\/whitelip.com\/tr\/wp-json\/wp\/v2\/product_cat?post=65032"},{"taxonomy":"product_tag","embeddable":true,"href":"https:\/\/whitelip.com\/tr\/wp-json\/wp\/v2\/product_tag?post=65032"},{"taxonomy":"flavours","embeddable":true,"href":"https:\/\/whitelip.com\/tr\/wp-json\/wp\/v2\/flavours?post=65032"},{"taxonomy":"format","embeddable":true,"href":"https:\/\/whitelip.com\/tr\/wp-json\/wp\/v2\/format?post=65032"},{"taxonomy":"nicotine","embeddable":true,"href":"https:\/\/whitelip.com\/tr\/wp-json\/wp\/v2\/nicotine?post=65032"}],"curies":[{"name":"wp","href":"https:\/\/api.w.org\/{rel}","templated":true}]}}