{"id":64104,"date":"2026-01-26T12:58:44","date_gmt":"2026-01-26T12:58:44","guid":{"rendered":"https:\/\/whitelip.com\/?post_type=product&#038;p=64104"},"modified":"2026-05-09T10:11:19","modified_gmt":"2026-05-09T10:11:19","slug":"killa-flash-melon","status":"publish","type":"product","link":"https:\/\/whitelip.com\/tr\/killa\/killa-flash-melon\/","title":{"rendered":"KILLA Flash Kavun"},"content":{"rendered":"<h2>KILLA Flash Kavun<\/h2>\n<p data-start=\"263\" data-end=\"483\">KILLA Melon, kavun aromal\u0131 nikotin po\u015fetleridir. Aroma erkene tan\u0131t\u0131lm\u0131\u015f ve net bir kavun karakterine sahiptir hafif tat\u0131l\u0131l\u0131k ile. \u00dcr\u00fcn t\u00fct\u00fcns\u00fczd\u00fcr ve Danimarka'da N.G.P Tobacco ApS taraf\u0131ndan \u00fcretilmi\u015ftir. Po\u015fetler beyaz nikotin po\u015fetleri olarak \u00fcretilmektedir. Nikotin i\u00e7eri\u011fi gram ba\u015f\u0131na 5 mg nikotin olarak belirtilmi\u015ftir. Kutu ba\u015f\u0131na toplam net a\u011f\u0131rl\u0131k 24 gramd\u0131r. \u00dcr\u00fcn su, sel\u00fcloz, asitlik d\u00fczenleyicileri, nemlendiriciler, do\u011fal tatland\u0131r\u0131c\u0131 ajanlar, nikotin ve koruyucular kullan\u0131larak form\u00fcle edilmi\u015ftir. KILLA Melon, KILLA t\u00fct\u00fcns\u00fcz nikotin po\u015fetleri serisinin par\u00e7as\u0131d\u0131r ve gram ba\u015f\u0131na daha d\u00fc\u015f\u00fck nikotin i\u00e7eri\u011fi ile \u00fcretilmi\u015ftir.<\/p>\n<table>\n<tbody>\n<tr>\n<td><b>Attribute<\/b><\/td>\n<td><b>Ayr\u0131nt\u0131lar<\/b><\/td>\n<\/tr>\n<tr>\n<td><span style=\"font-weight: 400;\">Kutu Ba\u015f\u0131na \u0130\u00e7erik<\/span><\/td>\n<td><span style=\"font-weight: 400;\">24g (20 po\u015fet)<\/span><\/td>\n<\/tr>\n<tr>\n<td><span style=\"font-weight: 400;\">Nikotin \u0130\u00e7eri\u011fi<\/span><\/td>\n<td><span style=\"font-weight: 400;\">5 mg\/g (po\u015fet ba\u015f\u0131na 4 mg)<\/span><\/td>\n<\/tr>\n<tr>\n<td><span style=\"font-weight: 400;\">Po\u015fet Format\u0131<\/span><\/td>\n<td><span style=\"font-weight: 400;\">\u0130nce<\/span><\/td>\n<\/tr>\n<tr>\n<td><span style=\"font-weight: 400;\">\u00dcretici<\/span><\/td>\n<td><span style=\"font-weight: 400;\">N.G.P Empire<\/span><\/td>\n<\/tr>\n<tr>\n<td><span style=\"font-weight: 400;\">Aroma<\/span><\/td>\n<td><span style=\"font-weight: 400;\">Melon<\/span><\/td>\n<\/tr>\n<tr>\n<td><span style=\"font-weight: 400;\">T\u00fcr<\/span><\/td>\n<td><span style=\"font-weight: 400;\">T\u00fcm beyaz po\u015fet, t\u00fct\u00fcns\u00fcz<\/span><\/td>\n<\/tr>\n<\/tbody>\n<\/table>","protected":false},"excerpt":{"rendered":"<p>KILLA Melon nikotin po\u015fetleri ile <strong data-start=\"975\" data-end=\"984\">Melon<\/strong> aromas\u0131 ile. Nikotin i\u00e7eri\u011fi <strong data-start=\"1013\" data-end=\"1030\">gram ba\u015f\u0131na 5 mg<\/strong>.<\/p>","protected":false},"featured_media":64128,"comment_status":"open","ping_status":"closed","template":"","format":[206],"meta":{"_acf_changed":false},"product_brand":[],"product_cat":[64],"product_tag":[16585],"flavours":[196],"nicotine":[224,234],"class_list":{"0":"post-64104","1":"product","2":"type-product","3":"status-publish","4":"has-post-thumbnail","6":"product_cat-killa","7":"product_tag-4-mg-pouch","8":"pa_quantity-1-pack","9":"pa_quantity-10-pack","10":"pa_quantity-3-pack","11":"pa_quantity-30-pack","12":"pa_quantity-5-pack","13":"pa_quantity-60-pack","14":"flavours-fruits-berries","15":"format-slim","16":"nicotine-4-mg-g","17":"nicotine-mild","19":"first","20":"outofstock","21":"taxable","22":"shipping-taxable","23":"purchasable","24":"product-type-variable"},"acf":[],"_links":{"self":[{"href":"https:\/\/whitelip.com\/tr\/wp-json\/wp\/v2\/product\/64104","targetHints":{"allow":["GET"]}}],"collection":[{"href":"https:\/\/whitelip.com\/tr\/wp-json\/wp\/v2\/product"}],"about":[{"href":"https:\/\/whitelip.com\/tr\/wp-json\/wp\/v2\/types\/product"}],"replies":[{"embeddable":true,"href":"https:\/\/whitelip.com\/tr\/wp-json\/wp\/v2\/comments?post=64104"}],"wp:featuredmedia":[{"embeddable":true,"href":"https:\/\/whitelip.com\/tr\/wp-json\/wp\/v2\/media\/64128"}],"wp:attachment":[{"href":"https:\/\/whitelip.com\/tr\/wp-json\/wp\/v2\/media?parent=64104"}],"wp:term":[{"taxonomy":"product_brand","embeddable":true,"href":"https:\/\/whitelip.com\/tr\/wp-json\/wp\/v2\/product_brand?post=64104"},{"taxonomy":"product_cat","embeddable":true,"href":"https:\/\/whitelip.com\/tr\/wp-json\/wp\/v2\/product_cat?post=64104"},{"taxonomy":"product_tag","embeddable":true,"href":"https:\/\/whitelip.com\/tr\/wp-json\/wp\/v2\/product_tag?post=64104"},{"taxonomy":"flavours","embeddable":true,"href":"https:\/\/whitelip.com\/tr\/wp-json\/wp\/v2\/flavours?post=64104"},{"taxonomy":"format","embeddable":true,"href":"https:\/\/whitelip.com\/tr\/wp-json\/wp\/v2\/format?post=64104"},{"taxonomy":"nicotine","embeddable":true,"href":"https:\/\/whitelip.com\/tr\/wp-json\/wp\/v2\/nicotine?post=64104"}],"curies":[{"name":"wp","href":"https:\/\/api.w.org\/{rel}","templated":true}]}}