{"id":63846,"date":"2026-01-26T09:55:57","date_gmt":"2026-01-26T09:55:57","guid":{"rendered":"https:\/\/whitelip.com\/?post_type=product&#038;p=63846"},"modified":"2026-05-06T10:11:31","modified_gmt":"2026-05-06T10:11:31","slug":"fumi-spearmint-ultra-strong","status":"publish","type":"product","link":"https:\/\/whitelip.com\/tr\/fumi\/fumi-spearmint-ultra-strong\/","title":{"rendered":"FUMi Yarpuz Ultra G\u00fc\u00e7l\u00fc"},"content":{"rendered":"<h2>FUMi Yarpuz Ultra G\u00fc\u00e7l\u00fc<\/h2>\n<p data-start=\"237\" data-end=\"479\">FUMi Spearmint Ultra Strong, ince formatta spearmint lezzeti i\u00e7eren nikotin po\u015flar\u0131d\u0131r. Lezzet erken sunulur ve net bir spearmint karakterine sahiptir. \u00dcr\u00fcn t\u00fct\u00fcns\u00fczd\u00fcr ve Helix Sweden taraf\u0131ndan FUMi markas\u0131 alt\u0131nda \u00fcretilmi\u015ftir. Po\u015flar dar tasar\u0131mla ince formatta sunulur. Her kutuda 20 nikotin po\u015fu vard\u0131r. Nikotin i\u00e7eri\u011fi po\u015f ba\u015f\u0131na 15 mg ve gram ba\u015f\u0131na 21,4 mg nikotindir. \u00dcr\u00fcn po\u015f ba\u015f\u0131na nikotin i\u00e7eri\u011fine dayal\u0131 olarak ultra strong olarak s\u0131n\u0131fland\u0131r\u0131l\u0131r. FUMi Spearmint Ultra Strong, t\u00fct\u00fcns\u00fcz nikotin po\u015flar\u0131n\u0131n FUMi serisinin bir par\u00e7as\u0131d\u0131r.<\/p>\n<table>\n<tbody>\n<tr>\n<td><b>Attribute<\/b><\/td>\n<td><b>Ayr\u0131nt\u0131lar<\/b><\/td>\n<\/tr>\n<tr>\n<td><span style=\"font-weight: 400;\">Kutu Ba\u015f\u0131na \u0130\u00e7erik<\/span><\/td>\n<td><span style=\"font-weight: 400;\">14g (20 paket)<\/span><\/td>\n<\/tr>\n<tr>\n<td><span style=\"font-weight: 400;\">Nikotin \u0130\u00e7eri\u011fi<\/span><\/td>\n<td><span style=\"font-weight: 400;\">po\u015fet ba\u015f\u0131na 15 mg<\/span><\/td>\n<\/tr>\n<tr>\n<td><span style=\"font-weight: 400;\">Po\u015fet Format\u0131<\/span><\/td>\n<td><span style=\"font-weight: 400;\">\u0130nce<\/span><\/td>\n<\/tr>\n<tr>\n<td><span style=\"font-weight: 400;\">\u00dcretici<\/span><\/td>\n<td><span style=\"font-weight: 400;\">FUMI<\/span><\/td>\n<\/tr>\n<tr>\n<td><span style=\"font-weight: 400;\">Aroma<\/span><\/td>\n<td><span style=\"font-weight: 400;\">Nane<\/span><\/td>\n<\/tr>\n<tr>\n<td><span style=\"font-weight: 400;\">T\u00fcr<\/span><\/td>\n<td><span style=\"font-weight: 400;\">T\u00fcm beyaz po\u015fet, t\u00fct\u00fcns\u00fcz<\/span><\/td>\n<\/tr>\n<\/tbody>\n<\/table>","protected":false},"excerpt":{"rendered":"<p data-start=\"901\" data-end=\"1023\">FUMi Spearmint Ultra Strong nikotin po\u015flar\u0131 ile <strong data-start=\"913\" data-end=\"926\">Nane<\/strong> tad\u0131 ile <strong data-start=\"937\" data-end=\"945\">\u0130nce<\/strong> formatta. Her po\u015fet <strong data-start=\"974\" data-end=\"992\">15 mg nikotin<\/strong>.<\/p>","protected":false},"featured_media":64593,"comment_status":"open","ping_status":"closed","template":"","format":[206],"meta":{"_acf_changed":false},"product_brand":[],"product_cat":[245],"product_tag":[16571],"flavours":[199],"nicotine":[218,232],"class_list":{"0":"post-63846","1":"product","2":"type-product","3":"status-publish","4":"has-post-thumbnail","6":"product_cat-fumi","7":"product_tag-15-mg-pouch","8":"pa_quantity-1-pack","9":"pa_quantity-10-pack","10":"pa_quantity-3-pack","11":"pa_quantity-30-pack","12":"pa_quantity-5-pack","13":"pa_quantity-60-pack","14":"flavours-mint","15":"format-slim","16":"nicotine-20-mg-g","17":"nicotine-extra-strong","19":"first","20":"instock","21":"taxable","22":"shipping-taxable","23":"purchasable","24":"product-type-variable"},"acf":[],"_links":{"self":[{"href":"https:\/\/whitelip.com\/tr\/wp-json\/wp\/v2\/product\/63846","targetHints":{"allow":["GET"]}}],"collection":[{"href":"https:\/\/whitelip.com\/tr\/wp-json\/wp\/v2\/product"}],"about":[{"href":"https:\/\/whitelip.com\/tr\/wp-json\/wp\/v2\/types\/product"}],"replies":[{"embeddable":true,"href":"https:\/\/whitelip.com\/tr\/wp-json\/wp\/v2\/comments?post=63846"}],"wp:featuredmedia":[{"embeddable":true,"href":"https:\/\/whitelip.com\/tr\/wp-json\/wp\/v2\/media\/64593"}],"wp:attachment":[{"href":"https:\/\/whitelip.com\/tr\/wp-json\/wp\/v2\/media?parent=63846"}],"wp:term":[{"taxonomy":"product_brand","embeddable":true,"href":"https:\/\/whitelip.com\/tr\/wp-json\/wp\/v2\/product_brand?post=63846"},{"taxonomy":"product_cat","embeddable":true,"href":"https:\/\/whitelip.com\/tr\/wp-json\/wp\/v2\/product_cat?post=63846"},{"taxonomy":"product_tag","embeddable":true,"href":"https:\/\/whitelip.com\/tr\/wp-json\/wp\/v2\/product_tag?post=63846"},{"taxonomy":"flavours","embeddable":true,"href":"https:\/\/whitelip.com\/tr\/wp-json\/wp\/v2\/flavours?post=63846"},{"taxonomy":"format","embeddable":true,"href":"https:\/\/whitelip.com\/tr\/wp-json\/wp\/v2\/format?post=63846"},{"taxonomy":"nicotine","embeddable":true,"href":"https:\/\/whitelip.com\/tr\/wp-json\/wp\/v2\/nicotine?post=63846"}],"curies":[{"name":"wp","href":"https:\/\/api.w.org\/{rel}","templated":true}]}}