{"id":63817,"date":"2026-01-26T09:51:38","date_gmt":"2026-01-26T09:51:38","guid":{"rendered":"https:\/\/whitelip.com\/?post_type=product&#038;p=63817"},"modified":"2026-05-06T15:28:28","modified_gmt":"2026-05-06T15:28:28","slug":"fumi-freezy-mint-ultra-strong","status":"publish","type":"product","link":"https:\/\/whitelip.com\/tr\/fumi\/fumi-freezy-mint-ultra-strong\/","title":{"rendered":"FUMi Buzlu Nane Ultra G\u00fc\u00e7l\u00fc"},"content":{"rendered":"<h2>FUMi Buzlu Nane Ultra G\u00fc\u00e7l\u00fc<\/h2>\n<p data-start=\"239\" data-end=\"504\">FUMi Freezy Mint Ultra Strong, slim formatta spearmint aromal\u0131 nikotin po\u015fetleridir. Lezzet erken tan\u0131t\u0131l\u0131r ve a\u00e7\u0131k bir mint karakterine sahiptir ve spearmint'e odaklan\u0131r. \u00dcr\u00fcn t\u00fct\u00fcns\u00fcz olup, Helix Sweden taraf\u0131ndan FUMi markas\u0131 alt\u0131nda \u00fcretilmi\u015ftir. Po\u015fetler dar tasar\u0131m\u0131 olan slim formatta sunulur. Her kutu 20 nikotin po\u015feti i\u00e7erir. Nikotinin i\u00e7eri\u011fi po\u015fet ba\u015f\u0131na 15 mg ve gram ba\u015f\u0131na 21,4 mg nikotindir. \u00dcr\u00fcn nikotin i\u00e7eri\u011fine g\u00f6re ultra g\u00fc\u00e7l\u00fc olarak s\u0131n\u0131fland\u0131r\u0131l\u0131r. FUMi Freezy Mint Ultra Strong, FUMi t\u00fct\u00fcns\u00fcz nikotin po\u015fetleri serisinin bir par\u00e7as\u0131d\u0131r.<\/p>\n<table>\n<tbody>\n<tr>\n<td><b>Attribute<\/b><\/td>\n<td><b>Ayr\u0131nt\u0131lar<\/b><\/td>\n<\/tr>\n<tr>\n<td><span style=\"font-weight: 400;\">Kutu Ba\u015f\u0131na \u0130\u00e7erik<\/span><\/td>\n<td><span style=\"font-weight: 400;\">14g (20 paket)<\/span><\/td>\n<\/tr>\n<tr>\n<td><span style=\"font-weight: 400;\">Nikotin \u0130\u00e7eri\u011fi<\/span><\/td>\n<td><span style=\"font-weight: 400;\">po\u015fet ba\u015f\u0131na 15 mg<\/span><\/td>\n<\/tr>\n<tr>\n<td><span style=\"font-weight: 400;\">Po\u015fet Format\u0131<\/span><\/td>\n<td><span style=\"font-weight: 400;\">\u0130nce<\/span><\/td>\n<\/tr>\n<tr>\n<td><span style=\"font-weight: 400;\">\u00dcretici<\/span><\/td>\n<td><span style=\"font-weight: 400;\">FUMI<\/span><\/td>\n<\/tr>\n<tr>\n<td><span style=\"font-weight: 400;\">Aroma<\/span><\/td>\n<td><span style=\"font-weight: 400;\">Nane<\/span><\/td>\n<\/tr>\n<tr>\n<td><span style=\"font-weight: 400;\">T\u00fcr<\/span><\/td>\n<td><span style=\"font-weight: 400;\">T\u00fcm beyaz po\u015fet, t\u00fct\u00fcns\u00fcz<\/span><\/td>\n<\/tr>\n<\/tbody>\n<\/table>","protected":false},"excerpt":{"rendered":"<p data-start=\"901\" data-end=\"1023\">FUMi Freezy Mint Ultra Strong nikotin po\u015fetleri ile <b>nane <\/b>tad\u0131 ile <strong data-start=\"966\" data-end=\"974\">\u0130nce<\/strong> formatta. Her po\u015fet <strong data-start=\"1003\" data-end=\"1021\">15 mg nikotin<\/strong>.<\/p>","protected":false},"featured_media":64592,"comment_status":"open","ping_status":"closed","template":"","format":[206],"meta":{"_acf_changed":false},"product_brand":[],"product_cat":[245],"product_tag":[16571],"flavours":[199],"nicotine":[218,232],"class_list":{"0":"post-63817","1":"product","2":"type-product","3":"status-publish","4":"has-post-thumbnail","6":"product_cat-fumi","7":"product_tag-15-mg-pouch","8":"pa_quantity-1-pack","9":"pa_quantity-10-pack","10":"pa_quantity-3-pack","11":"pa_quantity-30-pack","12":"pa_quantity-5-pack","13":"pa_quantity-60-pack","14":"flavours-mint","15":"format-slim","16":"nicotine-20-mg-g","17":"nicotine-extra-strong","19":"first","20":"instock","21":"taxable","22":"shipping-taxable","23":"purchasable","24":"product-type-variable"},"acf":[],"_links":{"self":[{"href":"https:\/\/whitelip.com\/tr\/wp-json\/wp\/v2\/product\/63817","targetHints":{"allow":["GET"]}}],"collection":[{"href":"https:\/\/whitelip.com\/tr\/wp-json\/wp\/v2\/product"}],"about":[{"href":"https:\/\/whitelip.com\/tr\/wp-json\/wp\/v2\/types\/product"}],"replies":[{"embeddable":true,"href":"https:\/\/whitelip.com\/tr\/wp-json\/wp\/v2\/comments?post=63817"}],"wp:featuredmedia":[{"embeddable":true,"href":"https:\/\/whitelip.com\/tr\/wp-json\/wp\/v2\/media\/64592"}],"wp:attachment":[{"href":"https:\/\/whitelip.com\/tr\/wp-json\/wp\/v2\/media?parent=63817"}],"wp:term":[{"taxonomy":"product_brand","embeddable":true,"href":"https:\/\/whitelip.com\/tr\/wp-json\/wp\/v2\/product_brand?post=63817"},{"taxonomy":"product_cat","embeddable":true,"href":"https:\/\/whitelip.com\/tr\/wp-json\/wp\/v2\/product_cat?post=63817"},{"taxonomy":"product_tag","embeddable":true,"href":"https:\/\/whitelip.com\/tr\/wp-json\/wp\/v2\/product_tag?post=63817"},{"taxonomy":"flavours","embeddable":true,"href":"https:\/\/whitelip.com\/tr\/wp-json\/wp\/v2\/flavours?post=63817"},{"taxonomy":"format","embeddable":true,"href":"https:\/\/whitelip.com\/tr\/wp-json\/wp\/v2\/format?post=63817"},{"taxonomy":"nicotine","embeddable":true,"href":"https:\/\/whitelip.com\/tr\/wp-json\/wp\/v2\/nicotine?post=63817"}],"curies":[{"name":"wp","href":"https:\/\/api.w.org\/{rel}","templated":true}]}}