{"id":62705,"date":"2026-01-19T13:33:35","date_gmt":"2026-01-19T13:33:35","guid":{"rendered":"https:\/\/whitelip.com\/?post_type=product&#038;p=62705"},"modified":"2026-05-09T10:11:18","modified_gmt":"2026-05-09T10:11:18","slug":"juice-head-peach-pineapple-6mg","status":"publish","type":"product","link":"https:\/\/whitelip.com\/tr\/juice-head\/juice-head-peach-pineapple-6mg\/","title":{"rendered":"Juice Head \u015eeftali Ananas 6mg"},"content":{"rendered":"<h1 data-start=\"2075\" data-end=\"2113\">Juice Head \u015eeftali Ananas 6mg<\/h1>\n<p data-start=\"2873\" data-end=\"3180\">Juice Head \u015eeftali Ananas 6mg, ince formatta \u015feftali ve ananas aromas\u0131 i\u00e7eren nikotin po\u015fetleridir. Tat erken ortaya \u00e7\u0131kar ve dengeli \u015feftali ve ananas notalar\u0131 ile hafif meyve karakterine sahiptir. \u00dcr\u00fcn t\u00fct\u00fcns\u00fczd\u00fcr ve Streamline Group Inc taraf\u0131ndan Juice Head markas\u0131 alt\u0131nda \u00fcretilmi\u015ftir. Po\u015fetler ince formatta sunulur ve dar po\u015fetlerden olu\u015fur. Her po\u015fet 6 mg nikotin i\u00e7erir ve gram ba\u015f\u0131na 8,5 mg nikotin i\u00e7erir. \u00dcr\u00fcn, nikotin i\u00e7eri\u011fine ba\u011fl\u0131 olarak normal kuvvet olarak s\u0131n\u0131fland\u0131r\u0131lm\u0131\u015ft\u0131r. Juice Head \u015eeftali Ananas 6mg, t\u00fct\u00fcns\u00fcz nikotin po\u015fetlerinin Juice Head \u00fcr\u00fcn yelpazesinin par\u00e7as\u0131d\u0131r.<\/p>\n<table>\n<tbody>\n<tr>\n<td><b>Attribute<\/b><\/td>\n<td><b>Ayr\u0131nt\u0131lar<\/b><\/td>\n<\/tr>\n<tr>\n<td><b>10g (20 po\u015fet)<\/b><\/td>\n<td><span style=\"font-weight: 400;\">20 po\u015fet<\/span><\/td>\n<\/tr>\n<tr>\n<td><b>Nikotin i\u00e7eri\u011fi<\/b><\/td>\n<td><span style=\"font-weight: 400;\">8,5 mg\/g (po\u015fet ba\u015f\u0131na 6 mg)<\/span><\/td>\n<\/tr>\n<tr>\n<td><b>Po\u015fet format\u0131<\/b><\/td>\n<td><span style=\"font-weight: 400;\">\u0130nce<\/span><\/td>\n<\/tr>\n<tr>\n<td><b>\u00dcretici<\/b><\/td>\n<td>Streamline Group Inc<\/td>\n<\/tr>\n<tr>\n<td><b>Aroma<\/b><\/td>\n<td>\u015eeftali &amp; Ananas<\/td>\n<\/tr>\n<tr>\n<td><b>T\u00fcr<\/b><\/td>\n<td><span style=\"font-weight: 400;\">Tamamen beyaz po\u015fet<\/span><\/td>\n<\/tr>\n<\/tbody>\n<\/table>","protected":false},"excerpt":{"rendered":"<p><strong>Avrupa Versiyonu<\/strong><\/p>\n<p>&nbsp;<\/p>\n<p>Juice Head \u015eeftali Ananas 6mg nikotin po\u015fetleri <strong data-start=\"3597\" data-end=\"3620\">\u015eeftali ve Ananas<\/strong> tad\u0131 ile <strong data-start=\"3631\" data-end=\"3639\">\u0130nce<\/strong> formatta. Her po\u015fet <strong data-start=\"3668\" data-end=\"3685\">6 mg nikotin<\/strong>.<\/p>","protected":false},"featured_media":62990,"comment_status":"open","ping_status":"closed","template":"","format":[206],"meta":{"_acf_changed":false},"product_brand":[],"product_cat":[13598],"product_tag":[16559],"flavours":[196],"nicotine":[230,235],"class_list":{"0":"post-62705","1":"product","2":"type-product","3":"status-publish","4":"has-post-thumbnail","6":"product_cat-juice-head","7":"product_tag-6-mg-pouch","8":"pa_quantity-1-pack","9":"pa_quantity-10-pack","10":"pa_quantity-3-pack","11":"pa_quantity-30-pack","12":"pa_quantity-5-pack","13":"pa_quantity-60-pack","14":"flavours-fruits-berries","15":"format-slim","16":"nicotine-8-mg-g","17":"nicotine-normal","19":"first","20":"outofstock","21":"taxable","22":"shipping-taxable","23":"purchasable","24":"product-type-variable"},"acf":[],"_links":{"self":[{"href":"https:\/\/whitelip.com\/tr\/wp-json\/wp\/v2\/product\/62705","targetHints":{"allow":["GET"]}}],"collection":[{"href":"https:\/\/whitelip.com\/tr\/wp-json\/wp\/v2\/product"}],"about":[{"href":"https:\/\/whitelip.com\/tr\/wp-json\/wp\/v2\/types\/product"}],"replies":[{"embeddable":true,"href":"https:\/\/whitelip.com\/tr\/wp-json\/wp\/v2\/comments?post=62705"}],"wp:featuredmedia":[{"embeddable":true,"href":"https:\/\/whitelip.com\/tr\/wp-json\/wp\/v2\/media\/62990"}],"wp:attachment":[{"href":"https:\/\/whitelip.com\/tr\/wp-json\/wp\/v2\/media?parent=62705"}],"wp:term":[{"taxonomy":"product_brand","embeddable":true,"href":"https:\/\/whitelip.com\/tr\/wp-json\/wp\/v2\/product_brand?post=62705"},{"taxonomy":"product_cat","embeddable":true,"href":"https:\/\/whitelip.com\/tr\/wp-json\/wp\/v2\/product_cat?post=62705"},{"taxonomy":"product_tag","embeddable":true,"href":"https:\/\/whitelip.com\/tr\/wp-json\/wp\/v2\/product_tag?post=62705"},{"taxonomy":"flavours","embeddable":true,"href":"https:\/\/whitelip.com\/tr\/wp-json\/wp\/v2\/flavours?post=62705"},{"taxonomy":"format","embeddable":true,"href":"https:\/\/whitelip.com\/tr\/wp-json\/wp\/v2\/format?post=62705"},{"taxonomy":"nicotine","embeddable":true,"href":"https:\/\/whitelip.com\/tr\/wp-json\/wp\/v2\/nicotine?post=62705"}],"curies":[{"name":"wp","href":"https:\/\/api.w.org\/{rel}","templated":true}]}}