{"id":62589,"date":"2026-01-19T13:27:36","date_gmt":"2026-01-19T13:27:36","guid":{"rendered":"https:\/\/whitelip.com\/?post_type=product&#038;p=62589"},"modified":"2026-05-06T20:01:27","modified_gmt":"2026-05-06T20:01:27","slug":"juice-head-peach-pineapple-14mg","status":"publish","type":"product","link":"https:\/\/whitelip.com\/tr\/juice-head\/juice-head-peach-pineapple-14mg\/","title":{"rendered":"Juice Head \u015eeftali Ananas 14mg"},"content":{"rendered":"<h1 data-start=\"2075\" data-end=\"2113\">Juice Head \u015eeftali Ananas 14mg<\/h1>\n<p data-start=\"1151\" data-end=\"1449\">Juice Head Peach Pineapple 14mg, \u015feftali ve ananas aromas\u0131yla slim formatta nikotin po\u015fetidir. Aroma erken ba\u015flar ve \u015feftali ile ananas\u0131 birle\u015ftiren meyveli bir karaktere sahiptir. \u00dcr\u00fcn t\u00fct\u00fcns\u00fczd\u00fcr ve Streamline Group Inc taraf\u0131ndan Juice Head markas\u0131 alt\u0131nda \u00fcretilmektedir. Po\u015fetler slim formatta sunulur ve dar po\u015fetlerden olu\u015fur. Nikotin i\u00e7eri\u011fi po\u015fet ba\u015f\u0131na 14 mg ve gram ba\u015f\u0131na 20 mg nikotindir. \u00dcr\u00fcn nikotin i\u00e7eri\u011fine g\u00f6re ultra kuvvetli olarak s\u0131n\u0131fland\u0131r\u0131l\u0131r. Juice Head Peach Pineapple 14mg, t\u00fct\u00fcns\u00fcz nikotin po\u015fetlerinin Juice Head serisidir.<\/p>\n<table>\n<tbody>\n<tr>\n<td><b>Attribute<\/b><\/td>\n<td><b>Ayr\u0131nt\u0131lar<\/b><\/td>\n<\/tr>\n<tr>\n<td><b>10g (20 po\u015fet)<\/b><\/td>\n<td><span style=\"font-weight: 400;\">20 po\u015fet<\/span><\/td>\n<\/tr>\n<tr>\n<td><b>Nikotin i\u00e7eri\u011fi<\/b><\/td>\n<td><span style=\"font-weight: 400;\">20 mg\/g (po\u015fet ba\u015f\u0131na 14 mg)<\/span><\/td>\n<\/tr>\n<tr>\n<td><b>Po\u015fet format\u0131<\/b><\/td>\n<td><span style=\"font-weight: 400;\">\u0130nce<\/span><\/td>\n<\/tr>\n<tr>\n<td><b>\u00dcretici<\/b><\/td>\n<td>Streamline Group Inc<\/td>\n<\/tr>\n<tr>\n<td><b>Aroma<\/b><\/td>\n<td>\u015eeftali &amp; Ananas<\/td>\n<\/tr>\n<tr>\n<td><b>T\u00fcr<\/b><\/td>\n<td><span style=\"font-weight: 400;\">Tamamen beyaz po\u015fet<\/span><\/td>\n<\/tr>\n<\/tbody>\n<\/table>","protected":false},"excerpt":{"rendered":"<p><strong>Avrupa Versiyonu<\/strong><\/p>\n<p>&nbsp;<\/p>\n<p>Juice Head Peach Pineapple 14mg nikotin po\u015fetleri ile <strong data-start=\"1865\" data-end=\"1888\">\u015eeftali ve Ananas<\/strong> tad\u0131 ile <strong data-start=\"1899\" data-end=\"1907\">\u0130nce<\/strong> formatta. Her po\u015fet <strong data-start=\"1936\" data-end=\"1954\">14 mg nikotin<\/strong>.<\/p>","protected":false},"featured_media":62988,"comment_status":"open","ping_status":"closed","template":"","format":[206],"meta":{"_acf_changed":false},"product_brand":[],"product_cat":[13598],"product_tag":[16581],"flavours":[196],"nicotine":[218,232],"class_list":{"0":"post-62589","1":"product","2":"type-product","3":"status-publish","4":"has-post-thumbnail","6":"product_cat-juice-head","7":"product_tag-14-mg-pouch","8":"pa_quantity-1-pack","9":"pa_quantity-10-pack","10":"pa_quantity-3-pack","11":"pa_quantity-30-pack","12":"pa_quantity-5-pack","13":"pa_quantity-60-pack","14":"flavours-fruits-berries","15":"format-slim","16":"nicotine-20-mg-g","17":"nicotine-extra-strong","19":"first","20":"instock","21":"taxable","22":"shipping-taxable","23":"purchasable","24":"product-type-variable"},"acf":[],"_links":{"self":[{"href":"https:\/\/whitelip.com\/tr\/wp-json\/wp\/v2\/product\/62589","targetHints":{"allow":["GET"]}}],"collection":[{"href":"https:\/\/whitelip.com\/tr\/wp-json\/wp\/v2\/product"}],"about":[{"href":"https:\/\/whitelip.com\/tr\/wp-json\/wp\/v2\/types\/product"}],"replies":[{"embeddable":true,"href":"https:\/\/whitelip.com\/tr\/wp-json\/wp\/v2\/comments?post=62589"}],"wp:featuredmedia":[{"embeddable":true,"href":"https:\/\/whitelip.com\/tr\/wp-json\/wp\/v2\/media\/62988"}],"wp:attachment":[{"href":"https:\/\/whitelip.com\/tr\/wp-json\/wp\/v2\/media?parent=62589"}],"wp:term":[{"taxonomy":"product_brand","embeddable":true,"href":"https:\/\/whitelip.com\/tr\/wp-json\/wp\/v2\/product_brand?post=62589"},{"taxonomy":"product_cat","embeddable":true,"href":"https:\/\/whitelip.com\/tr\/wp-json\/wp\/v2\/product_cat?post=62589"},{"taxonomy":"product_tag","embeddable":true,"href":"https:\/\/whitelip.com\/tr\/wp-json\/wp\/v2\/product_tag?post=62589"},{"taxonomy":"flavours","embeddable":true,"href":"https:\/\/whitelip.com\/tr\/wp-json\/wp\/v2\/flavours?post=62589"},{"taxonomy":"format","embeddable":true,"href":"https:\/\/whitelip.com\/tr\/wp-json\/wp\/v2\/format?post=62589"},{"taxonomy":"nicotine","embeddable":true,"href":"https:\/\/whitelip.com\/tr\/wp-json\/wp\/v2\/nicotine?post=62589"}],"curies":[{"name":"wp","href":"https:\/\/api.w.org\/{rel}","templated":true}]}}