{"id":61399,"date":"2026-01-19T10:16:37","date_gmt":"2026-01-19T10:16:37","guid":{"rendered":"https:\/\/whitelip.com\/?post_type=product&#038;p=61399"},"modified":"2026-05-07T10:11:41","modified_gmt":"2026-05-07T10:11:41","slug":"apres-mochaccino-mini","status":"publish","type":"product","link":"https:\/\/whitelip.com\/tr\/apres\/apres-mochaccino-mini\/","title":{"rendered":"APR\u00c8S Mochaccino Mini"},"content":{"rendered":"<h2>APR\u00c8S Mochaccino Mini<\/h2>\n<p data-start=\"217\" data-end=\"431\">APR\u00c8S Mochaccino Mini, t\u00fct\u00fcns\u00fcz nikotin po\u015fet \u00fcr\u00fcn\u00fc olup kahve tad\u0131na ve mini formata sahiptir. Tat erken ba\u015flar ve a\u00e7\u0131k kahve karakterine sahiptir. \u00dcr\u00fcn Apr\u00e8s Nicotine AB taraf\u0131ndan \u00fcretilmektedir. Po\u015fetler daha k\u00fc\u00e7\u00fck porsiyonlu mini formatta \u00fcretilir. Her kutu 20 nikotin po\u015feti i\u00e7erir. Nikotin i\u00e7eri\u011fi po\u015fet ba\u015f\u0131na 3,2 mg'dir, bu da gram ba\u015f\u0131na 8 mg nikotine kar\u015f\u0131l\u0131k gelir. \u00dcr\u00fcn, po\u015fet ba\u015f\u0131na nikotin i\u00e7eri\u011fi temelinde normal g\u00fc\u00e7 olarak s\u0131n\u0131fland\u0131r\u0131l\u0131r. APR\u00c8S Mochaccino Mini, t\u00fct\u00fcns\u00fcz nikotin po\u015fetlerinin APR\u00c8S aral\u0131\u011f\u0131n\u0131n bir par\u00e7as\u0131d\u0131r ve t\u00fct\u00fcn yapra\u011f\u0131 kullan\u0131lmadan \u00fcretilir.<\/p>\n<table>\n<tbody>\n<tr>\n<td><b>Attribute<\/b><\/td>\n<td><b>Ayr\u0131nt\u0131lar<\/b><\/td>\n<\/tr>\n<tr>\n<td><b>10g (20 po\u015fet)<\/b><\/td>\n<td><span style=\"font-weight: 400;\">11g (20 po\u015fet)<\/span><\/td>\n<\/tr>\n<tr>\n<td><b>Nikotin i\u00e7eri\u011fi<\/b><\/td>\n<td><span style=\"font-weight: 400;\">8 mg\/g (po\u015fet ba\u015f\u0131na 3,2 mg)<\/span><\/td>\n<\/tr>\n<tr>\n<td><b>Po\u015fet format\u0131<\/b><\/td>\n<td><span style=\"font-weight: 400;\">Mini<\/span><\/td>\n<\/tr>\n<tr>\n<td><b>\u00dcretici<\/b><\/td>\n<td><span style=\"font-weight: 400;\">APR\u00c8S Nicotine AB<\/span><\/td>\n<\/tr>\n<tr>\n<td><b>Aroma<\/b><\/td>\n<td><span style=\"font-weight: 400;\">Kahve<\/span><\/td>\n<\/tr>\n<tr>\n<td><b>T\u00fcr<\/b><\/td>\n<td><span style=\"font-weight: 400;\">Tamamen beyaz po\u015fet<\/span><\/td>\n<\/tr>\n<\/tbody>\n<\/table>","protected":false},"excerpt":{"rendered":"<p><span style=\"font-weight: 400;\">APR\u00c8S Mochaccino Mini nikotin po\u015fetleri <strong data-start=\"913\" data-end=\"923\">Kahve<\/strong> tad\u0131 ile <strong data-start=\"934\" data-end=\"942\">Mini<\/strong> formatta. Her po\u015fet <strong data-start=\"971\" data-end=\"990\">3.2 mg nikotin<\/strong>.<\/span><\/p>","protected":false},"featured_media":61457,"comment_status":"open","ping_status":"closed","template":"","format":[205],"meta":{"_acf_changed":false},"product_brand":[],"product_cat":[41],"product_tag":[16555],"flavours":[192],"nicotine":[230,235],"class_list":{"0":"post-61399","1":"product","2":"type-product","3":"status-publish","4":"has-post-thumbnail","6":"product_cat-apres","7":"product_tag-3-2-mg-pouch","8":"pa_quantity-1-pack","9":"pa_quantity-10-pack","10":"pa_quantity-3-pack","11":"pa_quantity-30-pack","12":"pa_quantity-5-pack","13":"pa_quantity-60-pack","14":"flavours-coffee","15":"format-mini","16":"nicotine-8-mg-g","17":"nicotine-normal","19":"first","20":"instock","21":"taxable","22":"shipping-taxable","23":"purchasable","24":"product-type-variable"},"acf":[],"_links":{"self":[{"href":"https:\/\/whitelip.com\/tr\/wp-json\/wp\/v2\/product\/61399","targetHints":{"allow":["GET"]}}],"collection":[{"href":"https:\/\/whitelip.com\/tr\/wp-json\/wp\/v2\/product"}],"about":[{"href":"https:\/\/whitelip.com\/tr\/wp-json\/wp\/v2\/types\/product"}],"replies":[{"embeddable":true,"href":"https:\/\/whitelip.com\/tr\/wp-json\/wp\/v2\/comments?post=61399"}],"wp:featuredmedia":[{"embeddable":true,"href":"https:\/\/whitelip.com\/tr\/wp-json\/wp\/v2\/media\/61457"}],"wp:attachment":[{"href":"https:\/\/whitelip.com\/tr\/wp-json\/wp\/v2\/media?parent=61399"}],"wp:term":[{"taxonomy":"product_brand","embeddable":true,"href":"https:\/\/whitelip.com\/tr\/wp-json\/wp\/v2\/product_brand?post=61399"},{"taxonomy":"product_cat","embeddable":true,"href":"https:\/\/whitelip.com\/tr\/wp-json\/wp\/v2\/product_cat?post=61399"},{"taxonomy":"product_tag","embeddable":true,"href":"https:\/\/whitelip.com\/tr\/wp-json\/wp\/v2\/product_tag?post=61399"},{"taxonomy":"flavours","embeddable":true,"href":"https:\/\/whitelip.com\/tr\/wp-json\/wp\/v2\/flavours?post=61399"},{"taxonomy":"format","embeddable":true,"href":"https:\/\/whitelip.com\/tr\/wp-json\/wp\/v2\/format?post=61399"},{"taxonomy":"nicotine","embeddable":true,"href":"https:\/\/whitelip.com\/tr\/wp-json\/wp\/v2\/nicotine?post=61399"}],"curies":[{"name":"wp","href":"https:\/\/api.w.org\/{rel}","templated":true}]}}