{"id":60625,"date":"2026-01-13T12:02:02","date_gmt":"2026-01-13T12:02:02","guid":{"rendered":"https:\/\/whitelip.com\/?post_type=product&#038;p=60625"},"modified":"2026-04-17T09:18:29","modified_gmt":"2026-04-17T09:18:29","slug":"pablo-exclusive-cola","status":"publish","type":"product","link":"https:\/\/whitelip.com\/tr\/pablo\/pablo-exclusive-cola\/","title":{"rendered":"PABLO Exclusive Kola"},"content":{"rendered":"<p data-start=\"109\" data-end=\"364\">PABLO Exclusive Cola, kola lezzet profili olan t\u00fct\u00fcns\u00fcz nikotin po\u015fet \u00fcr\u00fcn\u00fcd\u00fcr. Lezzet do\u011frudan tan\u0131t\u0131lm\u0131\u015f ve klasik kola tad\u0131 ile karakterize edilmi\u015ftir. \u00dcr\u00fcn NGP taraf\u0131ndan \u00fcretilmekte ve PABLO Exclusive \u00fcr\u00fcn serisine aittir. Nikotin po\u015fetleri \u00fcst dudak alt\u0131na ayr\u0131k yerle\u015fim i\u00e7in tasarlanm\u0131\u015f ince formatta \u00fcretilmektedir. Her kutu 20 nikotin po\u015feti i\u00e7erir. Po\u015fet ba\u015f\u0131na nikotin i\u00e7eri\u011fi 30 mg olup, gram ba\u015f\u0131na 50 mg nikotine kar\u015f\u0131l\u0131k gelir. Her po\u015fet 0,6 gram a\u011f\u0131rl\u0131\u011f\u0131nda ve kutudaki toplam i\u00e7erik 12 gramd\u0131r.<\/p>\n<p data-start=\"665\" data-end=\"819\">PABLO Exclusive Cola, nikotin i\u00e7eri\u011fine ba\u011fl\u0131 olarak son derece g\u00fc\u00e7l\u00fc nikotin po\u015fet \u00fcr\u00fcn\u00fc olarak s\u0131n\u0131fland\u0131r\u0131l\u0131r. \u00dcr\u00fcn t\u00fct\u00fcn i\u00e7ermez.<\/p>\n<table>\n<tbody>\n<tr>\n<td><b>Attribute<\/b><\/td>\n<td><b>Ayr\u0131nt\u0131lar<\/b><\/td>\n<\/tr>\n<tr>\n<td><b>10g (20 po\u015fet)<\/b><\/td>\n<td><span style=\"font-weight: 400;\">12g (20 po\u015fet)<\/span><\/td>\n<\/tr>\n<tr>\n<td><b>Nikotin i\u00e7eri\u011fi<\/b><\/td>\n<td><span style=\"font-weight: 400;\">50 mg\/g (po\u015fet ba\u015f\u0131na 30 mg)<\/span><\/td>\n<\/tr>\n<tr>\n<td><b>Po\u015fet format\u0131<\/b><\/td>\n<td><span style=\"font-weight: 400;\">\u0130nce<\/span><\/td>\n<\/tr>\n<tr>\n<td><b>\u00dcretici<\/b><\/td>\n<td><span style=\"font-weight: 400;\">N.G.P Empire<\/span><\/td>\n<\/tr>\n<tr>\n<td><b>Aroma<\/b><\/td>\n<td>Kola<\/td>\n<\/tr>\n<tr>\n<td><b>T\u00fcr<\/b><\/td>\n<td><span style=\"font-weight: 400;\">T\u00fcm beyaz po\u015fet, t\u00fct\u00fcns\u00fcz<\/span><\/td>\n<\/tr>\n<\/tbody>\n<\/table>","protected":false},"excerpt":{"rendered":"<p data-start=\"851\" data-end=\"969\">PABLO Exclusive Cola nikotin po\u015fetleri ile <strong data-start=\"894\" data-end=\"902\">Kola<\/strong> tad\u0131 ile <strong data-start=\"913\" data-end=\"921\">\u0130nce<\/strong> formatta. Her po\u015fet <strong data-start=\"950\" data-end=\"968\">30 mg nikotin<\/strong>.<\/p>","protected":false},"featured_media":60770,"comment_status":"open","ping_status":"closed","template":"","format":[206],"meta":{"_acf_changed":false},"product_brand":[],"product_cat":[44],"product_tag":[16605],"flavours":[193],"nicotine":[233,226],"class_list":{"0":"post-60625","1":"product","2":"type-product","3":"status-publish","4":"has-post-thumbnail","6":"product_cat-pablo","7":"product_tag-30-mg-pouch","8":"pa_quantity-1-pack","9":"pa_quantity-10-pack","10":"pa_quantity-3-pack","11":"pa_quantity-30-pack","12":"pa_quantity-5-pack","13":"pa_quantity-60-pack","14":"flavours-cola","15":"format-slim","16":"nicotine-extreme","17":"nicotine-50-mg-g","19":"first","20":"instock","21":"taxable","22":"shipping-taxable","23":"purchasable","24":"product-type-variable"},"acf":[],"_links":{"self":[{"href":"https:\/\/whitelip.com\/tr\/wp-json\/wp\/v2\/product\/60625","targetHints":{"allow":["GET"]}}],"collection":[{"href":"https:\/\/whitelip.com\/tr\/wp-json\/wp\/v2\/product"}],"about":[{"href":"https:\/\/whitelip.com\/tr\/wp-json\/wp\/v2\/types\/product"}],"replies":[{"embeddable":true,"href":"https:\/\/whitelip.com\/tr\/wp-json\/wp\/v2\/comments?post=60625"}],"wp:featuredmedia":[{"embeddable":true,"href":"https:\/\/whitelip.com\/tr\/wp-json\/wp\/v2\/media\/60770"}],"wp:attachment":[{"href":"https:\/\/whitelip.com\/tr\/wp-json\/wp\/v2\/media?parent=60625"}],"wp:term":[{"taxonomy":"product_brand","embeddable":true,"href":"https:\/\/whitelip.com\/tr\/wp-json\/wp\/v2\/product_brand?post=60625"},{"taxonomy":"product_cat","embeddable":true,"href":"https:\/\/whitelip.com\/tr\/wp-json\/wp\/v2\/product_cat?post=60625"},{"taxonomy":"product_tag","embeddable":true,"href":"https:\/\/whitelip.com\/tr\/wp-json\/wp\/v2\/product_tag?post=60625"},{"taxonomy":"flavours","embeddable":true,"href":"https:\/\/whitelip.com\/tr\/wp-json\/wp\/v2\/flavours?post=60625"},{"taxonomy":"format","embeddable":true,"href":"https:\/\/whitelip.com\/tr\/wp-json\/wp\/v2\/format?post=60625"},{"taxonomy":"nicotine","embeddable":true,"href":"https:\/\/whitelip.com\/tr\/wp-json\/wp\/v2\/nicotine?post=60625"}],"curies":[{"name":"wp","href":"https:\/\/api.w.org\/{rel}","templated":true}]}}