{"id":60562,"date":"2026-01-13T11:36:24","date_gmt":"2026-01-13T11:36:24","guid":{"rendered":"https:\/\/whitelip.com\/?post_type=product&#038;p=60562"},"modified":"2026-04-17T23:57:30","modified_gmt":"2026-04-17T23:57:30","slug":"pablo-exclusive-blueberry-peach-ice","status":"publish","type":"product","link":"https:\/\/whitelip.com\/tr\/pablo\/pablo-exclusive-blueberry-peach-ice\/","title":{"rendered":"PABLO Exclusive Mirtil \u015eeftali Buzlu"},"content":{"rendered":"<p data-start=\"109\" data-end=\"454\">PABLO Exclusive Blueberry Peach Ice, t\u00fct\u00fcns\u00fcz nikotin po\u015fet \u00fcr\u00fcn\u00fc olup blueberry ve peach lezzetlerinin kombinasyonu ve serinletici buz karakterine sahiptir. Lezzet ba\u015flang\u0131\u00e7ta tan\u0131t\u0131l\u0131r ve meyve notalar\u0131 ile serinletici biti\u015fin izlendi\u011fi karakteri ile tan\u0131mlan\u0131r. \u00dcr\u00fcn NGP taraf\u0131ndan \u00fcretilmekte ve PABLO Exclusive \u00fcr\u00fcn serisine aittir. Nikotin po\u015fetleri \u00fcst dudak alt\u0131na ayr\u0131k yerle\u015fim i\u00e7in tasarlanm\u0131\u015f ince formatta \u00fcretilmektedir. Her kutu 20 nikotin po\u015feti i\u00e7erir. Po\u015fet ba\u015f\u0131na nikotin i\u00e7eri\u011fi 30 mg olup, gram ba\u015f\u0131na 50 mg nikotine kar\u015f\u0131l\u0131k gelir. Her po\u015fet 0,6 gram a\u011f\u0131rl\u0131\u011f\u0131nda ve kutudaki toplam i\u00e7erik 12 gramd\u0131r.<\/p>\n<p data-start=\"755\" data-end=\"924\">PABLO Exclusive Blueberry Peach Ice, nikotin i\u00e7eri\u011fine ba\u011fl\u0131 olarak son derece g\u00fc\u00e7l\u00fc nikotin po\u015fet \u00fcr\u00fcn\u00fc olarak s\u0131n\u0131fland\u0131r\u0131l\u0131r. \u00dcr\u00fcn t\u00fct\u00fcn i\u00e7ermez.<\/p>\n<table>\n<tbody>\n<tr>\n<td><b>Attribute<\/b><\/td>\n<td><b>Ayr\u0131nt\u0131lar<\/b><\/td>\n<\/tr>\n<tr>\n<td><b>10g (20 po\u015fet)<\/b><\/td>\n<td><span style=\"font-weight: 400;\">12g (20 po\u015fet)<\/span><\/td>\n<\/tr>\n<tr>\n<td><b>Nikotin i\u00e7eri\u011fi<\/b><\/td>\n<td><span style=\"font-weight: 400;\">50 mg\/g (po\u015fet ba\u015f\u0131na 30 mg)<\/span><\/td>\n<\/tr>\n<tr>\n<td><b>Po\u015fet format\u0131<\/b><\/td>\n<td><span style=\"font-weight: 400;\">\u0130nce<\/span><\/td>\n<\/tr>\n<tr>\n<td><b>\u00dcretici<\/b><\/td>\n<td><span style=\"font-weight: 400;\">N.G.P Empire<\/span><\/td>\n<\/tr>\n<tr>\n<td><b>Aroma<\/b><\/td>\n<td>Blueberry, Peach<\/td>\n<\/tr>\n<tr>\n<td><b>T\u00fcr<\/b><\/td>\n<td><span style=\"font-weight: 400;\">T\u00fcm beyaz po\u015fet, t\u00fct\u00fcns\u00fcz<\/span><\/td>\n<\/tr>\n<\/tbody>\n<\/table>","protected":false},"excerpt":{"rendered":"<p data-start=\"956\" data-end=\"1104\">PABLO Exclusive Blueberry Peach Ice nikotin po\u015fetleri ile <strong data-start=\"1014\" data-end=\"1037\">Mirtil \u015eeftali Buzlu<\/strong> tad\u0131 ile <strong data-start=\"1048\" data-end=\"1056\">\u0130nce<\/strong> formatta. Her po\u015fet <strong data-start=\"1085\" data-end=\"1103\">30 mg nikotin<\/strong>.<\/p>","protected":false},"featured_media":60772,"comment_status":"open","ping_status":"closed","template":"","format":[206],"meta":{"_acf_changed":false},"product_brand":[],"product_cat":[44],"product_tag":[16508,16605],"flavours":[196],"nicotine":[233,226],"class_list":{"0":"post-60562","1":"product","2":"type-product","3":"status-publish","4":"has-post-thumbnail","6":"product_cat-pablo","7":"product_tag-10-off","8":"product_tag-30-mg-pouch","9":"pa_quantity-1-pack","10":"pa_quantity-10-pack","11":"pa_quantity-3-pack","12":"pa_quantity-30-pack","13":"pa_quantity-5-pack","14":"pa_quantity-60-pack","15":"flavours-fruits-berries","16":"format-slim","17":"nicotine-extreme","18":"nicotine-50-mg-g","20":"first","21":"instock","22":"sale","23":"taxable","24":"shipping-taxable","25":"purchasable","26":"product-type-variable"},"acf":[],"_links":{"self":[{"href":"https:\/\/whitelip.com\/tr\/wp-json\/wp\/v2\/product\/60562","targetHints":{"allow":["GET"]}}],"collection":[{"href":"https:\/\/whitelip.com\/tr\/wp-json\/wp\/v2\/product"}],"about":[{"href":"https:\/\/whitelip.com\/tr\/wp-json\/wp\/v2\/types\/product"}],"replies":[{"embeddable":true,"href":"https:\/\/whitelip.com\/tr\/wp-json\/wp\/v2\/comments?post=60562"}],"wp:featuredmedia":[{"embeddable":true,"href":"https:\/\/whitelip.com\/tr\/wp-json\/wp\/v2\/media\/60772"}],"wp:attachment":[{"href":"https:\/\/whitelip.com\/tr\/wp-json\/wp\/v2\/media?parent=60562"}],"wp:term":[{"taxonomy":"product_brand","embeddable":true,"href":"https:\/\/whitelip.com\/tr\/wp-json\/wp\/v2\/product_brand?post=60562"},{"taxonomy":"product_cat","embeddable":true,"href":"https:\/\/whitelip.com\/tr\/wp-json\/wp\/v2\/product_cat?post=60562"},{"taxonomy":"product_tag","embeddable":true,"href":"https:\/\/whitelip.com\/tr\/wp-json\/wp\/v2\/product_tag?post=60562"},{"taxonomy":"flavours","embeddable":true,"href":"https:\/\/whitelip.com\/tr\/wp-json\/wp\/v2\/flavours?post=60562"},{"taxonomy":"format","embeddable":true,"href":"https:\/\/whitelip.com\/tr\/wp-json\/wp\/v2\/format?post=60562"},{"taxonomy":"nicotine","embeddable":true,"href":"https:\/\/whitelip.com\/tr\/wp-json\/wp\/v2\/nicotine?post=60562"}],"curies":[{"name":"wp","href":"https:\/\/api.w.org\/{rel}","templated":true}]}}