{"id":60434,"date":"2026-01-13T10:23:38","date_gmt":"2026-01-13T10:23:38","guid":{"rendered":"https:\/\/whitelip.com\/?post_type=product&#038;p=60434"},"modified":"2026-04-15T17:36:57","modified_gmt":"2026-04-15T17:36:57","slug":"garant-ice-blueberry","status":"publish","type":"product","link":"https:\/\/whitelip.com\/tr\/garant\/garant-ice-blueberry\/","title":{"rendered":"Garant Buz Mirtili 20mg"},"content":{"rendered":"<h2>Garant Buz Mirtili 20mg<\/h2>\n<p data-start=\"109\" data-end=\"387\">Garant Ice Mirtille 20mg, mirtille aromas\u0131 ve so\u011futma karakterine sahip t\u00fct\u00fcns\u00fcz bir nikotin po\u015feti \u00fcr\u00fcn\u00fcd\u00fcr. Aroma erken bir d\u00f6nemde sunulmakta ve hafif buzlu bir not ile birle\u015ftirilmektedir. \u00dcr\u00fcn KORDULA taraf\u0131ndan \u00fcretilmekte ve GARANT nikotin po\u015feti serisi i\u00e7inde yer almaktad\u0131r. Po\u015fetler ince bir formatta \u00fcretilmi\u015f olup, \u00fcst duda\u011f\u0131n alt\u0131na gizli bir \u015fekilde yerle\u015ftirilmesi i\u00e7in tasarlanm\u0131\u015ft\u0131r. Her kutu 27 nikotin po\u015feti i\u00e7ermektedir. Nikotin i\u00e7eri\u011fi po\u015fet ba\u015f\u0131na 10 mg olup, gram ba\u015f\u0131na 20 mg nikotinin kar\u015f\u0131l\u0131\u011f\u0131d\u0131r. Kutunun toplam i\u00e7eri\u011fi 14 gram olup, her po\u015fet 0,5 gram a\u011f\u0131rl\u0131\u011f\u0131ndad\u0131r.<\/p>\n<p data-start=\"685\" data-end=\"916\">Garant Ice Blueberry 20mg, nikotin i\u00e7eri\u011fine g\u00f6re orta g\u00fc\u00e7l\u00fc bir \u00fcr\u00fcn olarak s\u0131n\u0131fland\u0131r\u0131l\u0131r. \u00dcr\u00fcn t\u00fct\u00fcn i\u00e7ermez ve t\u00fct\u00fcn i\u00e7eri\u011fi olmadan nikotin ve tat sunmak i\u00e7in tasarlanm\u0131\u015f beyaz po\u015fetler kullan\u0131r.<\/p>\n<table>\n<tbody>\n<tr>\n<td><b>Attribute<\/b><\/td>\n<td><b>Ayr\u0131nt\u0131lar<\/b><\/td>\n<\/tr>\n<tr>\n<td><span style=\"font-weight: 400;\">Kutu Ba\u015f\u0131na \u0130\u00e7erik<\/span><\/td>\n<td>27 po\u015f<\/td>\n<\/tr>\n<tr>\n<td><span style=\"font-weight: 400;\">Nikotin \u0130\u00e7eri\u011fi<\/span><\/td>\n<td><span style=\"font-weight: 400;\">20 mg\/g (10 mg po\u015fet ba\u015f\u0131na)<\/span><\/td>\n<\/tr>\n<tr>\n<td><span style=\"font-weight: 400;\">Po\u015fet Format\u0131<\/span><\/td>\n<td><span style=\"font-weight: 400;\">\u0130nce<\/span><\/td>\n<\/tr>\n<tr>\n<td><span style=\"font-weight: 400;\">\u00dcretici<\/span><\/td>\n<td><span style=\"font-weight: 400;\">Kordula<\/span><\/td>\n<\/tr>\n<tr>\n<td><span style=\"font-weight: 400;\">Aroma<\/span><\/td>\n<td>Mirtil<\/td>\n<\/tr>\n<tr>\n<td><span style=\"font-weight: 400;\">T\u00fcr<\/span><\/td>\n<td><span style=\"font-weight: 400;\">T\u00fcm beyaz po\u015fet, t\u00fct\u00fcns\u00fcz<\/span><\/td>\n<\/tr>\n<\/tbody>\n<\/table>","protected":false},"excerpt":{"rendered":"<article class=\"text-token-text-primary w-full focus:outline-none [--shadow-height:45px] has-data-writing-block:pointer-events-none has-data-writing-block:-mt-(--shadow-height) has-data-writing-block:pt-(--shadow-height) [&amp;:has([data-writing-block])&gt;*]:pointer-events-auto [content-visibility:auto] supports-[content-visibility:auto]:[contain-intrinsic-size:auto_100lvh] scroll-mt-[calc(var(--header-height)+min(200px,max(70px,20svh)))]\" dir=\"auto\" tabindex=\"-1\" data-turn-id=\"be83f372-4334-4c21-a68f-8aaf33185c7d\" data-testid=\"conversation-turn-30\" data-scroll-anchor=\"true\" data-turn=\"assistant\">\n<div class=\"text-base my-auto mx-auto pb-10 [--thread-content-margin:--spacing(4)] thread-sm:[--thread-content-margin:--spacing(6)] thread-lg:[--thread-content-margin:--spacing(16)] px-(--thread-content-margin)\">\n<div class=\"[--thread-content-max-width:40rem] thread-lg:[--thread-content-max-width:48rem] mx-auto max-w-(--thread-content-max-width) flex-1 group\/turn-messages focus-visible:outline-hidden relative flex w-full min-w-0 flex-col agent-turn\" tabindex=\"-1\">\n<div class=\"flex max-w-full flex-col grow\">\n<div class=\"min-h-8 text-message relative flex w-full flex-col items-end gap-2 text-start break-words whitespace-normal [.text-message+&amp;]:mt-1\" dir=\"auto\" data-message-author-role=\"assistant\" data-message-id=\"0bc46c84-d247-4d92-a4bb-b7091bf3fe36\" data-message-model-slug=\"gpt-5-thinking\">\n<div class=\"flex w-full flex-col gap-1 empty:hidden first:pt-[1px]\">\n<div class=\"markdown prose dark:prose-invert w-full break-words dark markdown-new-styling\">\n<p data-start=\"0\" data-end=\"264\" data-is-last-node=\"\" data-is-only-node=\"\">Garant Ice Blueberry 20mg nicotine pouches with <strong data-start=\"998\" data-end=\"1011\">Blueberry<\/strong> flavor in <strong data-start=\"1022\" data-end=\"1030\">Slim<\/strong> format. Each pouch contains <strong data-start=\"1059\" data-end=\"1077\">10 mg nicotine<\/strong>.<\/p>\n<\/div>\n<\/div>\n<\/div>\n<\/div>\n<div class=\"z-0 flex min-h-[46px] justify-start\"><\/div>\n<div class=\"mt-3 w-full empty:hidden\">\n<div class=\"text-center\"><\/div>\n<\/div>\n<\/div>\n<\/div>\n<\/article>\n<div class=\"pointer-events-none h-px w-px\" aria-hidden=\"true\" data-edge=\"true\"><\/div>\n","protected":false},"featured_media":84822,"comment_status":"open","ping_status":"closed","template":"","format":[206],"meta":{"_acf_changed":false},"product_brand":[],"product_cat":[102],"product_tag":[16587,16510],"flavours":[196],"nicotine":[218,232],"class_list":{"0":"post-60434","1":"product","2":"type-product","3":"status-publish","4":"has-post-thumbnail","6":"product_cat-garant","7":"product_tag-10-mg-pouch","8":"product_tag-12-off","9":"pa_quantity-1-pack","10":"pa_quantity-10-pack","11":"pa_quantity-3-pack","12":"pa_quantity-30-pack","13":"pa_quantity-5-pack","14":"pa_quantity-60-pack","15":"flavours-fruits-berries","16":"format-slim","17":"nicotine-20-mg-g","18":"nicotine-extra-strong","20":"first","21":"instock","22":"sale","23":"taxable","24":"shipping-taxable","25":"purchasable","26":"product-type-variable","27":"has-default-attributes"},"acf":[],"_links":{"self":[{"href":"https:\/\/whitelip.com\/tr\/wp-json\/wp\/v2\/product\/60434","targetHints":{"allow":["GET"]}}],"collection":[{"href":"https:\/\/whitelip.com\/tr\/wp-json\/wp\/v2\/product"}],"about":[{"href":"https:\/\/whitelip.com\/tr\/wp-json\/wp\/v2\/types\/product"}],"replies":[{"embeddable":true,"href":"https:\/\/whitelip.com\/tr\/wp-json\/wp\/v2\/comments?post=60434"}],"wp:featuredmedia":[{"embeddable":true,"href":"https:\/\/whitelip.com\/tr\/wp-json\/wp\/v2\/media\/84822"}],"wp:attachment":[{"href":"https:\/\/whitelip.com\/tr\/wp-json\/wp\/v2\/media?parent=60434"}],"wp:term":[{"taxonomy":"product_brand","embeddable":true,"href":"https:\/\/whitelip.com\/tr\/wp-json\/wp\/v2\/product_brand?post=60434"},{"taxonomy":"product_cat","embeddable":true,"href":"https:\/\/whitelip.com\/tr\/wp-json\/wp\/v2\/product_cat?post=60434"},{"taxonomy":"product_tag","embeddable":true,"href":"https:\/\/whitelip.com\/tr\/wp-json\/wp\/v2\/product_tag?post=60434"},{"taxonomy":"flavours","embeddable":true,"href":"https:\/\/whitelip.com\/tr\/wp-json\/wp\/v2\/flavours?post=60434"},{"taxonomy":"format","embeddable":true,"href":"https:\/\/whitelip.com\/tr\/wp-json\/wp\/v2\/format?post=60434"},{"taxonomy":"nicotine","embeddable":true,"href":"https:\/\/whitelip.com\/tr\/wp-json\/wp\/v2\/nicotine?post=60434"}],"curies":[{"name":"wp","href":"https:\/\/api.w.org\/{rel}","templated":true}]}}