{"id":59925,"date":"2026-01-12T15:25:25","date_gmt":"2026-01-12T15:25:25","guid":{"rendered":"https:\/\/whitelip.com\/?post_type=product&#038;p=59925"},"modified":"2026-03-06T20:56:49","modified_gmt":"2026-03-06T20:56:49","slug":"cuba-black-grape","status":"publish","type":"product","link":"https:\/\/whitelip.com\/tr\/cuba\/cuba-black-grape\/","title":{"rendered":"CUBA Black Grape"},"content":{"rendered":"<h2>CUBA Black Grape<\/h2>\n<p><span style=\"font-weight: 400;\">CUBA Black Grape Hit nikotin po\u015fetleri zengin \u00fcz\u00fcm aromas\u0131 sunarken g\u00fc\u00e7l\u00fc ve tatmin edici bir deneyim sa\u011flar. Her ince, tamamen beyaz po\u015fet 43 mg nikotin i\u00e7erir ve deneyimli kullan\u0131c\u0131lar i\u00e7in uygun g\u00fc\u00e7l\u00fc bir his sa\u011flar. Siyah renkli po\u015fetler diskret olmak ve di\u015flere leke vermemek i\u00e7in tasarlanm\u0131\u015ft\u0131r. Her kutu 20 po\u015fet i\u00e7erir ve keyfiniz i\u00e7in bol miktarda \u00fcr\u00fcn sunar. Polonya \u00fcreticisi CUBA taraf\u0131ndan \u00fcretilen bu po\u015fetler, \u00e7a\u011fda\u015f y\u00f6ntemleri geleneksel kalite ile birle\u015ftirmeleriyle bilinir ve y\u00fcksek standartlar ile yenilik\u00e7i lezzet kombinasyonlar\u0131n\u0131 \u00f6rneklendirir.<\/span><\/p>\n<table>\n<tbody>\n<tr>\n<td><b>Attribute<\/b><\/td>\n<td><b>Ayr\u0131nt\u0131lar<\/b><\/td>\n<\/tr>\n<tr>\n<td><b>10g (20 po\u015fet)<\/b><\/td>\n<td><span style=\"font-weight: 400;\">13g (20 po\u015fet)<\/span><\/td>\n<\/tr>\n<tr>\n<td><b>Nikotin i\u00e7eri\u011fi<\/b><\/td>\n<td><span style=\"font-weight: 400;\">43 mg\/g (po\u015fet ba\u015f\u0131na 43 mg)<\/span><\/td>\n<\/tr>\n<tr>\n<td><b>Po\u015fet format\u0131<\/b><\/td>\n<td><span style=\"font-weight: 400;\">\u0130nce<\/span><\/td>\n<\/tr>\n<tr>\n<td><b>\u00dcretici<\/b><\/td>\n<td><span style=\"font-weight: 400;\">CUBA<\/span><\/td>\n<\/tr>\n<tr>\n<td><b>Aroma<\/b><\/td>\n<td><span style=\"font-weight: 400;\">\u00dcz\u00fcm<\/span><\/td>\n<\/tr>\n<tr>\n<td><b>T\u00fcr<\/b><\/td>\n<td><span style=\"font-weight: 400;\">Tamamen beyaz po\u015fet<\/span><\/td>\n<\/tr>\n<\/tbody>\n<\/table>\n<p>\u00a0<\/p>","protected":false},"excerpt":{"rendered":"<p>Zengin, \u00fcz\u00fcm, tatmin edici tat. The <strong data-start=\"60\" data-end=\"75\">tamamen beyaz po\u015fetler duda\u011f\u0131n alt\u0131nda gizli ve rahat bir \u015fekilde oturur, leke olmadan istedi\u011finiz zaman kullan\u0131labilir. Her po\u015fet i\u00e7erir <\/strong>siyah po\u015fetler duda\u011f\u0131n alt\u0131nda g\u00f6zden ka\u00e7\u0131yor ve di\u015fleri boyamayacak. Her po\u015fet <strong data-start=\"156\" data-end=\"184\">po\u015fet ba\u015f\u0131na 43 mg nikotin<\/strong>i\u00e7erir, deneyimli kullan\u0131c\u0131lara uygun g\u00fc\u00e7l\u00fc bir etki sunmaktad\u0131r. Her kutu 20 po\u015fet i\u00e7erir, CUBA taraf\u0131ndan y\u00fcksek kaliteli, t\u00fct\u00fcns\u00fcz performans i\u00e7in yap\u0131lm\u0131\u015ft\u0131r.<\/p>","protected":false},"featured_media":59949,"comment_status":"open","ping_status":"closed","template":"","format":[206],"meta":{"_acf_changed":false},"product_brand":[],"product_cat":[46],"product_tag":[16567],"flavours":[196],"nicotine":[227,233],"class_list":{"0":"post-59925","1":"product","2":"type-product","3":"status-publish","4":"has-post-thumbnail","6":"product_cat-cuba","7":"product_tag-43-mg-pouch","8":"pa_quantity-1-pack","9":"pa_quantity-10-pack","10":"pa_quantity-3-pack","11":"pa_quantity-30-pack","12":"pa_quantity-5-pack","13":"pa_quantity-60-pack","14":"flavours-fruits-berries","15":"format-slim","16":"nicotine-43-mg-g","17":"nicotine-extreme","19":"first","20":"outofstock","21":"taxable","22":"shipping-taxable","23":"purchasable","24":"product-type-variable"},"acf":[],"_links":{"self":[{"href":"https:\/\/whitelip.com\/tr\/wp-json\/wp\/v2\/product\/59925","targetHints":{"allow":["GET"]}}],"collection":[{"href":"https:\/\/whitelip.com\/tr\/wp-json\/wp\/v2\/product"}],"about":[{"href":"https:\/\/whitelip.com\/tr\/wp-json\/wp\/v2\/types\/product"}],"replies":[{"embeddable":true,"href":"https:\/\/whitelip.com\/tr\/wp-json\/wp\/v2\/comments?post=59925"}],"wp:featuredmedia":[{"embeddable":true,"href":"https:\/\/whitelip.com\/tr\/wp-json\/wp\/v2\/media\/59949"}],"wp:attachment":[{"href":"https:\/\/whitelip.com\/tr\/wp-json\/wp\/v2\/media?parent=59925"}],"wp:term":[{"taxonomy":"product_brand","embeddable":true,"href":"https:\/\/whitelip.com\/tr\/wp-json\/wp\/v2\/product_brand?post=59925"},{"taxonomy":"product_cat","embeddable":true,"href":"https:\/\/whitelip.com\/tr\/wp-json\/wp\/v2\/product_cat?post=59925"},{"taxonomy":"product_tag","embeddable":true,"href":"https:\/\/whitelip.com\/tr\/wp-json\/wp\/v2\/product_tag?post=59925"},{"taxonomy":"flavours","embeddable":true,"href":"https:\/\/whitelip.com\/tr\/wp-json\/wp\/v2\/flavours?post=59925"},{"taxonomy":"format","embeddable":true,"href":"https:\/\/whitelip.com\/tr\/wp-json\/wp\/v2\/format?post=59925"},{"taxonomy":"nicotine","embeddable":true,"href":"https:\/\/whitelip.com\/tr\/wp-json\/wp\/v2\/nicotine?post=59925"}],"curies":[{"name":"wp","href":"https:\/\/api.w.org\/{rel}","templated":true}]}}