{"id":45969,"date":"2025-12-08T12:41:53","date_gmt":"2025-12-08T12:41:53","guid":{"rendered":"https:\/\/whitelip.com\/?post_type=product&#038;p=45969"},"modified":"2026-05-07T10:11:41","modified_gmt":"2026-05-07T10:11:41","slug":"mynt-lychee-12mg","status":"publish","type":"product","link":"https:\/\/whitelip.com\/tr\/mynt\/mynt-lychee-12mg\/","title":{"rendered":"MYNT Lychee 12mg"},"content":{"rendered":"<p data-start=\"212\" data-end=\"505\">MYNT \u00c7ilek 12mg, hafif \u00e7i\u00e7ek aromas\u0131 ve ferah yumu\u015fakl\u0131\u011f\u0131 ile tatl\u0131 ve tropik \u00e7ilek tad\u0131 sunuyor. Tat, parlak, meyveli ve biraz egzotik olup, g\u00fcnl\u00fck kullan\u0131m i\u00e7in ideal olan temiz ve canland\u0131r\u0131c\u0131 bir profil sunuyor. Geleneksel nane veya turun\u00e7gil \u00e7e\u015fitlerinden farkl\u0131 bir \u015fekilde, hassas ancak lezzetli bir deneyim sa\u011fl\u0131yor.<\/p>\n<p data-start=\"507\" data-end=\"827\">Her dar po\u015f 12 mg nikotin i\u00e7eriyor ve d\u00fczenli kullan\u0131c\u0131lara uygun, a\u00e7\u0131k ve istikrarl\u0131 bir sal\u0131n\u0131m sa\u011flayan orta g\u00fc\u00e7l\u00fc bir etki sunuyor. T\u00fcm beyaz, t\u00fct\u00fcns\u00fcz format, hi\u00e7 leke b\u0131rakmayan, duman\u0131z olmayan veya koku kalmayan temiz bir deneyim garantiliyor - her zaman ve her yerde ayr\u0131ks\u0131 ve ferah bir keyif i\u00e7in m\u00fckemmel.<\/p>\n<table>\n<tbody>\n<tr>\n<td><b>Attribute<\/b><\/td>\n<td><b>Ayr\u0131nt\u0131lar<\/b><\/td>\n<\/tr>\n<tr>\n<td><b>Brand<\/b><\/td>\n<td><span style=\"font-weight: 400;\">MYNT<\/span><\/td>\n<\/tr>\n<tr>\n<td><b>\u00dcr\u00fcn T\u00fcr\u00fc<\/b><\/td>\n<td><span style=\"font-weight: 400;\">T\u00fcm Beyaz Nikotin Po\u015fetleri<\/span><\/td>\n<\/tr>\n<tr>\n<td><b>Format<\/b><\/td>\n<td>\u0130nce<\/td>\n<\/tr>\n<tr>\n<td><b>Aroma<\/b><\/td>\n<td>Lychee<\/td>\n<\/tr>\n<tr>\n<td><b>Nikotin G\u00fcc\u00fc<\/b><\/td>\n<td><span style=\"font-weight: 400;\">Po\u015f ba\u015f\u0131na 12 mg (24 mg\/g)<\/span><\/td>\n<\/tr>\n<tr>\n<td><b>K\u0131s\u0131m A\u011f\u0131rl\u0131\u011f\u0131<\/b><\/td>\n<td><span style=\"font-weight: 400;\">0,5 gram<\/span><\/td>\n<\/tr>\n<tr>\n<td><b>K\u0131s\u0131m Say\u0131s\u0131<\/b><\/td>\n<td><span style=\"font-weight: 400;\">kutu ba\u015f\u0131na 20<\/span><\/td>\n<\/tr>\n<tr>\n<td><b>Toplam Kutu A\u011f\u0131rl\u0131\u011f\u0131<\/b><\/td>\n<td><span style=\"font-weight: 400;\">8 gram<\/span><\/td>\n<\/tr>\n<tr>\n<td><b>\u00dcretici<\/b><\/td>\n<td>Satyam's Sun Products Pvt Ltd<\/td>\n<\/tr>\n<tr>\n<td><b>Dikkate De\u011fer \u00d6zellikler<\/b><\/td>\n<td><span style=\"font-weight: 400;\">T\u00fct\u00fcns\u00fcz, dar format, egzotik ve ferah \u00e7ilek aromas\u0131<\/span><\/td>\n<\/tr>\n<\/tbody>\n<\/table>","protected":false},"excerpt":{"rendered":"<p data-start=\"1386\" data-end=\"1459\"><strong>Lychee<\/strong> tat bir <b>ince <\/b>po\u015fet ile <strong data-start=\"1494\" data-end=\"1513\">12 mg nikotin<\/strong> po\u015fet ba\u015f\u0131na.<\/p>","protected":false},"featured_media":47210,"comment_status":"open","ping_status":"closed","template":"","format":[206],"meta":{"_acf_changed":false},"product_brand":[],"product_cat":[11212],"product_tag":[16561],"flavours":[196],"nicotine":[217,236],"class_list":{"0":"post-45969","1":"product","2":"type-product","3":"status-publish","4":"has-post-thumbnail","6":"product_cat-mynt","7":"product_tag-12-mg-pouch","8":"pa_quantity-1-pack","9":"pa_quantity-10-pack","10":"pa_quantity-3-pack","11":"pa_quantity-30-pack","12":"pa_quantity-5-pack","13":"pa_quantity-60-pack","14":"flavours-fruits-berries","15":"format-slim","16":"nicotine-24-mg-g","17":"nicotine-strong","19":"first","20":"outofstock","21":"taxable","22":"shipping-taxable","23":"purchasable","24":"product-type-variable"},"acf":[],"_links":{"self":[{"href":"https:\/\/whitelip.com\/tr\/wp-json\/wp\/v2\/product\/45969","targetHints":{"allow":["GET"]}}],"collection":[{"href":"https:\/\/whitelip.com\/tr\/wp-json\/wp\/v2\/product"}],"about":[{"href":"https:\/\/whitelip.com\/tr\/wp-json\/wp\/v2\/types\/product"}],"replies":[{"embeddable":true,"href":"https:\/\/whitelip.com\/tr\/wp-json\/wp\/v2\/comments?post=45969"}],"wp:featuredmedia":[{"embeddable":true,"href":"https:\/\/whitelip.com\/tr\/wp-json\/wp\/v2\/media\/47210"}],"wp:attachment":[{"href":"https:\/\/whitelip.com\/tr\/wp-json\/wp\/v2\/media?parent=45969"}],"wp:term":[{"taxonomy":"product_brand","embeddable":true,"href":"https:\/\/whitelip.com\/tr\/wp-json\/wp\/v2\/product_brand?post=45969"},{"taxonomy":"product_cat","embeddable":true,"href":"https:\/\/whitelip.com\/tr\/wp-json\/wp\/v2\/product_cat?post=45969"},{"taxonomy":"product_tag","embeddable":true,"href":"https:\/\/whitelip.com\/tr\/wp-json\/wp\/v2\/product_tag?post=45969"},{"taxonomy":"flavours","embeddable":true,"href":"https:\/\/whitelip.com\/tr\/wp-json\/wp\/v2\/flavours?post=45969"},{"taxonomy":"format","embeddable":true,"href":"https:\/\/whitelip.com\/tr\/wp-json\/wp\/v2\/format?post=45969"},{"taxonomy":"nicotine","embeddable":true,"href":"https:\/\/whitelip.com\/tr\/wp-json\/wp\/v2\/nicotine?post=45969"}],"curies":[{"name":"wp","href":"https:\/\/api.w.org\/{rel}","templated":true}]}}