{"id":43871,"date":"2025-11-26T11:15:53","date_gmt":"2025-11-26T11:15:53","guid":{"rendered":"https:\/\/whitelip.com\/?post_type=product&#038;p=43871"},"modified":"2026-02-16T15:51:08","modified_gmt":"2026-02-16T15:51:08","slug":"kelly-white-leopard-kelly-refillcan","status":"publish","type":"product","link":"https:\/\/whitelip.com\/tr\/refill-cans\/kelly-white-leopard-kelly-refillcan\/","title":{"rendered":"Kelly White Leopard Kelly Refill Can"},"content":{"rendered":"<p data-start=\"154\" data-end=\"438\">Leopard Kelly, ki\u015fili\u011fi, \u00f6zg\u00fcveni ve zamans\u0131z \u00e7ekicili\u011fi olan bir depolama aksesyuar\u0131 isteyenleri i\u00e7in tasarlanm\u0131\u015f \u015f\u0131k bir doldurulabilir kutu. Klasik leopar deseni ile, bu model modern flair'i cesur ve modaya uygun bir g\u00f6r\u00fcn\u00fcmle birle\u015ftirerek, \u00f6ne \u00e7\u0131kmay\u0131 sevenleri i\u00e7in m\u00fckemmeldir.<\/p>\n<p data-start=\"440\" data-end=\"813\">Kelly Koleksiyonu'nun bir par\u00e7as\u0131 olarak Leopard Kelly, dayan\u0131kl\u0131l\u0131k, tasar\u0131m kalitesi ve g\u00fcnl\u00fck praktikli\u011fe g\u00fc\u00e7l\u00fc bir odaklanmayla \u00fcretilmi\u015ftir. Doku y\u00fczeyi kutuya premium bir his verirken, rahat bir \u015fekilde tutulabilir ve cep veya \u00e7antaya kolay ta\u015f\u0131nabilir. \u0130fade dolu deseni, hem g\u00fcnl\u00fck kullan\u0131m hem de daha resmi ortamlara uygun ay\u0131rt edici bir aksesuar yapar.<\/p>\n<p data-start=\"815\" data-end=\"1090\">Leopard Kelly tamamen doldurulabilir ve 20'ye kadar nikotin po\u015feti s\u0131\u011fd\u0131rarak, tek kullan\u0131ml\u0131k ambalaja uzun s\u00fcreli ve \u00e7evre dostu bir alternatif sunmaktad\u0131r. \u0130\u00e7 mekan, po\u015fetlerinizi d\u00fczenli depolaman\u0131z\u0131 ve eri\u015filebilir tutman\u0131z\u0131 sa\u011flamak i\u00e7in tasarlanm\u0131\u015ft\u0131r, geri her yerde g\u00fcnl\u00fck kullan\u0131m i\u00e7in uygun.<\/p>","protected":false},"excerpt":{"rendered":"<p data-start=\"1327\" data-end=\"1548\">Leopard Kelly, klasik leopar desenl\u0131 doldurulabilir kutu. Kelly Koleksiyonu'ndan cesur ve \u015f\u0131k bir aksesuar, 20'ye kadar nikotin po\u015feti i\u00e7in pratik depolama sunmaktad\u0131r.<\/p>","protected":false},"featured_media":46775,"comment_status":"open","ping_status":"closed","template":"","format":[],"meta":{"_acf_changed":false},"product_brand":[],"product_cat":[10726],"product_tag":[],"flavours":[],"nicotine":[],"class_list":{"0":"post-43871","1":"product","2":"type-product","3":"status-publish","4":"has-post-thumbnail","6":"product_cat-refill-cans","8":"first","9":"instock","10":"taxable","11":"shipping-taxable","12":"purchasable","13":"product-type-simple"},"acf":[],"_links":{"self":[{"href":"https:\/\/whitelip.com\/tr\/wp-json\/wp\/v2\/product\/43871","targetHints":{"allow":["GET"]}}],"collection":[{"href":"https:\/\/whitelip.com\/tr\/wp-json\/wp\/v2\/product"}],"about":[{"href":"https:\/\/whitelip.com\/tr\/wp-json\/wp\/v2\/types\/product"}],"replies":[{"embeddable":true,"href":"https:\/\/whitelip.com\/tr\/wp-json\/wp\/v2\/comments?post=43871"}],"wp:featuredmedia":[{"embeddable":true,"href":"https:\/\/whitelip.com\/tr\/wp-json\/wp\/v2\/media\/46775"}],"wp:attachment":[{"href":"https:\/\/whitelip.com\/tr\/wp-json\/wp\/v2\/media?parent=43871"}],"wp:term":[{"taxonomy":"product_brand","embeddable":true,"href":"https:\/\/whitelip.com\/tr\/wp-json\/wp\/v2\/product_brand?post=43871"},{"taxonomy":"product_cat","embeddable":true,"href":"https:\/\/whitelip.com\/tr\/wp-json\/wp\/v2\/product_cat?post=43871"},{"taxonomy":"product_tag","embeddable":true,"href":"https:\/\/whitelip.com\/tr\/wp-json\/wp\/v2\/product_tag?post=43871"},{"taxonomy":"flavours","embeddable":true,"href":"https:\/\/whitelip.com\/tr\/wp-json\/wp\/v2\/flavours?post=43871"},{"taxonomy":"format","embeddable":true,"href":"https:\/\/whitelip.com\/tr\/wp-json\/wp\/v2\/format?post=43871"},{"taxonomy":"nicotine","embeddable":true,"href":"https:\/\/whitelip.com\/tr\/wp-json\/wp\/v2\/nicotine?post=43871"}],"curies":[{"name":"wp","href":"https:\/\/api.w.org\/{rel}","templated":true}]}}