{"id":43850,"date":"2025-11-26T10:43:45","date_gmt":"2025-11-26T10:43:45","guid":{"rendered":"https:\/\/whitelip.com\/?post_type=product&#038;p=43850"},"modified":"2026-03-11T04:56:42","modified_gmt":"2026-03-11T04:56:42","slug":"kelly-white-nightclub-kelly-refillcan","status":"publish","type":"product","link":"https:\/\/whitelip.com\/tr\/refill-cans\/kelly-white-nightclub-kelly-refillcan\/","title":{"rendered":"Kelly White Nightclub Kelly Refill Can"},"content":{"rendered":"<p data-start=\"249\" data-end=\"554\">Nightclub Kelly, nikotin po\u015fetlerini depolaman\u0131n cesur ve zarif bir yolunu isteyenleri i\u00e7in tasarlanm\u0131\u015f premium bir doldurulabilir kutu. D\u0131\u015f y\u00fczey, \u0131\u015f\u0131\u011f\u0131 ince bir \u015fekilde yans\u0131tan k\u00fc\u00e7\u00fck siyah ta\u015flarla kapl\u0131, kutuya hem g\u00fcnl\u00fck kullan\u0131m hem de \u00f6zel f\u0131rsatlar i\u00e7in uygun, \u015f\u0131k ve l\u00fcks bir g\u00f6r\u00fcn\u00fc\u015f vermi\u015ftir.<\/p>\n<p data-start=\"556\" data-end=\"890\">Kelly Koleksiyonu'nun bir par\u00e7as\u0131 olarak bu model, \u015f\u0131k tasar\u0131m\u0131 uzun s\u00fcreli i\u015flevsellikle birle\u015ftirir. \u0130\u00e7 k\u0131s\u0131m, nikotin po\u015fetlerinizin her zaman g\u00fcvenli ve hijyenik bir \u015fekilde depolanmas\u0131n\u0131 sa\u011flayan g\u0131da s\u0131n\u0131f\u0131 plastikten yap\u0131lm\u0131\u015ft\u0131r. Doldurulabilir yap\u0131s\u0131, tek kullan\u0131ml\u0131k ambalaja dayan\u0131kl\u0131 ve daha s\u00fcrd\u00fcr\u00fclebilir bir alternatif yapar.<\/p>\n<p data-start=\"892\" data-end=\"1206\">Nightclub Kelly, ayr\u0131nt\u0131ya dikkat ve y\u00fcksek kalite standartlar\u0131yla haz\u0131rlanm\u0131\u015ft\u0131r <span class=\"hover:entity-accent entity-underline inline cursor-pointer align-baseline\"><span class=\"whitespace-normal\">White Industries AB<\/span><\/span>, pratiklik ve esteti\u011fi m\u00fckemmel bir \u015fekilde dengeleyerek. \u0130ster ince bir aksesuar isterse modern bir kenar tercih edin, bu kutu \u015f\u0131k ve g\u00fcvenilir bir depolama \u00e7\u00f6z\u00fcm\u00fc sunar.<\/p>","protected":false},"excerpt":{"rendered":"<p data-start=\"1240\" data-end=\"1417\">Nightclub Kelly, siyah ta\u015fl\u0131 ve g\u0131da s\u0131n\u0131f\u0131 i\u00e7 k\u0131s\u0131ml\u0131 doldurulabilir premium kutu. Nikotin po\u015fetlerinin g\u00fcvenli ve zarif depolanmas\u0131 i\u00e7in tasarlanm\u0131\u015f, \u015f\u0131k ve dayan\u0131kl\u0131 bir aksesuar.<\/p>","protected":false},"featured_media":46784,"comment_status":"open","ping_status":"closed","template":"","format":[],"meta":{"_acf_changed":false},"product_brand":[],"product_cat":[10726],"product_tag":[],"flavours":[],"nicotine":[],"class_list":{"0":"post-43850","1":"product","2":"type-product","3":"status-publish","4":"has-post-thumbnail","6":"product_cat-refill-cans","8":"first","9":"instock","10":"taxable","11":"shipping-taxable","12":"purchasable","13":"product-type-simple"},"acf":[],"_links":{"self":[{"href":"https:\/\/whitelip.com\/tr\/wp-json\/wp\/v2\/product\/43850","targetHints":{"allow":["GET"]}}],"collection":[{"href":"https:\/\/whitelip.com\/tr\/wp-json\/wp\/v2\/product"}],"about":[{"href":"https:\/\/whitelip.com\/tr\/wp-json\/wp\/v2\/types\/product"}],"replies":[{"embeddable":true,"href":"https:\/\/whitelip.com\/tr\/wp-json\/wp\/v2\/comments?post=43850"}],"wp:featuredmedia":[{"embeddable":true,"href":"https:\/\/whitelip.com\/tr\/wp-json\/wp\/v2\/media\/46784"}],"wp:attachment":[{"href":"https:\/\/whitelip.com\/tr\/wp-json\/wp\/v2\/media?parent=43850"}],"wp:term":[{"taxonomy":"product_brand","embeddable":true,"href":"https:\/\/whitelip.com\/tr\/wp-json\/wp\/v2\/product_brand?post=43850"},{"taxonomy":"product_cat","embeddable":true,"href":"https:\/\/whitelip.com\/tr\/wp-json\/wp\/v2\/product_cat?post=43850"},{"taxonomy":"product_tag","embeddable":true,"href":"https:\/\/whitelip.com\/tr\/wp-json\/wp\/v2\/product_tag?post=43850"},{"taxonomy":"flavours","embeddable":true,"href":"https:\/\/whitelip.com\/tr\/wp-json\/wp\/v2\/flavours?post=43850"},{"taxonomy":"format","embeddable":true,"href":"https:\/\/whitelip.com\/tr\/wp-json\/wp\/v2\/format?post=43850"},{"taxonomy":"nicotine","embeddable":true,"href":"https:\/\/whitelip.com\/tr\/wp-json\/wp\/v2\/nicotine?post=43850"}],"curies":[{"name":"wp","href":"https:\/\/api.w.org\/{rel}","templated":true}]}}