{"id":35125,"date":"2025-11-22T21:24:13","date_gmt":"2025-11-22T21:24:13","guid":{"rendered":"https:\/\/whitelip.com\/?post_type=product&#038;p=35125"},"modified":"2026-05-07T10:11:40","modified_gmt":"2026-05-07T10:11:40","slug":"denssi-southern-boost-caffeine","status":"publish","type":"product","link":"https:\/\/whitelip.com\/tr\/denssi-caffeine-pouches\/denssi-southern-boost-caffeine\/","title":{"rendered":"Denssi Southern Boost Kafein"},"content":{"rendered":"<p data-start=\"173\" data-end=\"550\">Denssi Energy Southern Boost, \u015feftali buzlu \u00e7ay\u0131n\u0131n p\u00fcr\u00fczs\u00fcz, tazeleyici tad\u0131n\u0131 temiz, g\u00fc\u00e7l\u00fc bir kafein po\u015fetine ta\u015f\u0131yor. Her slim po\u015fet, klasik g\u00fcney buzlu \u00e7ay\u0131 gibi hissettiren hafif tatl\u0131 ve so\u011futulmu\u015f bir \u015feftali tad\u0131 sunuyor, do\u011fal kafein ile sabit odaklanma ve uzun s\u00fcreli enerji i\u00e7in dengelenmi\u015f. \u015eeker yok, t\u00fct\u00fcn i\u00e7ermez, s\u0131v\u0131 yok\u2014sadece saf tat ve performans.<\/p>\n<p data-start=\"552\" data-end=\"887\">Slim, ayr\u0131k format, Southern Boost'u herhangi bir yerde kullanmas\u0131 kolay hale getirir - ister \u00e7al\u0131\u015f\u0131yor, ister \u00e7al\u0131\u015f\u0131yor, ister uzun bir g\u00fcn boyunca keskin kal\u0131yorsan\u0131z. Hafif serinletici biti\u015f ve \u00f6z\u00fc \u015feftali-\u00e7ay profiliyle, bu po\u015fet \u015feker i\u00e7eren i\u00e7eceklerin \u00e7\u00f6k\u00fc\u015f\u00fc veya kahvenin ac\u0131l\u0131\u011f\u0131 olmadan sizi odaklanmaya devam ettiren sakin ama kald\u0131r\u0131c\u0131 bir art\u0131\u015f sunuyor.<\/p>\n<table style=\"height: 395px;\" width=\"375\">\n<tbody>\n<tr>\n<td><b>Attribute<\/b><\/td>\n<td><b>Ayr\u0131nt\u0131lar<\/b><\/td>\n<\/tr>\n<tr>\n<td><b>Brand<\/b><\/td>\n<td>Denssi<\/td>\n<\/tr>\n<tr>\n<td><b>\u00dcr\u00fcn T\u00fcr\u00fc<\/b><\/td>\n<td><span style=\"font-weight: 400;\">T\u00fcm White Kafein Po\u015fetleri<\/span><\/td>\n<\/tr>\n<tr>\n<td><b>Format<\/b><\/td>\n<td>\u0130nce<\/td>\n<\/tr>\n<tr>\n<td><b>Aroma<\/b><\/td>\n<td>\u015eeftali buzlu \u00e7ay<\/td>\n<\/tr>\n<tr>\n<td><b>Kafein G\u00fcc\u00fc<\/b><\/td>\n<td>100 mg<\/td>\n<\/tr>\n<tr>\n<td><b>\u00dcretici<\/b><\/td>\n<td><span style=\"font-weight: 400;\">Denssi<\/span><\/td>\n<\/tr>\n<tr>\n<td><b>K\u0131s\u0131m Say\u0131s\u0131<\/b><\/td>\n<td><span style=\"font-weight: 400;\">Kutuda 15 adet<\/span><\/td>\n<\/tr>\n<tr>\n<td><b>Dikkate De\u011fer \u00d6zellikler<\/b><\/td>\n<td><span style=\"font-weight: 400;\">T\u00fct\u00fcn i\u00e7ermez, ince format<\/span><\/td>\n<\/tr>\n<tr>\n<td><\/td>\n<td><\/td>\n<\/tr>\n<tr>\n<td><\/td>\n<td><\/td>\n<\/tr>\n<\/tbody>\n<\/table>","protected":false},"excerpt":{"rendered":"<p data-start=\"1185\" data-end=\"1369\">Southern Boost, so\u011futulmu\u015f \u015feftali buzlu \u00e7ay\u0131n\u0131n tad\u0131n\u0131 temiz bir kafein at\u0131\u015f\u0131yla sunuyor. Slim, ayr\u0131k ve \u015fekersiz po\u015fetler p\u00fcr\u00fczs\u00fcz, uzun s\u00fcreli odaklanma i\u00e7in tasarlanm\u0131\u015ft\u0131r.<\/p>","protected":false},"featured_media":35129,"comment_status":"open","ping_status":"closed","template":"","format":[206],"meta":{"_acf_changed":false},"product_brand":[],"product_cat":[267],"product_tag":[],"flavours":[196],"nicotine":[243],"class_list":{"0":"post-35125","1":"product","2":"type-product","3":"status-publish","4":"has-post-thumbnail","6":"product_cat-denssi-caffeine-pouches","7":"pa_quantity-1-pack","8":"pa_quantity-10-pack","9":"pa_quantity-3-pack","10":"pa_quantity-30-pack","11":"pa_quantity-5-pack","12":"pa_quantity-60-pack","13":"flavours-fruits-berries","14":"format-slim","15":"nicotine-caffeine","17":"first","18":"instock","19":"taxable","20":"shipping-taxable","21":"purchasable","22":"product-type-variable"},"acf":[],"_links":{"self":[{"href":"https:\/\/whitelip.com\/tr\/wp-json\/wp\/v2\/product\/35125","targetHints":{"allow":["GET"]}}],"collection":[{"href":"https:\/\/whitelip.com\/tr\/wp-json\/wp\/v2\/product"}],"about":[{"href":"https:\/\/whitelip.com\/tr\/wp-json\/wp\/v2\/types\/product"}],"replies":[{"embeddable":true,"href":"https:\/\/whitelip.com\/tr\/wp-json\/wp\/v2\/comments?post=35125"}],"wp:featuredmedia":[{"embeddable":true,"href":"https:\/\/whitelip.com\/tr\/wp-json\/wp\/v2\/media\/35129"}],"wp:attachment":[{"href":"https:\/\/whitelip.com\/tr\/wp-json\/wp\/v2\/media?parent=35125"}],"wp:term":[{"taxonomy":"product_brand","embeddable":true,"href":"https:\/\/whitelip.com\/tr\/wp-json\/wp\/v2\/product_brand?post=35125"},{"taxonomy":"product_cat","embeddable":true,"href":"https:\/\/whitelip.com\/tr\/wp-json\/wp\/v2\/product_cat?post=35125"},{"taxonomy":"product_tag","embeddable":true,"href":"https:\/\/whitelip.com\/tr\/wp-json\/wp\/v2\/product_tag?post=35125"},{"taxonomy":"flavours","embeddable":true,"href":"https:\/\/whitelip.com\/tr\/wp-json\/wp\/v2\/flavours?post=35125"},{"taxonomy":"format","embeddable":true,"href":"https:\/\/whitelip.com\/tr\/wp-json\/wp\/v2\/format?post=35125"},{"taxonomy":"nicotine","embeddable":true,"href":"https:\/\/whitelip.com\/tr\/wp-json\/wp\/v2\/nicotine?post=35125"}],"curies":[{"name":"wp","href":"https:\/\/api.w.org\/{rel}","templated":true}]}}