{"id":34953,"date":"2025-11-21T16:07:24","date_gmt":"2025-11-21T16:07:24","guid":{"rendered":"https:\/\/whitelip.com\/?post_type=product&#038;p=34953"},"modified":"2026-04-18T17:58:38","modified_gmt":"2026-04-18T17:58:38","slug":"denssi-tropical-fury-caffeine","status":"publish","type":"product","link":"https:\/\/whitelip.com\/tr\/denssi-caffeine-pouches\/denssi-tropical-fury-caffeine\/","title":{"rendered":"Denssi Tropical Fury Kafein"},"content":{"rendered":"<p data-start=\"162\" data-end=\"584\">Denssi Energy Tropical Fury, tropikal tat'\u0131n g\u00fc\u00e7l\u00fc bir patlamas\u0131n\u0131 temiz, s\u00fcrekli kafein enerjisiyle birle\u015ftirir. Her slim po\u015fet anan\u00e1s\u0131, sitrusyu ve tutulmu\u015f meyveyi her yerde yaz hissini getiren canl\u0131 bir meyve pun\u015fu profiline kar\u0131\u015ft\u0131r\u0131r. Do\u011fal kafein at\u0131\u015f\u0131 h\u0131zl\u0131 aktivasyon ve uzun s\u00fcreli odaklanma i\u00e7in tasarlanm\u0131\u015ft\u0131r, i\u015fte, antrenman veya yolda me\u015fgul g\u00fcnler boyunca keskin kalmaya yard\u0131mc\u0131 olur.<\/p>\n<p data-start=\"586\" data-end=\"898\">Slim, ayr\u0131k format, kahve veya enerji i\u00e7ecekleri i\u00e7meden enerji art\u0131\u015f\u0131na ihtiyac\u0131n\u0131z olan herhangi bir zamanda karma\u015fas\u0131z kullan\u0131m\u0131 sa\u011flar. Tamamen t\u00fct\u00fcn i\u00e7ermez ve \u015fekersiz, Tropical Fury \u00e7\u00f6k\u00fc\u015f olmadan ve gereksiz katk\u0131 maddeler olmadan p\u00fcr\u00fczs\u00fcz ve kald\u0131r\u0131c\u0131 bir deneyim sunuyor. Parlak tat. G\u00fc\u00e7l\u00fc enerji. S\u0131f\u0131r taviz.<\/p>\n<table style=\"height: 395px;\" width=\"375\">\n<tbody>\n<tr>\n<td><b>Attribute<\/b><\/td>\n<td><b>Ayr\u0131nt\u0131lar<\/b><\/td>\n<\/tr>\n<tr>\n<td><b>Brand<\/b><\/td>\n<td>Denssi<\/td>\n<\/tr>\n<tr>\n<td><b>\u00dcr\u00fcn T\u00fcr\u00fc<\/b><\/td>\n<td><span style=\"font-weight: 400;\">T\u00fcm White Kafein Po\u015fetleri<\/span><\/td>\n<\/tr>\n<tr>\n<td><b>Format<\/b><\/td>\n<td>\u0130nce<\/td>\n<\/tr>\n<tr>\n<td><b>Aroma<\/b><\/td>\n<td>Tropikal meyveler<\/td>\n<\/tr>\n<tr>\n<td><b>Kafein G\u00fcc\u00fc<\/b><\/td>\n<td>100 mg<\/td>\n<\/tr>\n<tr>\n<td><b>\u00dcretici<\/b><\/td>\n<td><span style=\"font-weight: 400;\">Denssi<\/span><\/td>\n<\/tr>\n<tr>\n<td><b>K\u0131s\u0131m Say\u0131s\u0131<\/b><\/td>\n<td><span style=\"font-weight: 400;\">Kutuda 15 adet<\/span><\/td>\n<\/tr>\n<tr>\n<td><b>Dikkate De\u011fer \u00d6zellikler<\/b><\/td>\n<td><span style=\"font-weight: 400;\">T\u00fct\u00fcn i\u00e7ermez, ince format<\/span><\/td>\n<\/tr>\n<tr>\n<td><\/td>\n<td><\/td>\n<\/tr>\n<tr>\n<td><\/td>\n<td><\/td>\n<\/tr>\n<\/tbody>\n<\/table>","protected":false},"excerpt":{"rendered":"<p data-start=\"1185\" data-end=\"1369\">Denssi Energy Tropical Fury, anan\u00e1s, sitrusun ve tutulmu\u015f meyvesinin cesur bir kar\u0131\u015f\u0131m\u0131n\u0131 do\u011fal kafein taraf\u0131ndan desteklenen \u015fekilde sunuyor. Slim, ayr\u0131k, \u015fekersiz ve t\u00fct\u00fcn i\u00e7ermez po\u015fetler, ihtiyac\u0131n\u0131z olan herhangi bir zaman h\u0131zl\u0131, uzun s\u00fcreli enerji i\u00e7in tasarlanm\u0131\u015ft\u0131r.<\/p>","protected":false},"featured_media":34957,"comment_status":"open","ping_status":"closed","template":"","format":[206],"meta":{"_acf_changed":false},"product_brand":[],"product_cat":[267],"product_tag":[],"flavours":[196],"nicotine":[243],"class_list":{"0":"post-34953","1":"product","2":"type-product","3":"status-publish","4":"has-post-thumbnail","6":"product_cat-denssi-caffeine-pouches","7":"pa_quantity-1-pack","8":"pa_quantity-10-pack","9":"pa_quantity-3-pack","10":"pa_quantity-30-pack","11":"pa_quantity-5-pack","12":"pa_quantity-60-pack","13":"flavours-fruits-berries","14":"format-slim","15":"nicotine-caffeine","17":"first","18":"instock","19":"taxable","20":"shipping-taxable","21":"purchasable","22":"product-type-variable"},"acf":[],"_links":{"self":[{"href":"https:\/\/whitelip.com\/tr\/wp-json\/wp\/v2\/product\/34953","targetHints":{"allow":["GET"]}}],"collection":[{"href":"https:\/\/whitelip.com\/tr\/wp-json\/wp\/v2\/product"}],"about":[{"href":"https:\/\/whitelip.com\/tr\/wp-json\/wp\/v2\/types\/product"}],"replies":[{"embeddable":true,"href":"https:\/\/whitelip.com\/tr\/wp-json\/wp\/v2\/comments?post=34953"}],"wp:featuredmedia":[{"embeddable":true,"href":"https:\/\/whitelip.com\/tr\/wp-json\/wp\/v2\/media\/34957"}],"wp:attachment":[{"href":"https:\/\/whitelip.com\/tr\/wp-json\/wp\/v2\/media?parent=34953"}],"wp:term":[{"taxonomy":"product_brand","embeddable":true,"href":"https:\/\/whitelip.com\/tr\/wp-json\/wp\/v2\/product_brand?post=34953"},{"taxonomy":"product_cat","embeddable":true,"href":"https:\/\/whitelip.com\/tr\/wp-json\/wp\/v2\/product_cat?post=34953"},{"taxonomy":"product_tag","embeddable":true,"href":"https:\/\/whitelip.com\/tr\/wp-json\/wp\/v2\/product_tag?post=34953"},{"taxonomy":"flavours","embeddable":true,"href":"https:\/\/whitelip.com\/tr\/wp-json\/wp\/v2\/flavours?post=34953"},{"taxonomy":"format","embeddable":true,"href":"https:\/\/whitelip.com\/tr\/wp-json\/wp\/v2\/format?post=34953"},{"taxonomy":"nicotine","embeddable":true,"href":"https:\/\/whitelip.com\/tr\/wp-json\/wp\/v2\/nicotine?post=34953"}],"curies":[{"name":"wp","href":"https:\/\/api.w.org\/{rel}","templated":true}]}}