{"id":34936,"date":"2025-11-21T15:07:54","date_gmt":"2025-11-21T15:07:54","guid":{"rendered":"https:\/\/whitelip.com\/?post_type=product&#038;p=34936"},"modified":"2026-04-18T17:58:21","modified_gmt":"2026-04-18T17:58:21","slug":"cafero-cappuccino-caffeine","status":"publish","type":"product","link":"https:\/\/whitelip.com\/tr\/cafero-caffeine-pouches\/cafero-cappuccino-caffeine\/","title":{"rendered":"Cafero Cappuccino Kafein"},"content":{"rendered":"<p data-start=\"250\" data-end=\"533\">Cafero Cappuccino, pratik bir po\u015fet format\u0131nda d\u00fczg\u00fcn ve kremsi bir kahve deneyimi sunuyor. Her kutu, zengin cappuccino ve yumu\u015fak s\u00fct k\u00f6p\u00fc\u011f\u00fc notu ile tatland\u0131r\u0131lm\u0131\u015f 20 adet beyaz po\u015fet i\u00e7erir ve \u015feker, kalori veya ac\u0131l\u0131k olmadan taze demlenmi\u015f bir fincana benzer tat sunar.<\/p>\n<p data-start=\"535\" data-end=\"859\">Her po\u015fet, bir fincan kahveye e\u015fde\u011fer olan saf kafeininden 80 mg sa\u011flar ve enerjiye, konsantrasyona veya uyan\u0131kl\u0131\u011fa ihtiya\u00e7 duydu\u011funuzda temiz ve sabit bir art\u0131\u015f verir. T\u00fct\u00fcn i\u00e7ermez, nikotin i\u00e7ermez ve \u015fekersiz olan Cafero Cappuccino, g\u00fcn boyunca enerjili kalmak i\u00e7in alternatif bir yol arayan kullan\u0131c\u0131lar i\u00e7in idealidir.<\/p>\n<table>\n<tbody>\n<tr>\n<td><b>Attribute<\/b><\/td>\n<td><b>Ayr\u0131nt\u0131lar<\/b><\/td>\n<\/tr>\n<tr>\n<td><b>Brand<\/b><\/td>\n<td>Cafero<\/td>\n<\/tr>\n<tr>\n<td><b>\u00dcr\u00fcn T\u00fcr\u00fc<\/b><\/td>\n<td><span style=\"font-weight: 400;\">T\u00fcm Beyaz Nikotin Po\u015fetleri<\/span><\/td>\n<\/tr>\n<tr>\n<td><b>Format<\/b><\/td>\n<td>\u0130nce<\/td>\n<\/tr>\n<tr>\n<td><b>Aroma<\/b><\/td>\n<td>Cappuccino<\/td>\n<\/tr>\n<tr>\n<td><b>Kafein G\u00fcc\u00fc<\/b><\/td>\n<td>80 mg<\/td>\n<\/tr>\n<tr>\n<td><b>K\u0131s\u0131m A\u011f\u0131rl\u0131\u011f\u0131<\/b><\/td>\n<td><span style=\"font-weight: 400;\">0,65 gram<\/span><\/td>\n<\/tr>\n<tr>\n<td><b>K\u0131s\u0131m Say\u0131s\u0131<\/b><\/td>\n<td><span style=\"font-weight: 400;\">kutu ba\u015f\u0131na 20<\/span><\/td>\n<\/tr>\n<tr>\n<td><b>Toplam Kutu A\u011f\u0131rl\u0131\u011f\u0131<\/b><\/td>\n<td><span style=\"font-weight: 400;\">13 gram<\/span><\/td>\n<\/tr>\n<tr>\n<td><b>\u00dcretici<\/b><\/td>\n<td><span style=\"font-weight: 400;\">Luna kurumsal<\/span><\/td>\n<\/tr>\n<tr>\n<td><b>Dikkate De\u011fer \u00d6zellikler<\/b><\/td>\n<td><span style=\"font-weight: 400;\">T\u00fct\u00fcn i\u00e7ermez, ince format<\/span><\/td>\n<\/tr>\n<\/tbody>\n<\/table>","protected":false},"excerpt":{"rendered":"<p data-start=\"1207\" data-end=\"1417\">Cafero Cappuccino sunuyor <strong data-start=\"1197\" data-end=\"1218\">cappuccino tad\u0131<\/strong> ince bir po\u015fette <strong data-start=\"1244\" data-end=\"1272\">po\u015fet ba\u015f\u0131na 80 mg kafein<\/strong>. Temiz, \u015fekersiz ve kaloresiz bir enerji art\u0131\u015f\u0131 ayr\u0131k bir formatta.<\/p>","protected":false},"featured_media":34940,"comment_status":"open","ping_status":"closed","template":"","format":[206],"meta":{"_acf_changed":false},"product_brand":[],"product_cat":[266],"product_tag":[],"flavours":[192],"nicotine":[243],"class_list":{"0":"post-34936","1":"product","2":"type-product","3":"status-publish","4":"has-post-thumbnail","6":"product_cat-cafero-caffeine-pouches","7":"pa_quantity-1-pack","8":"pa_quantity-10-pack","9":"pa_quantity-3-pack","10":"pa_quantity-30-pack","11":"pa_quantity-5-pack","12":"pa_quantity-60-pack","13":"flavours-coffee","14":"format-slim","15":"nicotine-caffeine","17":"first","18":"instock","19":"taxable","20":"shipping-taxable","21":"purchasable","22":"product-type-variable"},"acf":[],"_links":{"self":[{"href":"https:\/\/whitelip.com\/tr\/wp-json\/wp\/v2\/product\/34936","targetHints":{"allow":["GET"]}}],"collection":[{"href":"https:\/\/whitelip.com\/tr\/wp-json\/wp\/v2\/product"}],"about":[{"href":"https:\/\/whitelip.com\/tr\/wp-json\/wp\/v2\/types\/product"}],"replies":[{"embeddable":true,"href":"https:\/\/whitelip.com\/tr\/wp-json\/wp\/v2\/comments?post=34936"}],"wp:featuredmedia":[{"embeddable":true,"href":"https:\/\/whitelip.com\/tr\/wp-json\/wp\/v2\/media\/34940"}],"wp:attachment":[{"href":"https:\/\/whitelip.com\/tr\/wp-json\/wp\/v2\/media?parent=34936"}],"wp:term":[{"taxonomy":"product_brand","embeddable":true,"href":"https:\/\/whitelip.com\/tr\/wp-json\/wp\/v2\/product_brand?post=34936"},{"taxonomy":"product_cat","embeddable":true,"href":"https:\/\/whitelip.com\/tr\/wp-json\/wp\/v2\/product_cat?post=34936"},{"taxonomy":"product_tag","embeddable":true,"href":"https:\/\/whitelip.com\/tr\/wp-json\/wp\/v2\/product_tag?post=34936"},{"taxonomy":"flavours","embeddable":true,"href":"https:\/\/whitelip.com\/tr\/wp-json\/wp\/v2\/flavours?post=34936"},{"taxonomy":"format","embeddable":true,"href":"https:\/\/whitelip.com\/tr\/wp-json\/wp\/v2\/format?post=34936"},{"taxonomy":"nicotine","embeddable":true,"href":"https:\/\/whitelip.com\/tr\/wp-json\/wp\/v2\/nicotine?post=34936"}],"curies":[{"name":"wp","href":"https:\/\/api.w.org\/{rel}","templated":true}]}}