{"id":34917,"date":"2025-11-21T14:28:27","date_gmt":"2025-11-21T14:28:27","guid":{"rendered":"https:\/\/whitelip.com\/?post_type=product&#038;p=34917"},"modified":"2026-05-06T10:11:28","modified_gmt":"2026-05-06T10:11:28","slug":"licorice-violet-slim","status":"publish","type":"product","link":"https:\/\/whitelip.com\/tr\/nor\/licorice-violet-slim\/","title":{"rendered":"NOR Licorice &#038; Violet Slim"},"content":{"rendered":"<p data-start=\"184\" data-end=\"517\">NOR Licorice &amp; Violet Slim, zengin lik\u00f6roz ve yumu\u015fak menek\u015fe tatl\u0131l\u0131\u011f\u0131n\u0131n ay\u0131r\u0131c\u0131 bir kombinasyonunu sunar ve \u0130skandinav tat gelene\u011finden esinlenen dengeli bir aroma profili yarat\u0131r. \u00c7i\u00e7eksi notalar, daha derin lik\u00f6roz tonlar\u0131n\u0131 tamamlayarak, daha geleneksel po\u015fet aromalar\u0131ndan ay\u0131rt edilen p\u00fcr\u00fczs\u00fcz ve rafine bir karakter ile sonu\u00e7lan\u0131r.<\/p>\n<p data-start=\"519\" data-end=\"865\">Her ince po\u015fet 6 mg nikotin i\u00e7erir, gram ba\u015f\u0131na 8 mg'ya e\u015fittir ve tad\u0131n karma\u015f\u0131kl\u0131\u011f\u0131ndan vazge\u00e7meden nazik nikotin sal\u0131n\u0131m\u0131n\u0131 tercih eden kullan\u0131c\u0131lar i\u00e7in uygun hafif ila orta deneyim sunar. Ince t\u00fcm beyaz format, duda\u011f\u0131n alt\u0131nda ayr\u0131k ve rahat bir uyum sa\u011flarken, nemli doku sabit aroma ve nikotin sal\u0131n\u0131m\u0131 sa\u011flar.<\/p>\n<table>\n<tbody>\n<tr>\n<td><b>Attribute<\/b><\/td>\n<td><b>Ayr\u0131nt\u0131lar<\/b><\/td>\n<\/tr>\n<tr>\n<td><b>Brand<\/b><\/td>\n<td>NOR<\/td>\n<\/tr>\n<tr>\n<td><b>\u00dcr\u00fcn T\u00fcr\u00fc<\/b><\/td>\n<td><span style=\"font-weight: 400;\">T\u00fcm Beyaz Nikotin Po\u015fetleri<\/span><\/td>\n<\/tr>\n<tr>\n<td><b>Format<\/b><\/td>\n<td>\u0130nce<\/td>\n<\/tr>\n<tr>\n<td><b>Aroma<\/b><\/td>\n<td>Meyan K\u00f6k\u00fc, Menek\u015fe<\/td>\n<\/tr>\n<tr>\n<td><b>Nikotin G\u00fcc\u00fc<\/b><\/td>\n<td><span style=\"font-weight: 400;\">Po\u015fet ba\u015f\u0131na 6 mg (%8 mg\/g)<\/span><\/td>\n<\/tr>\n<tr>\n<td><b>K\u0131s\u0131m A\u011f\u0131rl\u0131\u011f\u0131<\/b><\/td>\n<td><span style=\"font-weight: 400;\">0.74 gram<\/span><\/td>\n<\/tr>\n<tr>\n<td><b>K\u0131s\u0131m Say\u0131s\u0131<\/b><\/td>\n<td><span style=\"font-weight: 400;\">kutu ba\u015f\u0131na 20<\/span><\/td>\n<\/tr>\n<tr>\n<td><b>Toplam Kutu A\u011f\u0131rl\u0131\u011f\u0131<\/b><\/td>\n<td><span style=\"font-weight: 400;\">15,5 gram<\/span><\/td>\n<\/tr>\n<tr>\n<td><b>\u00dcretici<\/b><\/td>\n<td>NOR<\/td>\n<\/tr>\n<tr>\n<td><b>Dikkate De\u011fer \u00d6zellikler<\/b><\/td>\n<td><span style=\"font-weight: 400;\">T\u00fct\u00fcns\u00fcz, ince format, tatl\u0131 ve ek\u015fi siyah kiraz aromasi<\/span><\/td>\n<\/tr>\n<\/tbody>\n<\/table>","protected":false},"excerpt":{"rendered":"<p data-start=\"1227\" data-end=\"1357\">NOR Licorice &amp; Violet Slim <strong data-start=\"1214\" data-end=\"1237\">meyan k\u00f6k\u00fc ve menek\u015fe<\/strong>, <strong data-start=\"1239\" data-end=\"1266\">Po\u015fet ba\u015f\u0131na 6 mg nikotin<\/strong> hem de <strong data-start=\"1271\" data-end=\"1279\">ince<\/strong> formatta hafif, \u00e7i\u00e7eksi t\u00fcm beyaz bir deneyim sunar.<\/p>","protected":false},"featured_media":34984,"comment_status":"open","ping_status":"closed","template":"","format":[206],"meta":{"_acf_changed":false},"product_brand":[],"product_cat":[265],"product_tag":[16445,16559],"flavours":[198],"nicotine":[230,236],"class_list":{"0":"post-34917","1":"product","2":"type-product","3":"status-publish","4":"has-post-thumbnail","6":"product_cat-nor","7":"product_tag-20-off","8":"product_tag-6-mg-pouch","9":"pa_quantity-1-pack","10":"pa_quantity-10-pack","11":"pa_quantity-3-pack","12":"pa_quantity-30-pack","13":"pa_quantity-5-pack","14":"pa_quantity-60-pack","15":"flavours-licorice","16":"format-slim","17":"nicotine-8-mg-g","18":"nicotine-strong","20":"first","21":"instock","22":"sale","23":"taxable","24":"shipping-taxable","25":"purchasable","26":"product-type-variable"},"acf":[],"_links":{"self":[{"href":"https:\/\/whitelip.com\/tr\/wp-json\/wp\/v2\/product\/34917","targetHints":{"allow":["GET"]}}],"collection":[{"href":"https:\/\/whitelip.com\/tr\/wp-json\/wp\/v2\/product"}],"about":[{"href":"https:\/\/whitelip.com\/tr\/wp-json\/wp\/v2\/types\/product"}],"replies":[{"embeddable":true,"href":"https:\/\/whitelip.com\/tr\/wp-json\/wp\/v2\/comments?post=34917"}],"wp:featuredmedia":[{"embeddable":true,"href":"https:\/\/whitelip.com\/tr\/wp-json\/wp\/v2\/media\/34984"}],"wp:attachment":[{"href":"https:\/\/whitelip.com\/tr\/wp-json\/wp\/v2\/media?parent=34917"}],"wp:term":[{"taxonomy":"product_brand","embeddable":true,"href":"https:\/\/whitelip.com\/tr\/wp-json\/wp\/v2\/product_brand?post=34917"},{"taxonomy":"product_cat","embeddable":true,"href":"https:\/\/whitelip.com\/tr\/wp-json\/wp\/v2\/product_cat?post=34917"},{"taxonomy":"product_tag","embeddable":true,"href":"https:\/\/whitelip.com\/tr\/wp-json\/wp\/v2\/product_tag?post=34917"},{"taxonomy":"flavours","embeddable":true,"href":"https:\/\/whitelip.com\/tr\/wp-json\/wp\/v2\/flavours?post=34917"},{"taxonomy":"format","embeddable":true,"href":"https:\/\/whitelip.com\/tr\/wp-json\/wp\/v2\/format?post=34917"},{"taxonomy":"nicotine","embeddable":true,"href":"https:\/\/whitelip.com\/tr\/wp-json\/wp\/v2\/nicotine?post=34917"}],"curies":[{"name":"wp","href":"https:\/\/api.w.org\/{rel}","templated":true}]}}