{"id":34872,"date":"2025-11-21T11:57:34","date_gmt":"2025-11-21T11:57:34","guid":{"rendered":"https:\/\/whitelip.com\/?post_type=product&#038;p=34872"},"modified":"2026-04-13T17:44:34","modified_gmt":"2026-04-13T17:44:34","slug":"zyn-cool-mint-prime-6mg","status":"publish","type":"product","link":"https:\/\/whitelip.com\/tr\/zyn\/zyn-cool-mint-prime-6mg\/","title":{"rendered":"ZYN Cool Mint Prime 6mg"},"content":{"rendered":"<p data-start=\"212\" data-end=\"505\">ZYN Cool Mint Prime 6mg, taze ve canl\u0131 nane profiliyle temiz, ferahlat\u0131c\u0131 bir tat sunar. Lezzet, parlak nane ve yumu\u015fak mentol notalar\u0131n\u0131 birle\u015ftirerek keskinlik veya ac\u0131l\u0131k olmaks\u0131z\u0131n dengeli bir so\u011fukluk verir. Sonu\u00e7, g\u00fcnl\u00fck kullan\u0131m i\u00e7in uygun olan p\u00fcr\u00fczs\u00fcz, canland\u0131r\u0131c\u0131 bir tatt\u0131r.<\/p>\n<p data-start=\"507\" data-end=\"827\">Her ince mini kese 6 mg nikotin i\u00e7erir ve deneyimi rahat ve kontroll\u00fc tutarken net ve belirgin bir nikotin etkisi isteyen kullan\u0131c\u0131lar i\u00e7in tasarlanm\u0131\u015f orta kuvveti sa\u011flar. T\u00fcm beyaz, t\u00fct\u00fcns\u00fcz format, lekelenmesiz veya kal\u0131c\u0131 koku olmaks\u0131z\u0131n temiz bir deneyim sa\u011flar.<\/p>\n<table>\n<tbody>\n<tr>\n<td><b>Attribute<\/b><\/td>\n<td><b>Ayr\u0131nt\u0131lar<\/b><\/td>\n<\/tr>\n<tr>\n<td><b>Brand<\/b><\/td>\n<td><span style=\"font-weight: 400;\">ZYN<\/span><\/td>\n<\/tr>\n<tr>\n<td><b>\u00dcr\u00fcn T\u00fcr\u00fc<\/b><\/td>\n<td><span style=\"font-weight: 400;\">T\u00fcm Beyaz Nikotin Po\u015fetleri<\/span><\/td>\n<\/tr>\n<tr>\n<td><b>Format<\/b><\/td>\n<td>Mini<\/td>\n<\/tr>\n<tr>\n<td><b>Aroma<\/b><\/td>\n<td>Nane<\/td>\n<\/tr>\n<tr>\n<td><b>Nikotin G\u00fcc\u00fc<\/b><\/td>\n<td><span style=\"font-weight: 400;\">po\u015fet ba\u015f\u0131na 6 mg (15 mg\/g)<\/span><\/td>\n<\/tr>\n<tr>\n<td><b>K\u0131s\u0131m A\u011f\u0131rl\u0131\u011f\u0131<\/b><\/td>\n<td><span style=\"font-weight: 400;\">0,4 gram<\/span><\/td>\n<\/tr>\n<tr>\n<td><b>K\u0131s\u0131m Say\u0131s\u0131<\/b><\/td>\n<td><span style=\"font-weight: 400;\">Kutuda 15 adet<\/span><\/td>\n<\/tr>\n<tr>\n<td><b>Toplam Kutu A\u011f\u0131rl\u0131\u011f\u0131<\/b><\/td>\n<td><span style=\"font-weight: 400;\">6 gram<\/span><\/td>\n<\/tr>\n<tr>\n<td><b>\u00dcretici<\/b><\/td>\n<td><span style=\"font-weight: 400;\">Swedish Match<\/span><\/td>\n<\/tr>\n<tr>\n<td><b>Dikkate De\u011fer \u00d6zellikler<\/b><\/td>\n<td><span style=\"font-weight: 400;\">T\u00fct\u00fcns\u00fcz, ince format, tatl\u0131 ve ek\u015fi siyah kiraz aromasi<\/span><\/td>\n<\/tr>\n<\/tbody>\n<\/table>","protected":false},"excerpt":{"rendered":"<p data-start=\"1386\" data-end=\"1459\">So\u011fuk nane aromas\u0131 bir <strong data-start=\"1474\" data-end=\"1482\">mini<\/strong> po\u015fet ile <strong data-start=\"1494\" data-end=\"1513\">6 mg nikotin<\/strong> po\u015fet ba\u015f\u0131na.<\/p>","protected":false},"featured_media":34876,"comment_status":"open","ping_status":"closed","template":"","format":[205],"meta":{"_acf_changed":false},"product_brand":[],"product_cat":[37],"product_tag":[16559],"flavours":[199],"nicotine":[212,232],"class_list":{"0":"post-34872","1":"product","2":"type-product","3":"status-publish","4":"has-post-thumbnail","6":"product_cat-zyn","7":"product_tag-6-mg-pouch","8":"pa_quantity-1-pack","9":"pa_quantity-10-pack","10":"pa_quantity-3-pack","11":"pa_quantity-30-pack","12":"pa_quantity-5-pack","13":"pa_quantity-60-pack","14":"flavours-mint","15":"format-mini","16":"nicotine-15-mg-g","17":"nicotine-extra-strong","19":"first","20":"outofstock","21":"taxable","22":"shipping-taxable","23":"purchasable","24":"product-type-variable"},"acf":[],"_links":{"self":[{"href":"https:\/\/whitelip.com\/tr\/wp-json\/wp\/v2\/product\/34872","targetHints":{"allow":["GET"]}}],"collection":[{"href":"https:\/\/whitelip.com\/tr\/wp-json\/wp\/v2\/product"}],"about":[{"href":"https:\/\/whitelip.com\/tr\/wp-json\/wp\/v2\/types\/product"}],"replies":[{"embeddable":true,"href":"https:\/\/whitelip.com\/tr\/wp-json\/wp\/v2\/comments?post=34872"}],"wp:featuredmedia":[{"embeddable":true,"href":"https:\/\/whitelip.com\/tr\/wp-json\/wp\/v2\/media\/34876"}],"wp:attachment":[{"href":"https:\/\/whitelip.com\/tr\/wp-json\/wp\/v2\/media?parent=34872"}],"wp:term":[{"taxonomy":"product_brand","embeddable":true,"href":"https:\/\/whitelip.com\/tr\/wp-json\/wp\/v2\/product_brand?post=34872"},{"taxonomy":"product_cat","embeddable":true,"href":"https:\/\/whitelip.com\/tr\/wp-json\/wp\/v2\/product_cat?post=34872"},{"taxonomy":"product_tag","embeddable":true,"href":"https:\/\/whitelip.com\/tr\/wp-json\/wp\/v2\/product_tag?post=34872"},{"taxonomy":"flavours","embeddable":true,"href":"https:\/\/whitelip.com\/tr\/wp-json\/wp\/v2\/flavours?post=34872"},{"taxonomy":"format","embeddable":true,"href":"https:\/\/whitelip.com\/tr\/wp-json\/wp\/v2\/format?post=34872"},{"taxonomy":"nicotine","embeddable":true,"href":"https:\/\/whitelip.com\/tr\/wp-json\/wp\/v2\/nicotine?post=34872"}],"curies":[{"name":"wp","href":"https:\/\/api.w.org\/{rel}","templated":true}]}}