{"id":34862,"date":"2025-11-21T11:38:08","date_gmt":"2025-11-21T11:38:08","guid":{"rendered":"https:\/\/whitelip.com\/?post_type=product&#038;p=34862"},"modified":"2026-04-18T09:35:42","modified_gmt":"2026-04-18T09:35:42","slug":"zyn-black-cherry-prime-15mg","status":"publish","type":"product","link":"https:\/\/whitelip.com\/tr\/zyn\/zyn-black-cherry-prime-15mg\/","title":{"rendered":"ZYN Black Cherry Prime 1.5mg"},"content":{"rendered":"<p data-start=\"231\" data-end=\"598\">ZYN Black Cherry Prime 1.5mg, olgun kara \u00e7ilek tad\u0131 ile hafif ve ula\u015f\u0131labilir bir nikotin deneyimi sunar. Tat, hafif tatl\u0131 olup, daha yumu\u015fak ve dengeli bir profili tercih edenler i\u00e7in uygun do\u011fal meyve derinli\u011fine sahiptir. Karakter temiz ve p\u00fcr\u00fczs\u00fcz olup, po\u015feti g\u00fcnl\u00fck kullan\u0131ma veya daha d\u00fc\u015f\u00fck nikotin g\u00fc\u00e7lerine ad\u0131m atanlar i\u00e7in uygun hale getirir.<\/p>\n<p data-start=\"600\" data-end=\"879\">Her mini po\u015fet 1.5 mg nikotin i\u00e7erir ve bunu ekstra hafif kategorisine yerle\u015ftirir. Bu seviye, fark edilebilir ancak bask\u0131n olmayan hafif bir sal\u0131m sa\u011flar. Mini format, duda\u011f\u0131n alt\u0131nda ayr\u0131k bir oturum sa\u011flar ve g\u00fcn boyunca rahat kullan\u0131m sa\u011flar.<\/p>\n<table>\n<tbody>\n<tr>\n<td><b>Attribute<\/b><\/td>\n<td><b>Ayr\u0131nt\u0131lar<\/b><\/td>\n<\/tr>\n<tr>\n<td><b>Brand<\/b><\/td>\n<td><span style=\"font-weight: 400;\">ZYN<\/span><\/td>\n<\/tr>\n<tr>\n<td><b>\u00dcr\u00fcn T\u00fcr\u00fc<\/b><\/td>\n<td><span style=\"font-weight: 400;\">T\u00fcm Beyaz Nikotin Po\u015fetleri<\/span><\/td>\n<\/tr>\n<tr>\n<td><b>Format<\/b><\/td>\n<td>Mini<\/td>\n<\/tr>\n<tr>\n<td><b>Aroma<\/b><\/td>\n<td><span style=\"font-weight: 400;\">Siyah Kiraz<\/span><\/td>\n<\/tr>\n<tr>\n<td><b>Nikotin G\u00fcc\u00fc<\/b><\/td>\n<td><span style=\"font-weight: 400;\">po\u015fet ba\u015f\u0131na 1,5 mg (3.75 mg\/g)<\/span><\/td>\n<\/tr>\n<tr>\n<td><b>K\u0131s\u0131m A\u011f\u0131rl\u0131\u011f\u0131<\/b><\/td>\n<td><span style=\"font-weight: 400;\">0,4 gram<\/span><\/td>\n<\/tr>\n<tr>\n<td><b>K\u0131s\u0131m Say\u0131s\u0131<\/b><\/td>\n<td><span style=\"font-weight: 400;\">Kutuda 15 adet<\/span><\/td>\n<\/tr>\n<tr>\n<td><b>Toplam Kutu A\u011f\u0131rl\u0131\u011f\u0131<\/b><\/td>\n<td><span style=\"font-weight: 400;\">6 gram<\/span><\/td>\n<\/tr>\n<tr>\n<td><b>\u00dcretici<\/b><\/td>\n<td><span style=\"font-weight: 400;\">Swedish Match<\/span><\/td>\n<\/tr>\n<tr>\n<td><b>Dikkate De\u011fer \u00d6zellikler<\/b><\/td>\n<td><span style=\"font-weight: 400;\">T\u00fct\u00fcns\u00fcz, ince format, tatl\u0131 ve ek\u015fi siyah kiraz aromasi<\/span><\/td>\n<\/tr>\n<\/tbody>\n<\/table>","protected":false},"excerpt":{"rendered":"<p data-start=\"1386\" data-end=\"1459\">Siyah kiraz tad\u0131 i\u00e7eren <strong data-start=\"1474\" data-end=\"1482\">mini<\/strong> po\u015fet ile <strong data-start=\"1494\" data-end=\"1513\">1.5 mg nikotin<\/strong> po\u015fet ba\u015f\u0131na.<\/p>","protected":false},"featured_media":34866,"comment_status":"open","ping_status":"closed","template":"","format":[205],"meta":{"_acf_changed":false},"product_brand":[],"product_cat":[37],"product_tag":[17009],"flavours":[196],"nicotine":[224,234],"class_list":{"0":"post-34862","1":"product","2":"type-product","3":"status-publish","4":"has-post-thumbnail","6":"product_cat-zyn","7":"product_tag-1-5-mg-pouch","8":"pa_quantity-1-pack","9":"pa_quantity-10-pack","10":"pa_quantity-3-pack","11":"pa_quantity-30-pack","12":"pa_quantity-5-pack","13":"pa_quantity-60-pack","14":"flavours-fruits-berries","15":"format-mini","16":"nicotine-4-mg-g","17":"nicotine-mild","19":"first","20":"instock","21":"taxable","22":"shipping-taxable","23":"purchasable","24":"product-type-variable"},"acf":[],"_links":{"self":[{"href":"https:\/\/whitelip.com\/tr\/wp-json\/wp\/v2\/product\/34862","targetHints":{"allow":["GET"]}}],"collection":[{"href":"https:\/\/whitelip.com\/tr\/wp-json\/wp\/v2\/product"}],"about":[{"href":"https:\/\/whitelip.com\/tr\/wp-json\/wp\/v2\/types\/product"}],"replies":[{"embeddable":true,"href":"https:\/\/whitelip.com\/tr\/wp-json\/wp\/v2\/comments?post=34862"}],"wp:featuredmedia":[{"embeddable":true,"href":"https:\/\/whitelip.com\/tr\/wp-json\/wp\/v2\/media\/34866"}],"wp:attachment":[{"href":"https:\/\/whitelip.com\/tr\/wp-json\/wp\/v2\/media?parent=34862"}],"wp:term":[{"taxonomy":"product_brand","embeddable":true,"href":"https:\/\/whitelip.com\/tr\/wp-json\/wp\/v2\/product_brand?post=34862"},{"taxonomy":"product_cat","embeddable":true,"href":"https:\/\/whitelip.com\/tr\/wp-json\/wp\/v2\/product_cat?post=34862"},{"taxonomy":"product_tag","embeddable":true,"href":"https:\/\/whitelip.com\/tr\/wp-json\/wp\/v2\/product_tag?post=34862"},{"taxonomy":"flavours","embeddable":true,"href":"https:\/\/whitelip.com\/tr\/wp-json\/wp\/v2\/flavours?post=34862"},{"taxonomy":"format","embeddable":true,"href":"https:\/\/whitelip.com\/tr\/wp-json\/wp\/v2\/format?post=34862"},{"taxonomy":"nicotine","embeddable":true,"href":"https:\/\/whitelip.com\/tr\/wp-json\/wp\/v2\/nicotine?post=34862"}],"curies":[{"name":"wp","href":"https:\/\/api.w.org\/{rel}","templated":true}]}}