{"id":34503,"date":"2025-11-18T11:35:40","date_gmt":"2025-11-18T11:35:40","guid":{"rendered":"https:\/\/whitelip.com\/?post_type=product&#038;p=34503"},"modified":"2026-04-17T00:59:35","modified_gmt":"2026-04-17T00:59:35","slug":"kuma-banana-toffee","status":"publish","type":"product","link":"https:\/\/whitelip.com\/tr\/kuma\/kuma-banana-toffee\/","title":{"rendered":"KUMA Muz Toffee"},"content":{"rendered":"<p data-start=\"138\" data-end=\"482\">KUMA Banana Toffee, muz ve karamelin p\u00fcr\u00fczs\u00fcz bir kar\u0131\u015f\u0131m\u0131n\u0131 tatl\u0131, tatl\u0131 benzeri bir tat profili sunar. \u0130nce formatta sunulan bu po\u015fet, porsiyon ba\u015f\u0131na 11 mg nikotin ve gram ba\u015f\u0131na 20 mg nikotin ile ekstra g\u00fc\u00e7l\u00fc bir deneyim sa\u011flar. Tat yuvarlat\u0131lm\u0131\u015f, yumu\u015fak ve dengeli olup, meyve tabanl\u0131 nikotin po\u015fetleri aras\u0131nda farkl\u0131 bir se\u00e7enektir. Her po\u015fet 0,55 gram a\u011f\u0131rl\u0131\u011f\u0131nda ve ince tasar\u0131m\u0131 sayesinde duda\u011f\u0131n alt\u0131na gizlice s\u0131\u011far. Bir kutu 20 porsiyon i\u00e7erir ve toplam net a\u011f\u0131rl\u0131k 11 gramd\u0131r, bu da g\u00fcn boyunca ta\u015f\u0131mas\u0131 ve kullanmas\u0131 kolayd\u0131r.<\/p>\n<p data-start=\"697\" data-end=\"1025\">KUMA, \u0130sve\u00e7'teki Apr\u00e8s Nicotine AB taraf\u0131ndan \u00fcretilmektedir. 2020'de ba\u015flayarak, \u015firket bitki esasl\u0131 materyallerden yap\u0131lm\u0131\u015f modern, t\u00fct\u00fcns\u00fcz nikotin po\u015fetleri geli\u015ftirmeye odaklanm\u0131\u015ft\u0131r. KUMA serisi, tatl\u0131 ve benzersiz bir tat kombinasyonunun \u00f6ne \u00e7\u0131kt\u0131\u011f\u0131 Banana Toffee ile birlikte, \u00e7ok say\u0131da tat, kuvvet ve po\u015fet format\u0131 i\u00e7erir.<\/p>\n<table>\n<tbody>\n<tr>\n<td><b>Attribute<\/b><\/td>\n<td><b>Ayr\u0131nt\u0131lar<\/b><\/td>\n<\/tr>\n<tr>\n<td><b>10g (20 po\u015fet)<\/b><\/td>\n<td><span style=\"font-weight: 400;\">11 g (20 po\u015fet)<\/span><\/td>\n<\/tr>\n<tr>\n<td><b>Nikotin i\u00e7eri\u011fi<\/b><\/td>\n<td><span style=\"font-weight: 400;\">20 mg\/g (pou\u00e7 ba\u015f\u0131na 11 mg)<\/span><\/td>\n<\/tr>\n<tr>\n<td><b>Po\u015fet format\u0131<\/b><\/td>\n<td><span style=\"font-weight: 400;\">\u0130nce<\/span><\/td>\n<\/tr>\n<tr>\n<td><b>\u00dcretici<\/b><\/td>\n<td>Apr\u00e8s Nicotine AB<\/td>\n<\/tr>\n<tr>\n<td><b>Aroma<\/b><\/td>\n<td>Nane<\/td>\n<\/tr>\n<tr>\n<td><b>T\u00fcr<\/b><\/td>\n<td><span style=\"font-weight: 400;\">Nikotin Po\u015feti<\/span><\/td>\n<\/tr>\n<\/tbody>\n<\/table>","protected":false},"excerpt":{"rendered":"<article class=\"text-token-text-primary w-full focus:outline-none [--shadow-height:45px] has-data-writing-block:pointer-events-none has-data-writing-block:-mt-(--shadow-height) has-data-writing-block:pt-(--shadow-height) [&amp;:has([data-writing-block])&gt;*]:pointer-events-auto [content-visibility:auto] supports-[content-visibility:auto]:[contain-intrinsic-size:auto_100lvh] scroll-mt-[calc(var(--header-height)+min(200px,max(70px,20svh)))]\" dir=\"auto\" tabindex=\"-1\" data-turn-id=\"fc20af27-e3c5-4b02-a951-d8248900574e\" data-testid=\"conversation-turn-146\" data-scroll-anchor=\"true\" data-turn=\"assistant\">\n<div class=\"text-base my-auto mx-auto pb-10 [--thread-content-margin:--spacing(4)] thread-sm:[--thread-content-margin:--spacing(6)] thread-lg:[--thread-content-margin:--spacing(16)] px-(--thread-content-margin)\">\n<div class=\"[--thread-content-max-width:40rem] thread-lg:[--thread-content-max-width:48rem] mx-auto max-w-(--thread-content-max-width) flex-1 group\/turn-messages focus-visible:outline-hidden relative flex w-full min-w-0 flex-col agent-turn\" tabindex=\"-1\">\n<div class=\"flex max-w-full flex-col grow\">\n<div class=\"min-h-8 text-message relative flex w-full flex-col items-end gap-2 text-start break-words whitespace-normal [.text-message+&amp;]:mt-1\" dir=\"auto\" data-message-author-role=\"assistant\" data-message-id=\"62160f6d-af8e-4bdd-844f-59034b1f33e1\" data-message-model-slug=\"gpt-5-thinking\">\n<div class=\"flex w-full flex-col gap-1 empty:hidden first:pt-[1px]\">\n<div class=\"markdown prose dark:prose-invert w-full break-words dark markdown-new-styling\">\n<p data-start=\"0\" data-end=\"267\" data-is-last-node=\"\" data-is-only-node=\"\">A sweet blend of <strong data-start=\"1075\" data-end=\"1096\">banana and toffee<\/strong> in a <strong data-start=\"1102\" data-end=\"1110\">slim<\/strong> pouch with <strong data-start=\"1122\" data-end=\"1140\">11 mg nicotine<\/strong> per portion.<\/p>\n<\/div>\n<\/div>\n<\/div>\n<\/div>\n<\/div>\n<\/div>\n<\/article>\n","protected":false},"featured_media":34507,"comment_status":"open","ping_status":"closed","template":"","format":[206],"meta":{"_acf_changed":false},"product_brand":[],"product_cat":[264],"product_tag":[16551],"flavours":[196],"nicotine":[218,232],"class_list":{"0":"post-34503","1":"product","2":"type-product","3":"status-publish","4":"has-post-thumbnail","6":"product_cat-kuma","7":"product_tag-11-mg-pouch","8":"pa_quantity-1-pack","9":"pa_quantity-10-pack","10":"pa_quantity-3-pack","11":"pa_quantity-30-pack","12":"pa_quantity-5-pack","13":"pa_quantity-60-pack","14":"flavours-fruits-berries","15":"format-slim","16":"nicotine-20-mg-g","17":"nicotine-extra-strong","19":"first","20":"instock","21":"taxable","22":"shipping-taxable","23":"purchasable","24":"product-type-variable"},"acf":[],"_links":{"self":[{"href":"https:\/\/whitelip.com\/tr\/wp-json\/wp\/v2\/product\/34503","targetHints":{"allow":["GET"]}}],"collection":[{"href":"https:\/\/whitelip.com\/tr\/wp-json\/wp\/v2\/product"}],"about":[{"href":"https:\/\/whitelip.com\/tr\/wp-json\/wp\/v2\/types\/product"}],"replies":[{"embeddable":true,"href":"https:\/\/whitelip.com\/tr\/wp-json\/wp\/v2\/comments?post=34503"}],"wp:featuredmedia":[{"embeddable":true,"href":"https:\/\/whitelip.com\/tr\/wp-json\/wp\/v2\/media\/34507"}],"wp:attachment":[{"href":"https:\/\/whitelip.com\/tr\/wp-json\/wp\/v2\/media?parent=34503"}],"wp:term":[{"taxonomy":"product_brand","embeddable":true,"href":"https:\/\/whitelip.com\/tr\/wp-json\/wp\/v2\/product_brand?post=34503"},{"taxonomy":"product_cat","embeddable":true,"href":"https:\/\/whitelip.com\/tr\/wp-json\/wp\/v2\/product_cat?post=34503"},{"taxonomy":"product_tag","embeddable":true,"href":"https:\/\/whitelip.com\/tr\/wp-json\/wp\/v2\/product_tag?post=34503"},{"taxonomy":"flavours","embeddable":true,"href":"https:\/\/whitelip.com\/tr\/wp-json\/wp\/v2\/flavours?post=34503"},{"taxonomy":"format","embeddable":true,"href":"https:\/\/whitelip.com\/tr\/wp-json\/wp\/v2\/format?post=34503"},{"taxonomy":"nicotine","embeddable":true,"href":"https:\/\/whitelip.com\/tr\/wp-json\/wp\/v2\/nicotine?post=34503"}],"curies":[{"name":"wp","href":"https:\/\/api.w.org\/{rel}","templated":true}]}}