{"id":34493,"date":"2025-11-18T11:08:27","date_gmt":"2025-11-18T11:08:27","guid":{"rendered":"https:\/\/whitelip.com\/?post_type=product&#038;p=34493"},"modified":"2026-03-10T09:18:28","modified_gmt":"2026-03-10T09:18:28","slug":"rush-cherry-chill-extreme","status":"publish","type":"product","link":"https:\/\/whitelip.com\/tr\/rush\/rush-cherry-chill-extreme\/","title":{"rendered":"RUSH Cherry Chill Extreme"},"content":{"rendered":"<p data-start=\"280\" data-end=\"682\">RUSH Cherry Chill Extreme, canl\u0131 bir kiraz profili sunar ve taz\u0131, so\u011fuk bir karakter ta\u015f\u0131r. Tat, tatland\u0131r\u0131lm\u0131\u015f k\u0131rm\u0131z\u0131 meyve tonlar\u0131n\u0131 donmu\u015f bir fini\u015fle birle\u015ftirerek, g\u00fc\u00e7l\u00fc ve belirgin bir po\u015feti seven kullan\u0131c\u0131lar i\u00e7in etkileyici bir lezzet deneyimi yarat\u0131r. Po\u015fet ba\u015f\u0131na 21 mg nikotin ile son derece g\u00fc\u00e7l\u00fc bir yo\u011funluk sa\u011flar ve yaln\u0131zca y\u00fcksek nikotin seviyeleri ile rahat olan deneyimli kullan\u0131c\u0131lar i\u00e7in uygun de\u011fildir. Po\u015fet, gizli kullan\u0131m ve duda\u011f\u0131n alt\u0131nda minimum g\u00f6r\u00fcn\u00fcrl\u00fck i\u00e7in dar bir formatta tasarlanm\u0131\u015ft\u0131r. Po\u015fet ba\u015f\u0131na 0,7 g ile hafif ve ta\u015f\u0131nmas\u0131 kolay olup g\u00fcnl\u00fck rutinler s\u0131ras\u0131nda kullan\u0131ma uygundur. Dar \u015fekil ayr\u0131ca rahatl\u0131\u011fa katk\u0131da bulunarak po\u015fetin do\u011fal bir \u015fekilde oturmas\u0131n\u0131 ve sabit bir lezzet ve nikotin sal\u0131n\u0131m\u0131 sa\u011flamas\u0131n\u0131 sa\u011flar.<\/p>\n<table>\n<tbody>\n<tr>\n<td><b>Attribute<\/b><\/td>\n<td><b>Ayr\u0131nt\u0131lar<\/b><\/td>\n<\/tr>\n<tr>\n<td><b>10g (20 po\u015fet)<\/b><\/td>\n<td><span style=\"font-weight: 400;\">14g (20 paket)<\/span><\/td>\n<\/tr>\n<tr>\n<td><b>Nikotin i\u00e7eri\u011fi<\/b><\/td>\n<td><span style=\"font-weight: 400;\">30 mg\/g (po\u015fet ba\u015f\u0131na 21 mg)<\/span><\/td>\n<\/tr>\n<tr>\n<td><b>Po\u015fet format\u0131<\/b><\/td>\n<td><span style=\"font-weight: 400;\">\u0130nce<\/span><\/td>\n<\/tr>\n<tr>\n<td><b>\u00dcretici<\/b><\/td>\n<td>RUSH<\/td>\n<\/tr>\n<tr>\n<td><b>Aroma<\/b><\/td>\n<td>Kiraz<\/td>\n<\/tr>\n<tr>\n<td><b>T\u00fcr<\/b><\/td>\n<td><span style=\"font-weight: 400;\">Nikotin Po\u015feti<\/span><\/td>\n<\/tr>\n<\/tbody>\n<\/table>","protected":false},"excerpt":{"rendered":"<article class=\"text-token-text-primary w-full focus:outline-none [--shadow-height:45px] has-data-writing-block:pointer-events-none has-data-writing-block:-mt-(--shadow-height) has-data-writing-block:pt-(--shadow-height) [&amp;:has([data-writing-block])&gt;*]:pointer-events-auto [content-visibility:auto] supports-[content-visibility:auto]:[contain-intrinsic-size:auto_100lvh] scroll-mt-[calc(var(--header-height)+min(200px,max(70px,20svh)))]\" dir=\"auto\" tabindex=\"-1\" data-turn-id=\"fc20af27-e3c5-4b02-a951-d8248900574e\" data-testid=\"conversation-turn-146\" data-scroll-anchor=\"true\" data-turn=\"assistant\">\n<div class=\"text-base my-auto mx-auto pb-10 [--thread-content-margin:--spacing(4)] thread-sm:[--thread-content-margin:--spacing(6)] thread-lg:[--thread-content-margin:--spacing(16)] px-(--thread-content-margin)\">\n<div class=\"[--thread-content-max-width:40rem] thread-lg:[--thread-content-max-width:48rem] mx-auto max-w-(--thread-content-max-width) flex-1 group\/turn-messages focus-visible:outline-hidden relative flex w-full min-w-0 flex-col agent-turn\" tabindex=\"-1\">\n<div class=\"flex max-w-full flex-col grow\">\n<div class=\"min-h-8 text-message relative flex w-full flex-col items-end gap-2 text-start break-words whitespace-normal [.text-message+&amp;]:mt-1\" dir=\"auto\" data-message-author-role=\"assistant\" data-message-id=\"62160f6d-af8e-4bdd-844f-59034b1f33e1\" data-message-model-slug=\"gpt-5-thinking\">\n<div class=\"flex w-full flex-col gap-1 empty:hidden first:pt-[1px]\">\n<div class=\"markdown prose dark:prose-invert w-full break-words dark markdown-new-styling\">\n<p data-start=\"0\" data-end=\"267\" data-is-last-node=\"\" data-is-only-node=\"\">A bold <strong data-start=\"1309\" data-end=\"1319\">cherry<\/strong> flavor in a <strong data-start=\"1332\" data-end=\"1340\">slim<\/strong> pouch delivering <strong data-start=\"1358\" data-end=\"1376\">21 mg nicotine<\/strong> per pouch. Designed for discretion and comfort with an extremely strong experience.<\/p>\n<\/div>\n<\/div>\n<\/div>\n<\/div>\n<\/div>\n<\/div>\n<\/article>\n","protected":false},"featured_media":34497,"comment_status":"open","ping_status":"closed","template":"","format":[206],"meta":{"_acf_changed":false},"product_brand":[],"product_cat":[244],"product_tag":[16999],"flavours":[196],"nicotine":[221,233],"class_list":{"0":"post-34493","1":"product","2":"type-product","3":"status-publish","4":"has-post-thumbnail","6":"product_cat-rush","7":"product_tag-21-mg-pouch","8":"pa_quantity-1-pack","9":"pa_quantity-10-pack","10":"pa_quantity-3-pack","11":"pa_quantity-30-pack","12":"pa_quantity-5-pack","13":"pa_quantity-60-pack","14":"flavours-fruits-berries","15":"format-slim","16":"nicotine-30-mg-g","17":"nicotine-extreme","19":"first","20":"outofstock","21":"taxable","22":"shipping-taxable","23":"purchasable","24":"product-type-variable","25":"has-default-attributes"},"acf":[],"_links":{"self":[{"href":"https:\/\/whitelip.com\/tr\/wp-json\/wp\/v2\/product\/34493","targetHints":{"allow":["GET"]}}],"collection":[{"href":"https:\/\/whitelip.com\/tr\/wp-json\/wp\/v2\/product"}],"about":[{"href":"https:\/\/whitelip.com\/tr\/wp-json\/wp\/v2\/types\/product"}],"replies":[{"embeddable":true,"href":"https:\/\/whitelip.com\/tr\/wp-json\/wp\/v2\/comments?post=34493"}],"wp:featuredmedia":[{"embeddable":true,"href":"https:\/\/whitelip.com\/tr\/wp-json\/wp\/v2\/media\/34497"}],"wp:attachment":[{"href":"https:\/\/whitelip.com\/tr\/wp-json\/wp\/v2\/media?parent=34493"}],"wp:term":[{"taxonomy":"product_brand","embeddable":true,"href":"https:\/\/whitelip.com\/tr\/wp-json\/wp\/v2\/product_brand?post=34493"},{"taxonomy":"product_cat","embeddable":true,"href":"https:\/\/whitelip.com\/tr\/wp-json\/wp\/v2\/product_cat?post=34493"},{"taxonomy":"product_tag","embeddable":true,"href":"https:\/\/whitelip.com\/tr\/wp-json\/wp\/v2\/product_tag?post=34493"},{"taxonomy":"flavours","embeddable":true,"href":"https:\/\/whitelip.com\/tr\/wp-json\/wp\/v2\/flavours?post=34493"},{"taxonomy":"format","embeddable":true,"href":"https:\/\/whitelip.com\/tr\/wp-json\/wp\/v2\/format?post=34493"},{"taxonomy":"nicotine","embeddable":true,"href":"https:\/\/whitelip.com\/tr\/wp-json\/wp\/v2\/nicotine?post=34493"}],"curies":[{"name":"wp","href":"https:\/\/api.w.org\/{rel}","templated":true}]}}