{"id":33082,"date":"2025-10-31T14:32:58","date_gmt":"2025-10-31T14:32:58","guid":{"rendered":"https:\/\/whitelip.com\/?post_type=product&#038;p=33082"},"modified":"2026-05-09T10:11:15","modified_gmt":"2026-05-09T10:11:15","slug":"pablo-exclusive-blueberry-cranberry-cherry","status":"publish","type":"product","link":"https:\/\/whitelip.com\/tr\/pablo\/pablo-exclusive-blueberry-cranberry-cherry\/","title":{"rendered":"PABLO Exclusive Mirtil Cranberry Kiraz"},"content":{"rendered":"<p data-start=\"554\" data-end=\"884\">PABLO Exclusive Blueberry Cranberry Cherry Slim formunda, \u00fc\u00e7 meyveli bir kar\u0131\u015f\u0131m m\u00fckemmel dengeyle tatl\u0131l\u0131\u011f\u0131, ek\u015fili\u011fi ve derinli\u011fi birle\u015ftirerek meyveli yo\u011funlu\u011fu bir sonraki seviyeye ta\u015f\u0131r. Tat, ahududu, k\u0131z\u0131lc\u0131\u011f\u0131 ve kiraz\u0131 dinamik, ferahlat\u0131c\u0131 bir lezzet deneyimine birle\u015ftirir ve her kesede geli\u015fim g\u00f6sterir. NGP Empire taraf\u0131ndan Avrupa'da \u00fcretilen PABLO Exclusive Serisi'nden bu all-white, t\u00fct\u00fcns\u00fcz kese, premium kaliteyi g\u00f6rkemli lezzet ve a\u015f\u0131r\u0131 nikotin g\u00fcc\u00fcyle birle\u015ftirir. Her kese 30 mg nikotin (50 mg\/g) i\u00e7ermekte olup, piyasada bulunan ve \u00f6zel olarak maksimum g\u00fc\u00e7 ve tatmin arayan deneyimli kullan\u0131c\u0131lar i\u00e7in olu\u015fturulan en g\u00fc\u00e7l\u00fc duyumlardan biri sunmaktad\u0131r. Slim format duda\u011f\u0131n alt\u0131na gizli ve rahat bir uyum sa\u011flarken, lezzet ve nikotin sal\u0131n\u0131m\u0131n\u0131n kademeli olarak sal\u0131nmas\u0131 p\u00fcr\u00fczs\u00fcz, uzun s\u00fcreli bir etki sa\u011flamaktad\u0131r. T\u00fct\u00fcns\u00fcz, duman\u0131z, kokunuz olmayan PABLO Exclusive Blueberry Cranberry Cherry temiz, tutarl\u0131 bir yo\u011funluk sunmakta, g\u00fcnl\u00fck kullan\u0131m veya ciddi bir ivme gerekti\u011finde m\u00fckemmeldir.<\/p>\n<table>\n<tbody>\n<tr>\n<td><b>Attribute<\/b><\/td>\n<td><b>Ayr\u0131nt\u0131lar<\/b><\/td>\n<\/tr>\n<tr>\n<td><b>10g (20 po\u015fet)<\/b><\/td>\n<td><span style=\"font-weight: 400;\">12g (20 po\u015fet)<\/span><\/td>\n<\/tr>\n<tr>\n<td><b>Nikotin i\u00e7eri\u011fi<\/b><\/td>\n<td><span style=\"font-weight: 400;\">50 mg\/g (po\u015fet ba\u015f\u0131na 30 mg)<\/span><\/td>\n<\/tr>\n<tr>\n<td><b>Po\u015fet format\u0131<\/b><\/td>\n<td><span style=\"font-weight: 400;\">\u0130nce<\/span><\/td>\n<\/tr>\n<tr>\n<td><b>\u00dcretici<\/b><\/td>\n<td><span style=\"font-weight: 400;\">N.G.P Empire<\/span><\/td>\n<\/tr>\n<tr>\n<td><b>Aroma<\/b><\/td>\n<td>\u00c7ilek, K\u0131z\u0131lc\u0131k, Kiraz<\/td>\n<\/tr>\n<tr>\n<td><b>T\u00fcr<\/b><\/td>\n<td><span style=\"font-weight: 400;\">T\u00fcm beyaz po\u015fet, t\u00fct\u00fcns\u00fcz<\/span><\/td>\n<\/tr>\n<\/tbody>\n<\/table>","protected":false},"excerpt":{"rendered":"<p>PABLO Exclusive Mirtil Cranberry Kiraz i\u00e7inde <strong data-start=\"286\" data-end=\"294\">\u0130nce<\/strong> g\u00fc\u00e7l\u00fc bir kar\u0131\u015f\u0131m\u0131 sunmaktad\u0131r <strong data-start=\"318\" data-end=\"354\">\u00e7ilek, k\u0131z\u0131lc\u0131k ve kiraz<\/strong> a\u015f\u0131r\u0131 nikotin g\u00fcc\u00fcyle. Her t\u00fct\u00fcns\u00fcz kese i\u00e7erir <strong data-start=\"424\" data-end=\"433\">30 mg<\/strong> <strong>n\u0131n<\/strong> <strong>nikotin<\/strong>, deneyimli kullan\u0131c\u0131lar i\u00e7in tasarlanm\u0131\u015f yo\u011fun ve lezzetli bir deneyim sunmaktad\u0131r.<\/p>","protected":false},"featured_media":33087,"comment_status":"open","ping_status":"closed","template":"","format":[206],"meta":{"_acf_changed":false},"product_brand":[],"product_cat":[44],"product_tag":[16605],"flavours":[196],"nicotine":[233,226],"class_list":{"0":"post-33082","1":"product","2":"type-product","3":"status-publish","4":"has-post-thumbnail","6":"product_cat-pablo","7":"product_tag-30-mg-pouch","8":"pa_quantity-1-pack","9":"pa_quantity-10-pack","10":"pa_quantity-3-pack","11":"pa_quantity-30-pack","12":"pa_quantity-5-pack","13":"pa_quantity-60-pack","14":"flavours-fruits-berries","15":"format-slim","16":"nicotine-extreme","17":"nicotine-50-mg-g","19":"first","20":"instock","21":"taxable","22":"shipping-taxable","23":"purchasable","24":"product-type-variable"},"acf":[],"_links":{"self":[{"href":"https:\/\/whitelip.com\/tr\/wp-json\/wp\/v2\/product\/33082","targetHints":{"allow":["GET"]}}],"collection":[{"href":"https:\/\/whitelip.com\/tr\/wp-json\/wp\/v2\/product"}],"about":[{"href":"https:\/\/whitelip.com\/tr\/wp-json\/wp\/v2\/types\/product"}],"replies":[{"embeddable":true,"href":"https:\/\/whitelip.com\/tr\/wp-json\/wp\/v2\/comments?post=33082"}],"wp:featuredmedia":[{"embeddable":true,"href":"https:\/\/whitelip.com\/tr\/wp-json\/wp\/v2\/media\/33087"}],"wp:attachment":[{"href":"https:\/\/whitelip.com\/tr\/wp-json\/wp\/v2\/media?parent=33082"}],"wp:term":[{"taxonomy":"product_brand","embeddable":true,"href":"https:\/\/whitelip.com\/tr\/wp-json\/wp\/v2\/product_brand?post=33082"},{"taxonomy":"product_cat","embeddable":true,"href":"https:\/\/whitelip.com\/tr\/wp-json\/wp\/v2\/product_cat?post=33082"},{"taxonomy":"product_tag","embeddable":true,"href":"https:\/\/whitelip.com\/tr\/wp-json\/wp\/v2\/product_tag?post=33082"},{"taxonomy":"flavours","embeddable":true,"href":"https:\/\/whitelip.com\/tr\/wp-json\/wp\/v2\/flavours?post=33082"},{"taxonomy":"format","embeddable":true,"href":"https:\/\/whitelip.com\/tr\/wp-json\/wp\/v2\/format?post=33082"},{"taxonomy":"nicotine","embeddable":true,"href":"https:\/\/whitelip.com\/tr\/wp-json\/wp\/v2\/nicotine?post=33082"}],"curies":[{"name":"wp","href":"https:\/\/api.w.org\/{rel}","templated":true}]}}