{"id":33065,"date":"2025-10-31T13:46:44","date_gmt":"2025-10-31T13:46:44","guid":{"rendered":"https:\/\/whitelip.com\/?post_type=product&#038;p=33065"},"modified":"2026-04-17T09:18:29","modified_gmt":"2026-04-17T09:18:29","slug":"pablo-exclusive-sour-blueberries","status":"publish","type":"product","link":"https:\/\/whitelip.com\/tr\/pablo\/pablo-exclusive-sour-blueberries\/","title":{"rendered":"PABLO Exclusive Ek\u015fi \u00c7ilek A\u011fac\u0131 Yemi\u015fi"},"content":{"rendered":"<p data-start=\"487\" data-end=\"824\">PABLO Exclusive Sour Blueberries in Slim, maksimum g\u00fcc\u00fc ve cesur lezzeti arayan ki\u015filer i\u00e7in tasarlanm\u0131\u015ft\u0131r. Meyveli tatl\u0131l\u0131\u011f\u0131 ve hissi uyand\u0131ran keskin bir kenar\u0131 olan keskin ve ek\u015fi \u00e7ilek tad\u0131 i\u00e7erir. Tatl\u0131 ve ek\u015fi kar\u0131\u015f\u0131m\u0131, PABLO s\u0131ras\u0131nda hi\u00e7bir \u015feye benzemeyecek canl\u0131, uzun \u00f6m\u00fcrl\u00fc bir lezzet yarat\u0131r. NGP Empire taraf\u0131ndan Avrupa'da \u00fcretilen, PABLO Exclusive Series'in bu \u00fcyesi modern tasar\u0131m\u0131, premium kaliteyi ve uzla\u015fmaz yo\u011funlu\u011fu birle\u015ftirir. Her beyaz, tutunaks\u0131z po\u015fet 30 mg nikotin (toplam 50 mg\/g) i\u00e7erir, mevcut en g\u00fc\u00e7l\u00fc nikotin deneyimlerinden birini sunar. Hava ba\u015f\u0131na 20 po\u015fet ile, her biri 0,6 gram a\u011f\u0131rl\u0131\u011f\u0131nda, PABLO Exclusive Sour Blueberries, a\u015f\u0131r\u0131 nikotin duyum isteyen deneyimli kullan\u0131c\u0131lar i\u00e7in \u00f6zel olarak geli\u015ftirilen ayr\u0131k Slim formatta tutarl\u0131 g\u00fc\u00e7 ve lezzet sa\u011flar.<\/p>\n<table>\n<tbody>\n<tr>\n<td><b>Attribute<\/b><\/td>\n<td><b>Ayr\u0131nt\u0131lar<\/b><\/td>\n<\/tr>\n<tr>\n<td><b>10g (20 po\u015fet)<\/b><\/td>\n<td><span style=\"font-weight: 400;\">12g (20 po\u015fet)<\/span><\/td>\n<\/tr>\n<tr>\n<td><b>Nikotin i\u00e7eri\u011fi<\/b><\/td>\n<td><span style=\"font-weight: 400;\">50 mg\/g (po\u015fet ba\u015f\u0131na 30 mg)<\/span><\/td>\n<\/tr>\n<tr>\n<td><b>Po\u015fet format\u0131<\/b><\/td>\n<td><span style=\"font-weight: 400;\">\u0130nce<\/span><\/td>\n<\/tr>\n<tr>\n<td><b>\u00dcretici<\/b><\/td>\n<td><span style=\"font-weight: 400;\">N.G.P Empire<\/span><\/td>\n<\/tr>\n<tr>\n<td><b>Aroma<\/b><\/td>\n<td>Sour Blueberries (keskin \u00e7ilek)<\/td>\n<\/tr>\n<tr>\n<td><b>T\u00fcr<\/b><\/td>\n<td><span style=\"font-weight: 400;\">T\u00fcm beyaz po\u015fet, t\u00fct\u00fcns\u00fcz<\/span><\/td>\n<\/tr>\n<\/tbody>\n<\/table>","protected":false},"excerpt":{"rendered":"<p>PABLO Exclusive Sour Blueberries in <strong data-start=\"238\" data-end=\"246\">\u0130nce<\/strong> yo\u011fun <strong data-start=\"267\" data-end=\"285\">ek\u015fi \u00e7ilek<\/strong> lezzeti a\u015f\u0131r\u0131 nikotin g\u00fcc\u00fcyle birlikte. Her tutunaks\u0131z po\u015fet i\u00e7erir <strong data-start=\"371\" data-end=\"380\">30 mg<\/strong> nikotin, deneyimli kullan\u0131c\u0131lar i\u00e7in tasarlanan g\u00fc\u00e7l\u00fc bir deneyim sunuyor.<\/p>","protected":false},"featured_media":33069,"comment_status":"open","ping_status":"closed","template":"","format":[206],"meta":{"_acf_changed":false},"product_brand":[],"product_cat":[44],"product_tag":[16605],"flavours":[196],"nicotine":[226,233],"class_list":{"0":"post-33065","1":"product","2":"type-product","3":"status-publish","4":"has-post-thumbnail","6":"product_cat-pablo","7":"product_tag-30-mg-pouch","8":"pa_quantity-1-pack","9":"pa_quantity-10-pack","10":"pa_quantity-3-pack","11":"pa_quantity-30-pack","12":"pa_quantity-5-pack","13":"pa_quantity-60-pack","14":"flavours-fruits-berries","15":"format-slim","16":"nicotine-50-mg-g","17":"nicotine-extreme","19":"first","20":"instock","21":"taxable","22":"shipping-taxable","23":"purchasable","24":"product-type-variable","25":"has-default-attributes"},"acf":[],"_links":{"self":[{"href":"https:\/\/whitelip.com\/tr\/wp-json\/wp\/v2\/product\/33065","targetHints":{"allow":["GET"]}}],"collection":[{"href":"https:\/\/whitelip.com\/tr\/wp-json\/wp\/v2\/product"}],"about":[{"href":"https:\/\/whitelip.com\/tr\/wp-json\/wp\/v2\/types\/product"}],"replies":[{"embeddable":true,"href":"https:\/\/whitelip.com\/tr\/wp-json\/wp\/v2\/comments?post=33065"}],"wp:featuredmedia":[{"embeddable":true,"href":"https:\/\/whitelip.com\/tr\/wp-json\/wp\/v2\/media\/33069"}],"wp:attachment":[{"href":"https:\/\/whitelip.com\/tr\/wp-json\/wp\/v2\/media?parent=33065"}],"wp:term":[{"taxonomy":"product_brand","embeddable":true,"href":"https:\/\/whitelip.com\/tr\/wp-json\/wp\/v2\/product_brand?post=33065"},{"taxonomy":"product_cat","embeddable":true,"href":"https:\/\/whitelip.com\/tr\/wp-json\/wp\/v2\/product_cat?post=33065"},{"taxonomy":"product_tag","embeddable":true,"href":"https:\/\/whitelip.com\/tr\/wp-json\/wp\/v2\/product_tag?post=33065"},{"taxonomy":"flavours","embeddable":true,"href":"https:\/\/whitelip.com\/tr\/wp-json\/wp\/v2\/flavours?post=33065"},{"taxonomy":"format","embeddable":true,"href":"https:\/\/whitelip.com\/tr\/wp-json\/wp\/v2\/format?post=33065"},{"taxonomy":"nicotine","embeddable":true,"href":"https:\/\/whitelip.com\/tr\/wp-json\/wp\/v2\/nicotine?post=33065"}],"curies":[{"name":"wp","href":"https:\/\/api.w.org\/{rel}","templated":true}]}}