{"id":32615,"date":"2025-10-27T15:09:48","date_gmt":"2025-10-27T15:09:48","guid":{"rendered":"https:\/\/whitelip.com\/?post_type=product&#038;p=32615"},"modified":"2026-05-15T13:39:06","modified_gmt":"2026-05-15T13:39:06","slug":"christmas-calendar","status":"publish","type":"product","link":"https:\/\/whitelip.com\/tr\/christmas-calendar\/christmas-calendar\/","title":{"rendered":"Whitelip Noel Takvimi"},"content":{"rendered":"<p data-start=\"440\" data-end=\"739\">The <strong data-start=\"444\" data-end=\"472\">Whitelip Noel Takvimi<\/strong> \u00fcst markalardan 24 benzersiz nikotin po\u015feti kutusunu bir araya getirmektedir: <strong data-start=\"540\" data-end=\"571\">DENSSI, 77, STNG, Apr\u00e8s, NOR<\/strong>ve daha bir\u00e7o\u011fu. Her kap\u0131n\u0131n arkas\u0131nda yeni bir ke\u015fif, Aral\u0131k ay\u0131nda her g\u00fcn farkl\u0131 bir \u015feyler sunan k\u00fcrat\u00f6rl\u00fck se\u00e7imi yap\u0131lm\u0131\u015f lezzet, g\u00fc\u00e7 ve po\u015fet formatlar\u0131 beklemektedir.<\/p>\n<p data-start=\"741\" data-end=\"1015\">Tazeleyici nane kar\u0131\u015f\u0131mlar\u0131ndan meyveli, s\u0131n\u0131rl\u0131 bask\u0131 yay\u0131nlara kadar, bu takvim modern nikotin po\u015fetlerinin t\u00fcm \u00e7e\u015fitlili\u011fini bir \u00f6zel paketin i\u00e7inde yakalar. Yeni se\u00e7enekleri ke\u015ffetmeyi sevenler ve kategorinin en iyisini deneyimlemek isteyen kullan\u0131c\u0131lar i\u00e7in tasarlanm\u0131\u015ft\u0131r.<\/p>\n<p data-start=\"1017\" data-end=\"1155\">Her takvim s\u0131n\u0131rl\u0131 miktarda \u00fcretilmektedir ve 2025 i\u00e7in \u00f6ne \u00e7\u0131kan bir koleksiyoncu par\u00e7as\u0131 yapan festif mevsimsel bir tasar\u0131m i\u00e7ermektedir.<\/p>","protected":false},"excerpt":{"rendered":"<p>Noel'e kadar sayacak <strong data-start=\"209\" data-end=\"237\">Whitelip Noel Takvimi!<\/strong> \u00d6nc\u00fc markalardan 24 s\u00fcrpriz nikotin po\u015feti kutusu i\u00e7erir. Aral\u0131k ay\u0131n\u0131 biraz daha heyecanl\u0131 k\u0131lmak i\u00e7in tasarlanm\u0131\u015f s\u0131n\u0131rl\u0131 bask\u0131 lezzet, g\u00fc\u00e7 ve format kar\u0131\u015f\u0131m\u0131.<\/p>","protected":false},"featured_media":32616,"comment_status":"open","ping_status":"closed","template":"","format":[],"meta":{"_acf_changed":false},"product_brand":[],"product_cat":[259],"product_tag":[],"flavours":[],"nicotine":[],"class_list":{"0":"post-32615","1":"product","2":"type-product","3":"status-publish","4":"has-post-thumbnail","6":"product_cat-christmas-calendar","8":"first","9":"instock","10":"taxable","11":"shipping-taxable","12":"purchasable","13":"product-type-simple"},"acf":[],"_links":{"self":[{"href":"https:\/\/whitelip.com\/tr\/wp-json\/wp\/v2\/product\/32615","targetHints":{"allow":["GET"]}}],"collection":[{"href":"https:\/\/whitelip.com\/tr\/wp-json\/wp\/v2\/product"}],"about":[{"href":"https:\/\/whitelip.com\/tr\/wp-json\/wp\/v2\/types\/product"}],"replies":[{"embeddable":true,"href":"https:\/\/whitelip.com\/tr\/wp-json\/wp\/v2\/comments?post=32615"}],"wp:featuredmedia":[{"embeddable":true,"href":"https:\/\/whitelip.com\/tr\/wp-json\/wp\/v2\/media\/32616"}],"wp:attachment":[{"href":"https:\/\/whitelip.com\/tr\/wp-json\/wp\/v2\/media?parent=32615"}],"wp:term":[{"taxonomy":"product_brand","embeddable":true,"href":"https:\/\/whitelip.com\/tr\/wp-json\/wp\/v2\/product_brand?post=32615"},{"taxonomy":"product_cat","embeddable":true,"href":"https:\/\/whitelip.com\/tr\/wp-json\/wp\/v2\/product_cat?post=32615"},{"taxonomy":"product_tag","embeddable":true,"href":"https:\/\/whitelip.com\/tr\/wp-json\/wp\/v2\/product_tag?post=32615"},{"taxonomy":"flavours","embeddable":true,"href":"https:\/\/whitelip.com\/tr\/wp-json\/wp\/v2\/flavours?post=32615"},{"taxonomy":"format","embeddable":true,"href":"https:\/\/whitelip.com\/tr\/wp-json\/wp\/v2\/format?post=32615"},{"taxonomy":"nicotine","embeddable":true,"href":"https:\/\/whitelip.com\/tr\/wp-json\/wp\/v2\/nicotine?post=32615"}],"curies":[{"name":"wp","href":"https:\/\/api.w.org\/{rel}","templated":true}]}}