{"id":32603,"date":"2025-10-27T14:46:03","date_gmt":"2025-10-27T14:46:03","guid":{"rendered":"https:\/\/whitelip.com\/?post_type=product&#038;p=32603"},"modified":"2026-04-24T22:22:05","modified_gmt":"2026-04-24T22:22:05","slug":"whitelip-pouch-club-t-shirt","status":"publish","type":"product","link":"https:\/\/whitelip.com\/tr\/merch\/whitelip-pouch-club-t-shirt\/","title":{"rendered":"Whitelip Pouch Club T-Shirt"},"content":{"rendered":"<h2 data-start=\"147\" data-end=\"167\"><strong data-start=\"147\" data-end=\"167\">Whitelip T-Shirt<\/strong><\/h2>\n<p data-start=\"169\" data-end=\"597\">Rahatl\u0131k i\u00e7in yap\u0131ld\u0131. Temsil etmek i\u00e7in tasarland\u0131. Whitelip T-Shirt, temiz estetikleri g\u00fcnl\u00fck i\u015flevsellik ile birle\u015ftirir. Beyaz rengi ve ince Whitelip logosu, markan\u0131n modern kimli\u011fini yans\u0131tan sofistike bir g\u00f6r\u00fcn\u00fcm yarat\u0131r. Yumu\u015fak, halka ipli\u011finden yap\u0131lm\u0131\u015f, dengeli \u00fcniseks kesime sahip, ofiste, etkinliklerde veya g\u00fcnl\u00fck giyimde e\u015fit \u00f6l\u00e7\u00fcde uygundur. Whitelip'i sessiz bir tarzla ta\u015f\u0131mak isteyen olanlar i\u00e7in do\u011fal bir se\u00e7im.<\/p>\n<p data-start=\"599\" data-end=\"618\"><strong data-start=\"599\" data-end=\"616\">Ana \u00d6zellikler:<\/strong><\/p>\n<ul data-start=\"619\" data-end=\"948\">\n<li data-start=\"619\" data-end=\"684\">\n<p data-start=\"621\" data-end=\"684\"><strong data-start=\"621\" data-end=\"641\">Premium kalite:<\/strong> Dayan\u0131kl\u0131 hissiyata sahip 0 halka ipli\u011fi pamuk<\/p>\n<\/li>\n<li data-start=\"685\" data-end=\"762\">\n<p data-start=\"687\" data-end=\"762\"><strong data-start=\"687\" data-end=\"707\">Zamans\u0131z tasar\u0131m:<\/strong> G\u00f6\u011f\u00fcs \u00fczerinde ince Whitelip logosu ile beyaz T-shirt<\/p>\n<\/li>\n<li data-start=\"763\" data-end=\"837\">\n<p data-start=\"765\" data-end=\"837\"><strong data-start=\"765\" data-end=\"785\">Rahat uyum:<\/strong> S\u0131k\u0131 olmayan m\u00fckemmel uyumlu \u00fcniseks model<\/p>\n<\/li>\n<li data-start=\"838\" data-end=\"911\">\n<p data-start=\"840\" data-end=\"911\"><strong data-start=\"840\" data-end=\"858\">\u00c7ok ama\u00e7l\u0131 kullan\u0131m:<\/strong> G\u00fcnl\u00fck giyim veya resmi merchandise i\u00e7in uygun<\/p>\n<\/li>\n<li data-start=\"912\" data-end=\"948\">\n<p data-start=\"914\" data-end=\"948\"><strong data-start=\"914\" data-end=\"934\">Mevcut bedenler:<\/strong> S, M, L, XL<\/p>\n<\/li>\n<\/ul>","protected":false},"excerpt":{"rendered":"<article class=\"text-token-text-primary w-full focus:outline-none [--shadow-height:45px] has-data-writing-block:pointer-events-none has-data-writing-block:-mt-(--shadow-height) has-data-writing-block:pt-(--shadow-height) [&amp;:has([data-writing-block])&gt;*]:pointer-events-auto [content-visibility:auto] supports-[content-visibility:auto]:[contain-intrinsic-size:auto_100lvh] scroll-mt-[calc(var(--header-height)+min(200px,max(70px,20svh)))]\" dir=\"auto\" tabindex=\"-1\" data-turn-id=\"request-WEB:427feabd-8015-4221-a8a2-f2b39ead3cc6-11\" data-testid=\"conversation-turn-22\" data-scroll-anchor=\"true\" data-turn=\"assistant\">\n<div class=\"text-base my-auto mx-auto pb-10 [--thread-content-margin:--spacing(4)] thread-sm:[--thread-content-margin:--spacing(6)] thread-lg:[--thread-content-margin:--spacing(16)] px-(--thread-content-margin)\">\n<div class=\"[--thread-content-max-width:40rem] thread-lg:[--thread-content-max-width:48rem] mx-auto max-w-(--thread-content-max-width) flex-1 group\/turn-messages focus-visible:outline-hidden relative flex w-full min-w-0 flex-col agent-turn\" tabindex=\"-1\">\n<div class=\"flex max-w-full flex-col grow\">\n<div class=\"min-h-8 text-message relative flex w-full flex-col items-end gap-2 text-start break-words whitespace-normal [.text-message+&amp;]:mt-1\" dir=\"auto\" data-message-author-role=\"assistant\" data-message-id=\"28ee1544-72f8-48b6-bb10-b1d5131dd33f\" data-message-model-slug=\"gpt-5\">\n<div class=\"flex w-full flex-col gap-1 empty:hidden first:pt-[1px]\">\n<div class=\"markdown prose dark:prose-invert w-full break-words dark markdown-new-styling\">\n<p data-start=\"853\" data-end=\"1092\" data-is-last-node=\"\" data-is-only-node=\"\">Show your style and keep it clean with the Whitelip T-Shirt. The minimalist design, white color, and subtle logo make it suitable for both work and leisure. Soft cotton with a premium feel \u2014 built for comfort, created to represent Whitelip.<\/p>\n<\/div>\n<\/div>\n<\/div>\n<\/div>\n<\/div>\n<\/div>\n<\/article>\n","protected":false},"featured_media":32605,"comment_status":"open","ping_status":"closed","template":"","format":[],"meta":{"_acf_changed":false},"product_brand":[],"product_cat":[81],"product_tag":[],"flavours":[],"nicotine":[],"class_list":{"0":"post-32603","1":"product","2":"type-product","3":"status-publish","4":"has-post-thumbnail","6":"product_cat-merch","7":"pa_size-l","8":"pa_size-m","9":"pa_size-s","10":"pa_size-xl","12":"first","13":"instock","14":"taxable","15":"shipping-taxable","16":"purchasable","17":"product-type-variable"},"acf":[],"_links":{"self":[{"href":"https:\/\/whitelip.com\/tr\/wp-json\/wp\/v2\/product\/32603","targetHints":{"allow":["GET"]}}],"collection":[{"href":"https:\/\/whitelip.com\/tr\/wp-json\/wp\/v2\/product"}],"about":[{"href":"https:\/\/whitelip.com\/tr\/wp-json\/wp\/v2\/types\/product"}],"replies":[{"embeddable":true,"href":"https:\/\/whitelip.com\/tr\/wp-json\/wp\/v2\/comments?post=32603"}],"wp:featuredmedia":[{"embeddable":true,"href":"https:\/\/whitelip.com\/tr\/wp-json\/wp\/v2\/media\/32605"}],"wp:attachment":[{"href":"https:\/\/whitelip.com\/tr\/wp-json\/wp\/v2\/media?parent=32603"}],"wp:term":[{"taxonomy":"product_brand","embeddable":true,"href":"https:\/\/whitelip.com\/tr\/wp-json\/wp\/v2\/product_brand?post=32603"},{"taxonomy":"product_cat","embeddable":true,"href":"https:\/\/whitelip.com\/tr\/wp-json\/wp\/v2\/product_cat?post=32603"},{"taxonomy":"product_tag","embeddable":true,"href":"https:\/\/whitelip.com\/tr\/wp-json\/wp\/v2\/product_tag?post=32603"},{"taxonomy":"flavours","embeddable":true,"href":"https:\/\/whitelip.com\/tr\/wp-json\/wp\/v2\/flavours?post=32603"},{"taxonomy":"format","embeddable":true,"href":"https:\/\/whitelip.com\/tr\/wp-json\/wp\/v2\/format?post=32603"},{"taxonomy":"nicotine","embeddable":true,"href":"https:\/\/whitelip.com\/tr\/wp-json\/wp\/v2\/nicotine?post=32603"}],"curies":[{"name":"wp","href":"https:\/\/api.w.org\/{rel}","templated":true}]}}