{"id":32597,"date":"2025-10-27T14:37:12","date_gmt":"2025-10-27T14:37:12","guid":{"rendered":"https:\/\/whitelip.com\/?post_type=product&#038;p=32597"},"modified":"2026-03-26T13:16:38","modified_gmt":"2026-03-26T13:16:38","slug":"whitelip-vintage-trucker-cap","status":"publish","type":"product","link":"https:\/\/whitelip.com\/tr\/merch\/whitelip-vintage-trucker-cap\/","title":{"rendered":"Whitelip Vintage Trucker Cap"},"content":{"rendered":"<h2 data-start=\"159\" data-end=\"191\"><strong data-start=\"159\" data-end=\"191\">Whitelip Vintage Trucker Cap<\/strong><\/h2>\n<p data-start=\"193\" data-end=\"774\">Zamans\u0131z stil. Modern s\u00fcrd\u00fcr\u00fclebilirlik. Whitelip Vintage Trucker Cap, klasik g\u00f6r\u00fcn\u00fcm\u00fc sorumlu tasar\u0131m ile birle\u015ftirir. Vintage bir finish i\u00e7in 0 a\u011f\u0131r y\u0131kanm\u0131\u015f pamuk \u00f6n panel ve hafiflik ile havaland\u0131rma i\u00e7in 0 geri d\u00f6n\u00fc\u015ft\u00fcr\u00fclm\u00fc\u015f poliester mesh arka panel ile yap\u0131lm\u0131\u015ft\u0131r. Yumu\u015fak, yap\u0131land\u0131r\u0131lmam\u0131\u015f ta\u00e7 ve kavisli siperlik rahat, rahat bir uyum sa\u011flarken, z\u0131t renkli diki\u015fler karakter ekler. Ayarlanabilir snapback ve One Size uyumu ile \u00e7o\u011fu ba\u015f \u015feklini kar\u015f\u0131lar. Whitelip'in rahat esteti\u011fini temsil eden ikonik bir aksesuard\u0131r \u2014 golf sahas\u0131ndan dinlenme odas\u0131na.<\/p>\n<p data-start=\"776\" data-end=\"795\"><strong data-start=\"776\" data-end=\"793\">Ana \u00d6zellikler:<\/strong><\/p>\n<ul data-start=\"796\" data-end=\"1101\">\n<li data-start=\"796\" data-end=\"863\">\n<p data-start=\"798\" data-end=\"863\">Vintage g\u00f6r\u00fcn\u00fc\u015f i\u00e7in 0 a\u011f\u0131r y\u0131kanm\u0131\u015f pamuktan yap\u0131lm\u0131\u015f \u00f6n panel<\/p>\n<\/li>\n<li data-start=\"864\" data-end=\"931\">\n<p data-start=\"866\" data-end=\"931\">Havaland\u0131rma i\u00e7in 0 geri d\u00f6n\u00fc\u015ft\u00fcr\u00fclm\u00fc\u015f poliester mesh'ten yap\u0131lm\u0131\u015f arka panel<\/p>\n<\/li>\n<li data-start=\"932\" data-end=\"980\">\n<p data-start=\"934\" data-end=\"980\">Yumu\u015fak, yap\u0131land\u0131r\u0131lmam\u0131\u015f ta\u00e7l\u0131 6 panelli tasar\u0131m<\/p>\n<\/li>\n<li data-start=\"981\" data-end=\"1020\">\n<p data-start=\"983\" data-end=\"1020\">Kavisli siperlik ve z\u0131t renkli diki\u015fler<\/p>\n<\/li>\n<li data-start=\"1021\" data-end=\"1062\">\n<p data-start=\"1023\" data-end=\"1062\">Ayarlanabilir snapback kapama, One Size<\/p>\n<\/li>\n<li data-start=\"1063\" data-end=\"1101\">\n<p data-start=\"1065\" data-end=\"1101\">Kolay yeniden markala\u015ft\u0131rma i\u00e7in TearAway etiketi<\/p>\n<\/li>\n<\/ul>","protected":false},"excerpt":{"rendered":"<article class=\"text-token-text-primary w-full focus:outline-none [--shadow-height:45px] has-data-writing-block:pointer-events-none has-data-writing-block:-mt-(--shadow-height) has-data-writing-block:pt-(--shadow-height) [&amp;:has([data-writing-block])&gt;*]:pointer-events-auto [content-visibility:auto] supports-[content-visibility:auto]:[contain-intrinsic-size:auto_100lvh] scroll-mt-[calc(var(--header-height)+min(200px,max(70px,20svh)))]\" dir=\"auto\" tabindex=\"-1\" data-turn-id=\"request-WEB:427feabd-8015-4221-a8a2-f2b39ead3cc6-11\" data-testid=\"conversation-turn-22\" data-scroll-anchor=\"true\" data-turn=\"assistant\">\n<div class=\"text-base my-auto mx-auto pb-10 [--thread-content-margin:--spacing(4)] thread-sm:[--thread-content-margin:--spacing(6)] thread-lg:[--thread-content-margin:--spacing(16)] px-(--thread-content-margin)\">\n<div class=\"[--thread-content-max-width:40rem] thread-lg:[--thread-content-max-width:48rem] mx-auto max-w-(--thread-content-max-width) flex-1 group\/turn-messages focus-visible:outline-hidden relative flex w-full min-w-0 flex-col agent-turn\" tabindex=\"-1\">\n<div class=\"flex max-w-full flex-col grow\">\n<div class=\"min-h-8 text-message relative flex w-full flex-col items-end gap-2 text-start break-words whitespace-normal [.text-message+&amp;]:mt-1\" dir=\"auto\" data-message-author-role=\"assistant\" data-message-id=\"28ee1544-72f8-48b6-bb10-b1d5131dd33f\" data-message-model-slug=\"gpt-5\">\n<div class=\"flex w-full flex-col gap-1 empty:hidden first:pt-[1px]\">\n<div class=\"markdown prose dark:prose-invert w-full break-words dark markdown-new-styling\">\n<p data-start=\"853\" data-end=\"1092\" data-is-last-node=\"\" data-is-only-node=\"\">Classic style with a modern edge. The Whitelip Vintage Trucker Cap features a washed cotton front, recycled mesh back, and curved visor for a relaxed and breathable fit. A timeless accessory that combines comfort, sustainability, and Whitelip\u2019s distinctive character.<\/p>\n<\/div>\n<\/div>\n<\/div>\n<\/div>\n<\/div>\n<\/div>\n<\/article>\n","protected":false},"featured_media":32599,"comment_status":"open","ping_status":"closed","template":"","format":[],"meta":{"_acf_changed":false},"product_brand":[],"product_cat":[81],"product_tag":[],"flavours":[],"nicotine":[],"class_list":{"0":"post-32597","1":"product","2":"type-product","3":"status-publish","4":"has-post-thumbnail","6":"product_cat-merch","7":"pa_size-onesize","9":"first","10":"outofstock","11":"taxable","12":"shipping-taxable","13":"purchasable","14":"product-type-variable"},"acf":[],"_links":{"self":[{"href":"https:\/\/whitelip.com\/tr\/wp-json\/wp\/v2\/product\/32597","targetHints":{"allow":["GET"]}}],"collection":[{"href":"https:\/\/whitelip.com\/tr\/wp-json\/wp\/v2\/product"}],"about":[{"href":"https:\/\/whitelip.com\/tr\/wp-json\/wp\/v2\/types\/product"}],"replies":[{"embeddable":true,"href":"https:\/\/whitelip.com\/tr\/wp-json\/wp\/v2\/comments?post=32597"}],"wp:featuredmedia":[{"embeddable":true,"href":"https:\/\/whitelip.com\/tr\/wp-json\/wp\/v2\/media\/32599"}],"wp:attachment":[{"href":"https:\/\/whitelip.com\/tr\/wp-json\/wp\/v2\/media?parent=32597"}],"wp:term":[{"taxonomy":"product_brand","embeddable":true,"href":"https:\/\/whitelip.com\/tr\/wp-json\/wp\/v2\/product_brand?post=32597"},{"taxonomy":"product_cat","embeddable":true,"href":"https:\/\/whitelip.com\/tr\/wp-json\/wp\/v2\/product_cat?post=32597"},{"taxonomy":"product_tag","embeddable":true,"href":"https:\/\/whitelip.com\/tr\/wp-json\/wp\/v2\/product_tag?post=32597"},{"taxonomy":"flavours","embeddable":true,"href":"https:\/\/whitelip.com\/tr\/wp-json\/wp\/v2\/flavours?post=32597"},{"taxonomy":"format","embeddable":true,"href":"https:\/\/whitelip.com\/tr\/wp-json\/wp\/v2\/format?post=32597"},{"taxonomy":"nicotine","embeddable":true,"href":"https:\/\/whitelip.com\/tr\/wp-json\/wp\/v2\/nicotine?post=32597"}],"curies":[{"name":"wp","href":"https:\/\/api.w.org\/{rel}","templated":true}]}}