{"id":32593,"date":"2025-10-27T14:31:45","date_gmt":"2025-10-27T14:31:45","guid":{"rendered":"https:\/\/whitelip.com\/?post_type=product&#038;p=32593"},"modified":"2026-03-26T13:14:58","modified_gmt":"2026-03-26T13:14:58","slug":"whitelip-low-profile-dad-cap","status":"publish","type":"product","link":"https:\/\/whitelip.com\/tr\/merch\/whitelip-low-profile-dad-cap\/","title":{"rendered":"Whitelip Low Profile Dad Cap"},"content":{"rendered":"<h2 data-start=\"159\" data-end=\"191\"><strong data-start=\"159\" data-end=\"191\">Whitelip Low Profile Dad Cap<\/strong><\/h2>\n<p data-start=\"193\" data-end=\"732\">Rafine stil. Maksimum rahatl\u0131k. Whitelip Low Profile Dad Cap, zamans\u0131z bir silueti \u00f6n planda gelen el sanat\u0131yla birle\u015ftirir. 0 chino pamuktan yap\u0131lm\u0131\u015f, yumu\u015fak, hafif ve esnek bir his sunmaktad\u0131r. D\u00fc\u015f\u00fck profil ve yap\u0131land\u0131r\u0131lmam\u0131\u015f ta\u00e7 rahat bir uyum yarat\u0131rken, \u00f6n kavisli siperlik ve diki\u015fli havaland\u0131rma delikleri s\u0131cak g\u00fcnlerde nefes alabilirli\u011fi sa\u011flar. Kendi kuma\u015f\u0131ndan yap\u0131lm\u0131\u015f, metal toka ile kay\u0131\u015f ta\u015f\u0131yan, uyumu kolayca ayarlanabilir, One Size \u015feklindedir. Hem g\u00fcnl\u00fck giyim hem de markala\u015ft\u0131rma i\u00e7in uygun, ince ama kendine g\u00fcvenen bir aksesuard\u0131r.<\/p>\n<p data-start=\"734\" data-end=\"753\"><strong data-start=\"734\" data-end=\"751\">Ana \u00d6zellikler:<\/strong><\/p>\n<ul data-start=\"754\" data-end=\"1044\">\n<li data-start=\"754\" data-end=\"803\">\n<p data-start=\"756\" data-end=\"803\">0 chino pamuk \u2013 yumu\u015fak ve dayan\u0131kl\u0131 malzeme<\/p>\n<\/li>\n<li data-start=\"804\" data-end=\"839\">\n<p data-start=\"806\" data-end=\"839\">D\u00fc\u015f\u00fck profil ile 6 panelli tasar\u0131m<\/p>\n<\/li>\n<li data-start=\"840\" data-end=\"881\">\n<p data-start=\"842\" data-end=\"881\">Rahat g\u00f6r\u00fcn\u00fc\u015f i\u00e7in yap\u0131land\u0131r\u0131lmam\u0131\u015f ta\u00e7<\/p>\n<\/li>\n<li data-start=\"882\" data-end=\"938\">\n<p data-start=\"884\" data-end=\"938\">Rahatl\u0131k i\u00e7in \u00f6n kavisli siperlik ve havaland\u0131rma delikleri<\/p>\n<\/li>\n<li data-start=\"939\" data-end=\"1005\">\n<p data-start=\"941\" data-end=\"1005\">Kendi kuma\u015f\u0131ndan yap\u0131lm\u0131\u015f tri-glide tokal\u0131 kay\u0131\u015f \u2013 ayarlanabilir, One Size<\/p>\n<\/li>\n<li data-start=\"1006\" data-end=\"1044\">\n<p data-start=\"1008\" data-end=\"1044\">Kolay yeniden markala\u015ft\u0131rma i\u00e7in TearAway etiketi<\/p>\n<\/li>\n<\/ul>","protected":false},"excerpt":{"rendered":"<article class=\"text-token-text-primary w-full focus:outline-none [--shadow-height:45px] has-data-writing-block:pointer-events-none has-data-writing-block:-mt-(--shadow-height) has-data-writing-block:pt-(--shadow-height) [&amp;:has([data-writing-block])&gt;*]:pointer-events-auto [content-visibility:auto] supports-[content-visibility:auto]:[contain-intrinsic-size:auto_100lvh] scroll-mt-[calc(var(--header-height)+min(200px,max(70px,20svh)))]\" dir=\"auto\" tabindex=\"-1\" data-turn-id=\"request-WEB:427feabd-8015-4221-a8a2-f2b39ead3cc6-11\" data-testid=\"conversation-turn-22\" data-scroll-anchor=\"true\" data-turn=\"assistant\">\n<div class=\"text-base my-auto mx-auto pb-10 [--thread-content-margin:--spacing(4)] thread-sm:[--thread-content-margin:--spacing(6)] thread-lg:[--thread-content-margin:--spacing(16)] px-(--thread-content-margin)\">\n<div class=\"[--thread-content-max-width:40rem] thread-lg:[--thread-content-max-width:48rem] mx-auto max-w-(--thread-content-max-width) flex-1 group\/turn-messages focus-visible:outline-hidden relative flex w-full min-w-0 flex-col agent-turn\" tabindex=\"-1\">\n<div class=\"flex max-w-full flex-col grow\">\n<div class=\"min-h-8 text-message relative flex w-full flex-col items-end gap-2 text-start break-words whitespace-normal [.text-message+&amp;]:mt-1\" dir=\"auto\" data-message-author-role=\"assistant\" data-message-id=\"28ee1544-72f8-48b6-bb10-b1d5131dd33f\" data-message-model-slug=\"gpt-5\">\n<div class=\"flex w-full flex-col gap-1 empty:hidden first:pt-[1px]\">\n<div class=\"markdown prose dark:prose-invert w-full break-words dark markdown-new-styling\">\n<p data-start=\"853\" data-end=\"1092\" data-is-last-node=\"\" data-is-only-node=\"\">Clean design and relaxed elegance. The Whitelip Low Profile Dad Cap is made from soft chino cotton with a low profile and classic fit. The curved visor, ventilation eyelets, and adjustable strap make it an essential everyday piece with the Whitelip touch.<\/p>\n<\/div>\n<\/div>\n<\/div>\n<\/div>\n<\/div>\n<\/div>\n<\/article>\n","protected":false},"featured_media":32596,"comment_status":"open","ping_status":"closed","template":"","format":[],"meta":{"_acf_changed":false},"product_brand":[],"product_cat":[81],"product_tag":[],"flavours":[],"nicotine":[],"class_list":{"0":"post-32593","1":"product","2":"type-product","3":"status-publish","4":"has-post-thumbnail","6":"product_cat-merch","7":"pa_size-onesize","9":"first","10":"instock","11":"taxable","12":"shipping-taxable","13":"purchasable","14":"product-type-variable"},"acf":[],"_links":{"self":[{"href":"https:\/\/whitelip.com\/tr\/wp-json\/wp\/v2\/product\/32593","targetHints":{"allow":["GET"]}}],"collection":[{"href":"https:\/\/whitelip.com\/tr\/wp-json\/wp\/v2\/product"}],"about":[{"href":"https:\/\/whitelip.com\/tr\/wp-json\/wp\/v2\/types\/product"}],"replies":[{"embeddable":true,"href":"https:\/\/whitelip.com\/tr\/wp-json\/wp\/v2\/comments?post=32593"}],"wp:featuredmedia":[{"embeddable":true,"href":"https:\/\/whitelip.com\/tr\/wp-json\/wp\/v2\/media\/32596"}],"wp:attachment":[{"href":"https:\/\/whitelip.com\/tr\/wp-json\/wp\/v2\/media?parent=32593"}],"wp:term":[{"taxonomy":"product_brand","embeddable":true,"href":"https:\/\/whitelip.com\/tr\/wp-json\/wp\/v2\/product_brand?post=32593"},{"taxonomy":"product_cat","embeddable":true,"href":"https:\/\/whitelip.com\/tr\/wp-json\/wp\/v2\/product_cat?post=32593"},{"taxonomy":"product_tag","embeddable":true,"href":"https:\/\/whitelip.com\/tr\/wp-json\/wp\/v2\/product_tag?post=32593"},{"taxonomy":"flavours","embeddable":true,"href":"https:\/\/whitelip.com\/tr\/wp-json\/wp\/v2\/flavours?post=32593"},{"taxonomy":"format","embeddable":true,"href":"https:\/\/whitelip.com\/tr\/wp-json\/wp\/v2\/format?post=32593"},{"taxonomy":"nicotine","embeddable":true,"href":"https:\/\/whitelip.com\/tr\/wp-json\/wp\/v2\/nicotine?post=32593"}],"curies":[{"name":"wp","href":"https:\/\/api.w.org\/{rel}","templated":true}]}}