{"id":32588,"date":"2025-10-27T14:24:45","date_gmt":"2025-10-27T14:24:45","guid":{"rendered":"https:\/\/whitelip.com\/?post_type=product&#038;p=32588"},"modified":"2026-03-26T13:15:42","modified_gmt":"2026-03-26T13:15:42","slug":"whitelip-organic-cap","status":"publish","type":"product","link":"https:\/\/whitelip.com\/tr\/merch\/whitelip-organic-cap\/","title":{"rendered":"Whitelip Organic Cap"},"content":{"rendered":"<h2 data-start=\"151\" data-end=\"175\"><strong data-start=\"151\" data-end=\"175\">Whitelip Organic Cap<\/strong><\/h2>\n<p data-start=\"177\" data-end=\"696\">Bilin\u00e7li tasar\u0131m. Otantik his. Whitelip Organic Cap, do\u011fal malzemeleri minimalist form ile birle\u015ftirir. 0 OCS sertifikal\u0131 organik pamuk twill'den yap\u0131lm\u0131\u015f, zamanla g\u00fczelle\u015fen hafif ama dayan\u0131kl\u0131 bir doku sunmaktad\u0131r. Klasik 5 panelli tasar\u0131m, havaland\u0131rma delikleri ve tri-glide tokal\u0131 kendi kuma\u015f\u0131ndan yap\u0131lm\u0131\u015f kay\u0131\u015f, ayarlanabilir uyum ve dayan\u0131kl\u0131 rahatl\u0131k sa\u011flar. Ofiste, yolda veya golf sahas\u0131nda olsun, Whitelip'i hem stil hem de ama\u00e7 ile ta\u015f\u0131mak isteyen olanlar i\u00e7in do\u011fal bir se\u00e7im.<\/p>\n<p data-start=\"698\" data-end=\"717\"><strong data-start=\"698\" data-end=\"715\">Ana \u00d6zellikler:<\/strong><\/p>\n<ul data-start=\"718\" data-end=\"952\">\n<li data-start=\"718\" data-end=\"761\">\n<p data-start=\"720\" data-end=\"761\">0 OCS sertifikal\u0131 organik pamuk twill<\/p>\n<\/li>\n<li data-start=\"762\" data-end=\"805\">\n<p data-start=\"764\" data-end=\"805\">Havaland\u0131rma delikleri ile 5 panelli tasar\u0131m<\/p>\n<\/li>\n<li data-start=\"806\" data-end=\"871\">\n<p data-start=\"808\" data-end=\"871\">Tri-glide tokal\u0131 ayarlanabilir kendi kuma\u015f\u0131ndan yap\u0131lm\u0131\u015f kay\u0131\u015f \u2013 One Size<\/p>\n<\/li>\n<li data-start=\"872\" data-end=\"910\">\n<p data-start=\"874\" data-end=\"910\">Kolay yeniden markala\u015ft\u0131rma i\u00e7in TearAway etiketi<\/p>\n<\/li>\n<li data-start=\"872\" data-end=\"910\">\n<p data-start=\"874\" data-end=\"910\">Do\u011fal, dayan\u0131kl\u0131 ve zamans\u0131z tasar\u0131m<\/p>\n<\/li>\n<\/ul>","protected":false},"excerpt":{"rendered":"<article class=\"text-token-text-primary w-full focus:outline-none [--shadow-height:45px] has-data-writing-block:pointer-events-none has-data-writing-block:-mt-(--shadow-height) has-data-writing-block:pt-(--shadow-height) [&amp;:has([data-writing-block])&gt;*]:pointer-events-auto [content-visibility:auto] supports-[content-visibility:auto]:[contain-intrinsic-size:auto_100lvh] scroll-mt-[calc(var(--header-height)+min(200px,max(70px,20svh)))]\" dir=\"auto\" tabindex=\"-1\" data-turn-id=\"request-WEB:427feabd-8015-4221-a8a2-f2b39ead3cc6-11\" data-testid=\"conversation-turn-22\" data-scroll-anchor=\"true\" data-turn=\"assistant\">\n<div class=\"text-base my-auto mx-auto pb-10 [--thread-content-margin:--spacing(4)] thread-sm:[--thread-content-margin:--spacing(6)] thread-lg:[--thread-content-margin:--spacing(16)] px-(--thread-content-margin)\">\n<div class=\"[--thread-content-max-width:40rem] thread-lg:[--thread-content-max-width:48rem] mx-auto max-w-(--thread-content-max-width) flex-1 group\/turn-messages focus-visible:outline-hidden relative flex w-full min-w-0 flex-col agent-turn\" tabindex=\"-1\">\n<div class=\"flex max-w-full flex-col grow\">\n<div class=\"min-h-8 text-message relative flex w-full flex-col items-end gap-2 text-start break-words whitespace-normal [.text-message+&amp;]:mt-1\" dir=\"auto\" data-message-author-role=\"assistant\" data-message-id=\"28ee1544-72f8-48b6-bb10-b1d5131dd33f\" data-message-model-slug=\"gpt-5\">\n<div class=\"flex w-full flex-col gap-1 empty:hidden first:pt-[1px]\">\n<div class=\"markdown prose dark:prose-invert w-full break-words dark markdown-new-styling\">\n<p data-start=\"853\" data-end=\"1092\" data-is-last-node=\"\" data-is-only-node=\"\">Natural style meets modern simplicity. The Whitelip Organic Cap is made from 100% OCS-certified organic cotton twill with ventilating eyelets and an adjustable strap. A timeless cap for those who value clean design, high quality, and Whitelip\u2019s sustainable spirit.<\/p>\n<\/div>\n<\/div>\n<\/div>\n<\/div>\n<\/div>\n<\/div>\n<\/article>\n","protected":false},"featured_media":32591,"comment_status":"open","ping_status":"closed","template":"","format":[],"meta":{"_acf_changed":false},"product_brand":[],"product_cat":[81],"product_tag":[],"flavours":[],"nicotine":[],"class_list":{"0":"post-32588","1":"product","2":"type-product","3":"status-publish","4":"has-post-thumbnail","6":"product_cat-merch","7":"pa_size-onesize","9":"first","10":"instock","11":"taxable","12":"shipping-taxable","13":"purchasable","14":"product-type-variable"},"acf":[],"_links":{"self":[{"href":"https:\/\/whitelip.com\/tr\/wp-json\/wp\/v2\/product\/32588","targetHints":{"allow":["GET"]}}],"collection":[{"href":"https:\/\/whitelip.com\/tr\/wp-json\/wp\/v2\/product"}],"about":[{"href":"https:\/\/whitelip.com\/tr\/wp-json\/wp\/v2\/types\/product"}],"replies":[{"embeddable":true,"href":"https:\/\/whitelip.com\/tr\/wp-json\/wp\/v2\/comments?post=32588"}],"wp:featuredmedia":[{"embeddable":true,"href":"https:\/\/whitelip.com\/tr\/wp-json\/wp\/v2\/media\/32591"}],"wp:attachment":[{"href":"https:\/\/whitelip.com\/tr\/wp-json\/wp\/v2\/media?parent=32588"}],"wp:term":[{"taxonomy":"product_brand","embeddable":true,"href":"https:\/\/whitelip.com\/tr\/wp-json\/wp\/v2\/product_brand?post=32588"},{"taxonomy":"product_cat","embeddable":true,"href":"https:\/\/whitelip.com\/tr\/wp-json\/wp\/v2\/product_cat?post=32588"},{"taxonomy":"product_tag","embeddable":true,"href":"https:\/\/whitelip.com\/tr\/wp-json\/wp\/v2\/product_tag?post=32588"},{"taxonomy":"flavours","embeddable":true,"href":"https:\/\/whitelip.com\/tr\/wp-json\/wp\/v2\/flavours?post=32588"},{"taxonomy":"format","embeddable":true,"href":"https:\/\/whitelip.com\/tr\/wp-json\/wp\/v2\/format?post=32588"},{"taxonomy":"nicotine","embeddable":true,"href":"https:\/\/whitelip.com\/tr\/wp-json\/wp\/v2\/nicotine?post=32588"}],"curies":[{"name":"wp","href":"https:\/\/api.w.org\/{rel}","templated":true}]}}