{"id":32570,"date":"2025-10-27T11:40:45","date_gmt":"2025-10-27T11:40:45","guid":{"rendered":"https:\/\/whitelip.com\/?post_type=product&#038;p=32570"},"modified":"2026-04-17T13:24:36","modified_gmt":"2026-04-17T13:24:36","slug":"velo-shift-cool-peppermint","status":"publish","type":"product","link":"https:\/\/whitelip.com\/tr\/velo\/velo-shift-cool-peppermint\/","title":{"rendered":"VELO Shift Cool Peppermint"},"content":{"rendered":"<p data-start=\"404\" data-end=\"802\">VELO <strong data-start=\"409\" data-end=\"434\">Shift Cool Peppermint<\/strong> in <strong data-start=\"438\" data-end=\"446\">\u0130nce<\/strong> BAT'tan gelen beyaz bir nikotin po\u015f olup, nane ve menthol tatlar\u0131n\u0131n serin kombinasyonunu sunmaktad\u0131r. \u00dcr\u00fcn nikotin i\u00e7ermesine ra\u011fmen t\u00fct\u00fcns\u00fczd\u00fcr ve g\u00fc\u00e7l\u00fc olarak s\u0131n\u0131fland\u0131r\u0131l\u0131r. Po\u015flar bitkisel lifleriyle yap\u0131lm\u0131\u015f ve konforlu bir uyum i\u00e7in yuvarlat\u0131lm\u0131\u015f kenarlarla tasarlanm\u0131\u015ft\u0131r. Alt\u0131gen kutu tasar\u0131m\u0131 VELO Shift serisine \u00f6zg\u00fcd\u00fcr. Her po\u015fta <strong data-start=\"824\" data-end=\"832\">8 mg<\/strong> nikotin i\u00e7erir (nikotin g\u00fcc\u00fc 11.4 mg\/g) ve <strong data-start=\"884\" data-end=\"892\">\u0130nce<\/strong> format ayr\u0131k ve dar bir uyum sa\u011flar.<\/p>\n<table>\n<tbody>\n<tr>\n<td><b>Attribute<\/b><\/td>\n<td><b>Ayr\u0131nt\u0131lar<\/b><\/td>\n<\/tr>\n<tr>\n<td><span style=\"font-weight: 400;\">Brand<\/span><\/td>\n<td><span style=\"font-weight: 400;\">VELO<\/span><\/td>\n<\/tr>\n<tr>\n<td><span style=\"font-weight: 400;\">\u00dcr\u00fcn T\u00fcr\u00fc<\/span><\/td>\n<td><span style=\"font-weight: 400;\">T\u00fcm Beyaz Nikotin Po\u015fetleri<\/span><\/td>\n<\/tr>\n<tr>\n<td><span style=\"font-weight: 400;\">Format<\/span><\/td>\n<td><span style=\"font-weight: 400;\">\u0130nce<\/span><\/td>\n<\/tr>\n<tr>\n<td><span style=\"font-weight: 400;\">Aroma<\/span><\/td>\n<td>nane, menthol<\/td>\n<\/tr>\n<tr>\n<td><span style=\"font-weight: 400;\">Nikotin G\u00fcc\u00fc<\/span><\/td>\n<td><span style=\"font-weight: 400;\">11,4 mg\/g (po\u015f ba\u015f\u0131na 8 mg)<\/span><\/td>\n<\/tr>\n<tr>\n<td><span style=\"font-weight: 400;\">K\u0131s\u0131m A\u011f\u0131rl\u0131\u011f\u0131<\/span><\/td>\n<td><span style=\"font-weight: 400;\">0,7 gram<\/span><\/td>\n<\/tr>\n<tr>\n<td><span style=\"font-weight: 400;\">K\u0131s\u0131m Say\u0131s\u0131<\/span><\/td>\n<td><span style=\"font-weight: 400;\">kutu ba\u015f\u0131na 20<\/span><\/td>\n<\/tr>\n<tr>\n<td><span style=\"font-weight: 400;\">Toplam Kutu A\u011f\u0131rl\u0131\u011f\u0131<\/span><\/td>\n<td><span style=\"font-weight: 400;\">14 gram<\/span><\/td>\n<\/tr>\n<tr>\n<td><span style=\"font-weight: 400;\">\u00dcretici<\/span><\/td>\n<td><span style=\"font-weight: 400;\">BAT<\/span><\/td>\n<\/tr>\n<tr>\n<td><span style=\"font-weight: 400;\">Dikkate De\u011fer \u00d6zellikler<\/span><\/td>\n<td><span style=\"font-weight: 400;\">T\u00fct\u00fcns\u00fcz, ayr\u0131k ince porsiyonlar, dengeli tat profili<\/span><\/td>\n<\/tr>\n<\/tbody>\n<\/table>\n<h2 data-start=\"942\" data-end=\"955\">\u00d6zellikler<\/h2>\n<ul data-start=\"956\" data-end=\"1168\">\n<li data-start=\"956\" data-end=\"996\">\n<p data-start=\"958\" data-end=\"996\">Tat <strong data-start=\"968\" data-end=\"982\">nane oz\u0131<\/strong> ve menthol<\/p>\n<\/li>\n<li data-start=\"997\" data-end=\"1035\">\n<p data-start=\"999\" data-end=\"1035\"><strong data-start=\"999\" data-end=\"1007\">\u0130nce<\/strong> yuvarlat\u0131lm\u0131\u015f kenarlarla format<\/p>\n<\/li>\n<li data-start=\"1036\" data-end=\"1105\">\n<p data-start=\"1038\" data-end=\"1105\">G\u00fc\u00e7l\u00fc nikotin g\u00fcc\u00fcne sahip t\u00fct\u00fcns\u00fcz beyaz po\u015f (<strong data-start=\"1094\" data-end=\"1102\">8 mg<\/strong>)<\/p>\n<\/li>\n<li data-start=\"1106\" data-end=\"1144\">\n<p data-start=\"1108\" data-end=\"1144\">Modern tasar\u0131ma sahip alt\u0131gen kutu<\/p>\n<\/li>\n<li data-start=\"1145\" data-end=\"1168\">\n<p data-start=\"1147\" data-end=\"1168\">BAT taraf\u0131ndan \u00fcretilmi\u015ftir<\/p>\n<\/li>\n<\/ul>","protected":false},"excerpt":{"rendered":"<p>VELO <strong data-start=\"166\" data-end=\"191\">Shift Cool Peppermint<\/strong> in <strong data-start=\"195\" data-end=\"203\">\u0130nce<\/strong> t\u00fct\u00fcns\u00fcz beyaz po\u015f olup, taze nane ve menthol aromas\u0131na sahiptir. Her po\u015fta <strong data-start=\"298\" data-end=\"306\">8 mg<\/strong> nikotin i\u00e7erir ve yuvarlak porsiyonlu alt\u0131gen bir kutuda gelir.<\/p>","protected":false},"featured_media":32575,"comment_status":"open","ping_status":"closed","template":"","format":[206],"meta":{"_acf_changed":false},"product_brand":[],"product_cat":[48],"product_tag":[16583],"flavours":[199],"nicotine":[208,236],"class_list":{"0":"post-32570","1":"product","2":"type-product","3":"status-publish","4":"has-post-thumbnail","6":"product_cat-velo","7":"product_tag-8-mg-pouch","8":"pa_quantity-1-pack","9":"pa_quantity-10-pack","10":"pa_quantity-3-pack","11":"pa_quantity-30-pack","12":"pa_quantity-5-pack","13":"pa_quantity-60-pack","14":"flavours-mint","15":"format-slim","16":"nicotine-11-mg-g","17":"nicotine-strong","19":"first","20":"instock","21":"taxable","22":"shipping-taxable","23":"purchasable","24":"product-type-variable"},"acf":[],"_links":{"self":[{"href":"https:\/\/whitelip.com\/tr\/wp-json\/wp\/v2\/product\/32570","targetHints":{"allow":["GET"]}}],"collection":[{"href":"https:\/\/whitelip.com\/tr\/wp-json\/wp\/v2\/product"}],"about":[{"href":"https:\/\/whitelip.com\/tr\/wp-json\/wp\/v2\/types\/product"}],"replies":[{"embeddable":true,"href":"https:\/\/whitelip.com\/tr\/wp-json\/wp\/v2\/comments?post=32570"}],"wp:featuredmedia":[{"embeddable":true,"href":"https:\/\/whitelip.com\/tr\/wp-json\/wp\/v2\/media\/32575"}],"wp:attachment":[{"href":"https:\/\/whitelip.com\/tr\/wp-json\/wp\/v2\/media?parent=32570"}],"wp:term":[{"taxonomy":"product_brand","embeddable":true,"href":"https:\/\/whitelip.com\/tr\/wp-json\/wp\/v2\/product_brand?post=32570"},{"taxonomy":"product_cat","embeddable":true,"href":"https:\/\/whitelip.com\/tr\/wp-json\/wp\/v2\/product_cat?post=32570"},{"taxonomy":"product_tag","embeddable":true,"href":"https:\/\/whitelip.com\/tr\/wp-json\/wp\/v2\/product_tag?post=32570"},{"taxonomy":"flavours","embeddable":true,"href":"https:\/\/whitelip.com\/tr\/wp-json\/wp\/v2\/flavours?post=32570"},{"taxonomy":"format","embeddable":true,"href":"https:\/\/whitelip.com\/tr\/wp-json\/wp\/v2\/format?post=32570"},{"taxonomy":"nicotine","embeddable":true,"href":"https:\/\/whitelip.com\/tr\/wp-json\/wp\/v2\/nicotine?post=32570"}],"curies":[{"name":"wp","href":"https:\/\/api.w.org\/{rel}","templated":true}]}}