{"id":32562,"date":"2025-10-27T11:35:52","date_gmt":"2025-10-27T11:35:52","guid":{"rendered":"https:\/\/whitelip.com\/?post_type=product&#038;p=32562"},"modified":"2026-04-17T13:28:10","modified_gmt":"2026-04-17T13:28:10","slug":"velo-shift-hot-peach","status":"publish","type":"product","link":"https:\/\/whitelip.com\/tr\/velo\/velo-shift-hot-peach\/","title":{"rendered":"VELO Shift Hot Peach"},"content":{"rendered":"<p data-start=\"393\" data-end=\"775\">VELO <strong data-start=\"398\" data-end=\"417\">Shift Hot Peach<\/strong> in <strong data-start=\"421\" data-end=\"429\">\u0130nce<\/strong> BAT'tan gelen beyaz bir nikotin po\u015f olup, belirgin bir \u015feftali tad\u0131 ve g\u00fc\u00e7l\u00fc bir nikotin profiline sahiptir. \u00dcr\u00fcn nikotin i\u00e7ermesine ra\u011fmen t\u00fct\u00fcns\u00fczd\u00fcr ve g\u00fc\u00e7l\u00fc olarak s\u0131n\u0131fland\u0131r\u0131l\u0131r. Po\u015flar bitkisel lifleriyle yap\u0131lm\u0131\u015f ve dudak alt\u0131nda rahat bir uyum i\u00e7in yuvarlat\u0131lm\u0131\u015f kenarlara sahiptir. Kutu, VELO Shift serisine tipik alt\u0131gen bir \u015fekildedir. Her po\u015fta <strong data-start=\"797\" data-end=\"805\">8 mg<\/strong> nikotin i\u00e7erir (nikotin g\u00fcc\u00fc 11.4 mg\/g) ve <strong data-start=\"865\" data-end=\"873\">\u0130nce<\/strong> format ayr\u0131k ve dar bir uyum sa\u011flar.<\/p>\n<table>\n<tbody>\n<tr>\n<td><b>Attribute<\/b><\/td>\n<td><b>Ayr\u0131nt\u0131lar<\/b><\/td>\n<\/tr>\n<tr>\n<td><span style=\"font-weight: 400;\">Brand<\/span><\/td>\n<td><span style=\"font-weight: 400;\">VELO<\/span><\/td>\n<\/tr>\n<tr>\n<td><span style=\"font-weight: 400;\">\u00dcr\u00fcn T\u00fcr\u00fc<\/span><\/td>\n<td><span style=\"font-weight: 400;\">T\u00fcm Beyaz Nikotin Po\u015fetleri<\/span><\/td>\n<\/tr>\n<tr>\n<td><span style=\"font-weight: 400;\">Format<\/span><\/td>\n<td><span style=\"font-weight: 400;\">\u0130nce<\/span><\/td>\n<\/tr>\n<tr>\n<td><span style=\"font-weight: 400;\">Aroma<\/span><\/td>\n<td><span style=\"font-weight: 400;\">\u015eeftali<\/span><\/td>\n<\/tr>\n<tr>\n<td><span style=\"font-weight: 400;\">Nikotin G\u00fcc\u00fc<\/span><\/td>\n<td><span style=\"font-weight: 400;\">11,4 mg\/g (po\u015f ba\u015f\u0131na 8 mg)<\/span><\/td>\n<\/tr>\n<tr>\n<td><span style=\"font-weight: 400;\">K\u0131s\u0131m A\u011f\u0131rl\u0131\u011f\u0131<\/span><\/td>\n<td><span style=\"font-weight: 400;\">0,7 gram<\/span><\/td>\n<\/tr>\n<tr>\n<td><span style=\"font-weight: 400;\">K\u0131s\u0131m Say\u0131s\u0131<\/span><\/td>\n<td><span style=\"font-weight: 400;\">kutu ba\u015f\u0131na 20<\/span><\/td>\n<\/tr>\n<tr>\n<td><span style=\"font-weight: 400;\">Toplam Kutu A\u011f\u0131rl\u0131\u011f\u0131<\/span><\/td>\n<td><span style=\"font-weight: 400;\">14 gram<\/span><\/td>\n<\/tr>\n<tr>\n<td><span style=\"font-weight: 400;\">\u00dcretici<\/span><\/td>\n<td><span style=\"font-weight: 400;\">BAT<\/span><\/td>\n<\/tr>\n<tr>\n<td><span style=\"font-weight: 400;\">Dikkate De\u011fer \u00d6zellikler<\/span><\/td>\n<td><span style=\"font-weight: 400;\">T\u00fct\u00fcns\u00fcz, ayr\u0131k ince porsiyonlar, dengeli tat profili<\/span><\/td>\n<\/tr>\n<\/tbody>\n<\/table>\n<h2 data-start=\"918\" data-end=\"931\">\u00d6zellikler<\/h2>\n<ul data-start=\"932\" data-end=\"1135\">\n<li data-start=\"932\" data-end=\"959\">\n<p data-start=\"934\" data-end=\"959\">Meyva aromal\u0131 <strong data-start=\"941\" data-end=\"950\">\u015feftali<\/strong> tat<\/p>\n<\/li>\n<li data-start=\"960\" data-end=\"998\">\n<p data-start=\"962\" data-end=\"998\"><strong data-start=\"962\" data-end=\"970\">\u0130nce<\/strong> yuvarlat\u0131lm\u0131\u015f kenarlarla format<\/p>\n<\/li>\n<li data-start=\"999\" data-end=\"1068\">\n<p data-start=\"1001\" data-end=\"1068\">G\u00fc\u00e7l\u00fc nikotin g\u00fcc\u00fcne sahip t\u00fct\u00fcns\u00fcz beyaz po\u015f (<strong data-start=\"1057\" data-end=\"1065\">8 mg<\/strong>)<\/p>\n<\/li>\n<li data-start=\"1069\" data-end=\"1111\">\n<p data-start=\"1071\" data-end=\"1111\">Alt\u0131gen kutu ve bitkisel malzeme<\/p>\n<\/li>\n<li data-start=\"1112\" data-end=\"1135\">\n<p data-start=\"1114\" data-end=\"1135\">BAT taraf\u0131ndan \u00fcretilmi\u015ftir<\/p>\n<\/li>\n<\/ul>","protected":false},"excerpt":{"rendered":"<p>VELO <strong data-start=\"164\" data-end=\"183\">Shift Hot Peach<\/strong> in <strong data-start=\"187\" data-end=\"195\">\u0130nce<\/strong> t\u00fct\u00fcns\u00fcz beyaz po\u015f olup, tatl\u0131 ve meyva aromal\u0131 \u015feftali tad\u0131na sahiptir. Her po\u015fta <strong data-start=\"284\" data-end=\"292\">8 mg<\/strong> nikotin i\u00e7erir ve alt\u0131gen kutuda yuvarlat\u0131lm\u0131\u015f kenarlarla tasarlanm\u0131\u015ft\u0131r.<\/p>","protected":false},"featured_media":32567,"comment_status":"open","ping_status":"closed","template":"","format":[206],"meta":{"_acf_changed":false},"product_brand":[],"product_cat":[48],"product_tag":[16583],"flavours":[196],"nicotine":[208,236],"class_list":{"0":"post-32562","1":"product","2":"type-product","3":"status-publish","4":"has-post-thumbnail","6":"product_cat-velo","7":"product_tag-8-mg-pouch","8":"pa_quantity-1-pack","9":"pa_quantity-10-pack","10":"pa_quantity-3-pack","11":"pa_quantity-30-pack","12":"pa_quantity-5-pack","13":"pa_quantity-60-pack","14":"flavours-fruits-berries","15":"format-slim","16":"nicotine-11-mg-g","17":"nicotine-strong","19":"first","20":"instock","21":"taxable","22":"shipping-taxable","23":"purchasable","24":"product-type-variable"},"acf":[],"_links":{"self":[{"href":"https:\/\/whitelip.com\/tr\/wp-json\/wp\/v2\/product\/32562","targetHints":{"allow":["GET"]}}],"collection":[{"href":"https:\/\/whitelip.com\/tr\/wp-json\/wp\/v2\/product"}],"about":[{"href":"https:\/\/whitelip.com\/tr\/wp-json\/wp\/v2\/types\/product"}],"replies":[{"embeddable":true,"href":"https:\/\/whitelip.com\/tr\/wp-json\/wp\/v2\/comments?post=32562"}],"wp:featuredmedia":[{"embeddable":true,"href":"https:\/\/whitelip.com\/tr\/wp-json\/wp\/v2\/media\/32567"}],"wp:attachment":[{"href":"https:\/\/whitelip.com\/tr\/wp-json\/wp\/v2\/media?parent=32562"}],"wp:term":[{"taxonomy":"product_brand","embeddable":true,"href":"https:\/\/whitelip.com\/tr\/wp-json\/wp\/v2\/product_brand?post=32562"},{"taxonomy":"product_cat","embeddable":true,"href":"https:\/\/whitelip.com\/tr\/wp-json\/wp\/v2\/product_cat?post=32562"},{"taxonomy":"product_tag","embeddable":true,"href":"https:\/\/whitelip.com\/tr\/wp-json\/wp\/v2\/product_tag?post=32562"},{"taxonomy":"flavours","embeddable":true,"href":"https:\/\/whitelip.com\/tr\/wp-json\/wp\/v2\/flavours?post=32562"},{"taxonomy":"format","embeddable":true,"href":"https:\/\/whitelip.com\/tr\/wp-json\/wp\/v2\/format?post=32562"},{"taxonomy":"nicotine","embeddable":true,"href":"https:\/\/whitelip.com\/tr\/wp-json\/wp\/v2\/nicotine?post=32562"}],"curies":[{"name":"wp","href":"https:\/\/api.w.org\/{rel}","templated":true}]}}