{"id":32547,"date":"2025-10-27T11:24:03","date_gmt":"2025-10-27T11:24:03","guid":{"rendered":"https:\/\/whitelip.com\/?post_type=product&#038;p=32547"},"modified":"2026-05-06T17:40:08","modified_gmt":"2026-05-06T17:40:08","slug":"velo-shift-hot-dragonfruit","status":"publish","type":"product","link":"https:\/\/whitelip.com\/tr\/velo\/velo-shift-hot-dragonfruit\/","title":{"rendered":"VELO Shift Hot Dragonfruit"},"content":{"rendered":"<p data-start=\"442\" data-end=\"827\">VELO <strong data-start=\"447\" data-end=\"472\">Shift Hot Dragonfruit<\/strong> in <strong data-start=\"476\" data-end=\"484\">\u0130nce<\/strong> BAT'tan gelen beyaz bir nikotin po\u015f olup, ejder meyvesi tad\u0131n\u0131 bahar ipu\u00e7lar\u0131yla birle\u015ftirmektedir. \u00dcr\u00fcn nikotin i\u00e7ermesine ra\u011fmen t\u00fct\u00fcns\u00fczd\u00fcr ve g\u00fc\u00e7l\u00fc olarak s\u0131n\u0131fland\u0131r\u0131l\u0131r. Po\u015flar bitkisel lifleriyle yap\u0131lm\u0131\u015f ve dudak alt\u0131nda d\u00fcz bir uyum i\u00e7in yuvarlat\u0131lm\u0131\u015f kenarlarla tasarlanm\u0131\u015ft\u0131r. Kutu, VELO Shift serisine tipik alt\u0131gen bir \u015fekildedir. Her po\u015fta <strong data-start=\"849\" data-end=\"857\">8 mg<\/strong> nikotin i\u00e7erir (nikotin g\u00fcc\u00fc 11.4 mg\/g) ve <strong data-start=\"917\" data-end=\"925\">\u0130nce<\/strong> format ayr\u0131k ve dar bir profil sa\u011flar.<\/p>\n<table>\n<tbody>\n<tr>\n<td><b>Attribute<\/b><\/td>\n<td><b>Ayr\u0131nt\u0131lar<\/b><\/td>\n<\/tr>\n<tr>\n<td><span style=\"font-weight: 400;\">Brand<\/span><\/td>\n<td><span style=\"font-weight: 400;\">VELO<\/span><\/td>\n<\/tr>\n<tr>\n<td><span style=\"font-weight: 400;\">\u00dcr\u00fcn T\u00fcr\u00fc<\/span><\/td>\n<td><span style=\"font-weight: 400;\">T\u00fcm Beyaz Nikotin Po\u015fetleri<\/span><\/td>\n<\/tr>\n<tr>\n<td><span style=\"font-weight: 400;\">Format<\/span><\/td>\n<td><span style=\"font-weight: 400;\">\u0130nce<\/span><\/td>\n<\/tr>\n<tr>\n<td><span style=\"font-weight: 400;\">Aroma<\/span><\/td>\n<td><span style=\"font-weight: 400;\">Ejder meyvesi<\/span><\/td>\n<\/tr>\n<tr>\n<td><span style=\"font-weight: 400;\">Nikotin G\u00fcc\u00fc<\/span><\/td>\n<td><span style=\"font-weight: 400;\">11,4 mg\/g (po\u015f ba\u015f\u0131na 8 mg)<\/span><\/td>\n<\/tr>\n<tr>\n<td><span style=\"font-weight: 400;\">K\u0131s\u0131m A\u011f\u0131rl\u0131\u011f\u0131<\/span><\/td>\n<td><span style=\"font-weight: 400;\">0,7 gram<\/span><\/td>\n<\/tr>\n<tr>\n<td><span style=\"font-weight: 400;\">K\u0131s\u0131m Say\u0131s\u0131<\/span><\/td>\n<td><span style=\"font-weight: 400;\">kutu ba\u015f\u0131na 20<\/span><\/td>\n<\/tr>\n<tr>\n<td><span style=\"font-weight: 400;\">Toplam Kutu A\u011f\u0131rl\u0131\u011f\u0131<\/span><\/td>\n<td><span style=\"font-weight: 400;\">14 gram<\/span><\/td>\n<\/tr>\n<tr>\n<td><span style=\"font-weight: 400;\">\u00dcretici<\/span><\/td>\n<td><span style=\"font-weight: 400;\">BAT<\/span><\/td>\n<\/tr>\n<tr>\n<td><span style=\"font-weight: 400;\">Dikkate De\u011fer \u00d6zellikler<\/span><\/td>\n<td><span style=\"font-weight: 400;\">T\u00fct\u00fcns\u00fcz, ayr\u0131k ince porsiyonlar, dengeli tat profili<\/span><\/td>\n<\/tr>\n<\/tbody>\n<\/table>\n<h2 data-start=\"974\" data-end=\"987\">\u00d6zellikler<\/h2>\n<ul data-start=\"988\" data-end=\"1212\">\n<li data-start=\"988\" data-end=\"1040\">\n<p data-start=\"990\" data-end=\"1040\">Tat <strong data-start=\"1000\" data-end=\"1016\">ejder meyvesi<\/strong> biber dokunu\u015fuyla<\/p>\n<\/li>\n<li data-start=\"1041\" data-end=\"1079\">\n<p data-start=\"1043\" data-end=\"1079\"><strong data-start=\"1043\" data-end=\"1051\">\u0130nce<\/strong> yuvarlat\u0131lm\u0131\u015f kenarlarla format<\/p>\n<\/li>\n<li data-start=\"1080\" data-end=\"1149\">\n<p data-start=\"1082\" data-end=\"1149\">G\u00fc\u00e7l\u00fc nikotin g\u00fcc\u00fcne sahip t\u00fct\u00fcns\u00fcz beyaz po\u015f (<strong data-start=\"1138\" data-end=\"1146\">8 mg<\/strong>)<\/p>\n<\/li>\n<li data-start=\"1150\" data-end=\"1188\">\n<p data-start=\"1152\" data-end=\"1188\">Modern tasar\u0131ma sahip alt\u0131gen kutu<\/p>\n<\/li>\n<li data-start=\"1189\" data-end=\"1212\">\n<p data-start=\"1191\" data-end=\"1212\">BAT taraf\u0131ndan \u00fcretilmi\u015ftir<\/p>\n<\/li>\n<\/ul>","protected":false},"excerpt":{"rendered":"<p>VELO <strong data-start=\"177\" data-end=\"202\">Shift Hot Dragonfruit<\/strong> in <strong data-start=\"206\" data-end=\"214\">\u0130nce<\/strong> t\u00fct\u00fcns\u00fcz beyaz po\u015f olup, ejder meyvesi ve hafif baharatl\u0131 notalar tad\u0131na sahiptir. Her po\u015fta <strong data-start=\"319\" data-end=\"327\">8 mg<\/strong> nikotin i\u00e7erir ve alt\u0131gen kutuda rahat bir uyum i\u00e7in yuvarlat\u0131lm\u0131\u015f kenarlara sahiptir.<\/p>","protected":false},"featured_media":32551,"comment_status":"open","ping_status":"closed","template":"","format":[206],"meta":{"_acf_changed":false},"product_brand":[],"product_cat":[48],"product_tag":[16445,16583],"flavours":[196],"nicotine":[208,236],"class_list":{"0":"post-32547","1":"product","2":"type-product","3":"status-publish","4":"has-post-thumbnail","6":"product_cat-velo","7":"product_tag-20-off","8":"product_tag-8-mg-pouch","9":"pa_quantity-1-pack","10":"pa_quantity-10-pack","11":"pa_quantity-3-pack","12":"pa_quantity-30-pack","13":"pa_quantity-5-pack","14":"pa_quantity-60-pack","15":"flavours-fruits-berries","16":"format-slim","17":"nicotine-11-mg-g","18":"nicotine-strong","20":"first","21":"instock","22":"sale","23":"taxable","24":"shipping-taxable","25":"purchasable","26":"product-type-variable"},"acf":[],"_links":{"self":[{"href":"https:\/\/whitelip.com\/tr\/wp-json\/wp\/v2\/product\/32547","targetHints":{"allow":["GET"]}}],"collection":[{"href":"https:\/\/whitelip.com\/tr\/wp-json\/wp\/v2\/product"}],"about":[{"href":"https:\/\/whitelip.com\/tr\/wp-json\/wp\/v2\/types\/product"}],"replies":[{"embeddable":true,"href":"https:\/\/whitelip.com\/tr\/wp-json\/wp\/v2\/comments?post=32547"}],"wp:featuredmedia":[{"embeddable":true,"href":"https:\/\/whitelip.com\/tr\/wp-json\/wp\/v2\/media\/32551"}],"wp:attachment":[{"href":"https:\/\/whitelip.com\/tr\/wp-json\/wp\/v2\/media?parent=32547"}],"wp:term":[{"taxonomy":"product_brand","embeddable":true,"href":"https:\/\/whitelip.com\/tr\/wp-json\/wp\/v2\/product_brand?post=32547"},{"taxonomy":"product_cat","embeddable":true,"href":"https:\/\/whitelip.com\/tr\/wp-json\/wp\/v2\/product_cat?post=32547"},{"taxonomy":"product_tag","embeddable":true,"href":"https:\/\/whitelip.com\/tr\/wp-json\/wp\/v2\/product_tag?post=32547"},{"taxonomy":"flavours","embeddable":true,"href":"https:\/\/whitelip.com\/tr\/wp-json\/wp\/v2\/flavours?post=32547"},{"taxonomy":"format","embeddable":true,"href":"https:\/\/whitelip.com\/tr\/wp-json\/wp\/v2\/format?post=32547"},{"taxonomy":"nicotine","embeddable":true,"href":"https:\/\/whitelip.com\/tr\/wp-json\/wp\/v2\/nicotine?post=32547"}],"curies":[{"name":"wp","href":"https:\/\/api.w.org\/{rel}","templated":true}]}}