{"id":30041,"date":"2025-10-09T13:31:42","date_gmt":"2025-10-09T13:31:42","guid":{"rendered":"https:\/\/whitelip.com\/?post_type=product&#038;p=30041"},"modified":"2026-05-09T13:26:25","modified_gmt":"2026-05-09T13:26:25","slug":"zyn-red-berry-fizz-11mg","status":"publish","type":"product","link":"https:\/\/whitelip.com\/tr\/zyn\/zyn-red-berry-fizz-11mg\/","title":{"rendered":"ZYN Red Berry Fizz 11mg"},"content":{"rendered":"<h2>ZYN Red Berry Fizz 11mg<\/h2>\n<p><span style=\"font-weight: 400;\">ZYN Red Berry Fizz 11mg <\/span><b>zengin ve tatl\u0131 k\u0131rm\u0131z\u0131 meyve tad\u0131 ve sitrus ipu\u00e7lar\u0131 ile<\/b><span style=\"font-weight: 400;\">sunar, her po\u015fet ile yumu\u015fak ve tatmin edici bir nikotin deneyimi veriyor. derin, meyveli k\u0131rm\u0131z\u0131 meyveler tad\u0131, ince ek\u015filikle m\u00fckemmel bir \u015fekilde dengelenerek meyveli ve ferahlat\u0131c\u0131 bir deneyim olu\u015fturuyor. Her slim, tamamen beyaz po\u015fet i\u00e7erir <\/span><b>11 mg nikotin<\/b><span style=\"font-weight: 400;\">y\u00fcksek nikotin se\u00e7ene\u011fi arayan ki\u015filer i\u00e7in ideal olan yo\u011fun ve sabit bir sal\u0131n\u0131m sa\u011fl\u0131yor.<\/span><\/p>\n<p><span style=\"font-weight: 400;\">Slim format duda\u011f\u0131n alt\u0131nda gizli ve rahat bir \u015fekilde oturmas\u0131n\u0131 sa\u011flayarak her zaman temiz ve leke b\u0131rakmayan bir kullan\u0131m sunar. Tamamen t\u00fct\u00fcns\u00fcz ve y\u00fcksek kaliteli bitki bazl\u0131 malzemelerden yap\u0131lm\u0131\u015f olan ZYN Red Berry Fizz 11mg, canl\u0131 k\u0131rm\u0131z\u0131 meyve tad\u0131 ile modern ve keyifli bir nikotin alternatifi sunur.<\/span><\/p>\n<table>\n<tbody>\n<tr>\n<td><b>Attribute<\/b><\/td>\n<td><b>Ayr\u0131nt\u0131lar<\/b><\/td>\n<\/tr>\n<tr>\n<td><b>Brand<\/b><\/td>\n<td><span style=\"font-weight: 400;\">ZYN<\/span><\/td>\n<\/tr>\n<tr>\n<td><b>\u00dcr\u00fcn T\u00fcr\u00fc<\/b><\/td>\n<td><span style=\"font-weight: 400;\">T\u00fcm Beyaz Nikotin Po\u015fetleri<\/span><\/td>\n<\/tr>\n<tr>\n<td><b>Format<\/b><\/td>\n<td><span style=\"font-weight: 400;\">\u0130nce<\/span><\/td>\n<\/tr>\n<tr>\n<td><b>Aroma<\/b><\/td>\n<td><span style=\"font-weight: 400;\">K\u0131rm\u0131z\u0131 meyveler ve sitrus<\/span><\/td>\n<\/tr>\n<tr>\n<td><b>Nikotin G\u00fcc\u00fc<\/b><\/td>\n<td><span style=\"font-weight: 400;\">po\u015f ba\u015f\u0131na 11 mg<\/span><\/td>\n<\/tr>\n<tr>\n<td><b>K\u0131s\u0131m A\u011f\u0131rl\u0131\u011f\u0131<\/b><\/td>\n<td><span style=\"font-weight: 400;\">0,7 gram<\/span><\/td>\n<\/tr>\n<tr>\n<td><b>K\u0131s\u0131m Say\u0131s\u0131<\/b><\/td>\n<td><span style=\"font-weight: 400;\">Kutuda 21 adet<\/span><\/td>\n<\/tr>\n<tr>\n<td><b>Toplam Kutu A\u011f\u0131rl\u0131\u011f\u0131<\/b><\/td>\n<td><span style=\"font-weight: 400;\">14,3 gram<\/span><\/td>\n<\/tr>\n<tr>\n<td><b>\u00dcretici<\/b><\/td>\n<td><span style=\"font-weight: 400;\">Swedish Match<\/span><\/td>\n<\/tr>\n<tr>\n<td><b>Dikkate De\u011fer \u00d6zellikler<\/b><\/td>\n<td><span style=\"font-weight: 400;\">T\u00fct\u00fcns\u00fcz, ince format, tatl\u0131 ve ek\u015fi siyah kiraz aromasi<\/span><\/td>\n<\/tr>\n<\/tbody>\n<\/table>","protected":false},"excerpt":{"rendered":"<p>ZYN <strong data-start=\"4\" data-end=\"22\">Red Berry Fizz<\/strong> <strong data-start=\"23\" data-end=\"31\">ince<\/strong> zengin, tatl\u0131 k\u0131rm\u0131z\u0131 meyveler ve ince sitrus ile yumu\u015fak, ferahlat\u0131c\u0131 bir profil verir. <strong data-start=\"122\" data-end=\"130\">ince<\/strong>, tamamen beyaz po\u015fetler ayr\u0131k ve rahattur. Her po\u015fet i\u00e7erir <strong data-start=\"200\" data-end=\"218\">11 mg nikotin<\/strong> y\u00fcksek nikotin kullananlar i\u00e7in uygun olan yo\u011fun, sabit bir sal\u0131n\u0131m i\u00e7in.<\/p>","protected":false},"featured_media":30046,"comment_status":"open","ping_status":"closed","template":"","format":[206],"meta":{"_acf_changed":false},"product_brand":[],"product_cat":[37],"product_tag":[16551],"flavours":[196],"nicotine":[213,232],"class_list":{"0":"post-30041","1":"product","2":"type-product","3":"status-publish","4":"has-post-thumbnail","6":"product_cat-zyn","7":"product_tag-11-mg-pouch","8":"pa_quantity-1-pack","9":"pa_quantity-10-pack","10":"pa_quantity-3-pack","11":"pa_quantity-30-pack","12":"pa_quantity-5-pack","13":"pa_quantity-60-pack","14":"flavours-fruits-berries","15":"format-slim","16":"nicotine-16-mg-g","17":"nicotine-extra-strong","19":"first","20":"instock","21":"taxable","22":"shipping-taxable","23":"purchasable","24":"product-type-variable"},"acf":[],"_links":{"self":[{"href":"https:\/\/whitelip.com\/tr\/wp-json\/wp\/v2\/product\/30041","targetHints":{"allow":["GET"]}}],"collection":[{"href":"https:\/\/whitelip.com\/tr\/wp-json\/wp\/v2\/product"}],"about":[{"href":"https:\/\/whitelip.com\/tr\/wp-json\/wp\/v2\/types\/product"}],"replies":[{"embeddable":true,"href":"https:\/\/whitelip.com\/tr\/wp-json\/wp\/v2\/comments?post=30041"}],"wp:featuredmedia":[{"embeddable":true,"href":"https:\/\/whitelip.com\/tr\/wp-json\/wp\/v2\/media\/30046"}],"wp:attachment":[{"href":"https:\/\/whitelip.com\/tr\/wp-json\/wp\/v2\/media?parent=30041"}],"wp:term":[{"taxonomy":"product_brand","embeddable":true,"href":"https:\/\/whitelip.com\/tr\/wp-json\/wp\/v2\/product_brand?post=30041"},{"taxonomy":"product_cat","embeddable":true,"href":"https:\/\/whitelip.com\/tr\/wp-json\/wp\/v2\/product_cat?post=30041"},{"taxonomy":"product_tag","embeddable":true,"href":"https:\/\/whitelip.com\/tr\/wp-json\/wp\/v2\/product_tag?post=30041"},{"taxonomy":"flavours","embeddable":true,"href":"https:\/\/whitelip.com\/tr\/wp-json\/wp\/v2\/flavours?post=30041"},{"taxonomy":"format","embeddable":true,"href":"https:\/\/whitelip.com\/tr\/wp-json\/wp\/v2\/format?post=30041"},{"taxonomy":"nicotine","embeddable":true,"href":"https:\/\/whitelip.com\/tr\/wp-json\/wp\/v2\/nicotine?post=30041"}],"curies":[{"name":"wp","href":"https:\/\/api.w.org\/{rel}","templated":true}]}}