{"id":30035,"date":"2025-10-09T13:21:34","date_gmt":"2025-10-09T13:21:34","guid":{"rendered":"https:\/\/whitelip.com\/?post_type=product&#038;p=30035"},"modified":"2026-04-18T12:17:53","modified_gmt":"2026-04-18T12:17:53","slug":"zyn-cactus-spice-16mg","status":"publish","type":"product","link":"https:\/\/whitelip.com\/tr\/zyn\/zyn-cactus-spice-16mg\/","title":{"rendered":"ZYN Cactus Spice 11mg"},"content":{"rendered":"<h2>ZYN Cactus Spice 11mg<\/h2>\n<p><span style=\"font-weight: 400;\">ZYN Kakt\u00fcs Baharat 11mg keskin ve ferahlat\u0131c\u0131 bir deneyim sunmaktad\u0131r: <strong>kakt\u00fcs, limon ve chili<\/strong>. Deneyimli kullan\u0131c\u0131lar i\u00e7in tasarlanan her po\u015fet, duyular\u0131 uyand\u0131ran cesur, baharatl\u0131 bir biti\u015fle 11 mg g\u00fc\u00e7l\u00fc nikotin verir. Bu g\u00fc\u00e7l\u00fc, kakt\u00fcs a\u011f\u0131rl\u0131kl\u0131 profil hem lezzet hem de kuvvet a\u00e7\u0131s\u0131ndan maksimum yo\u011funluk arayan kullan\u0131c\u0131lar i\u00e7in m\u00fckemmeldir.<\/span><\/p>\n<p><span style=\"font-weight: 400;\">\u0130nce, tamamen beyaz format sayesinde ZYN Kakt\u00fcs Baharat di\u015fleri lekesiz b\u0131rakarak duda\u011f\u0131n alt\u0131nda rahat ve ayr\u0131k oturur. Tamamen bitki bazl\u0131 malzemelerden ve t\u00fct\u00fcns\u00fcz olarak yap\u0131lan, modern nikotin kullan\u0131m\u0131 i\u00e7in canl\u0131, baharatl\u0131 bir kenarla temiz ve tatmin edici bir alternatif sunmaktad\u0131r.<\/span><\/p>\n<table>\n<tbody>\n<tr>\n<td><b>Attribute<\/b><\/td>\n<td><b>Ayr\u0131nt\u0131lar<\/b><\/td>\n<\/tr>\n<tr>\n<td><span style=\"font-weight: 400;\">Brand<\/span><\/td>\n<td><span style=\"font-weight: 400;\">ZYN<\/span><\/td>\n<\/tr>\n<tr>\n<td><span style=\"font-weight: 400;\">\u00dcr\u00fcn T\u00fcr\u00fc<\/span><\/td>\n<td><span style=\"font-weight: 400;\">T\u00fcm Beyaz Nikotin Po\u015fetleri<\/span><\/td>\n<\/tr>\n<tr>\n<td><span style=\"font-weight: 400;\">Format<\/span><\/td>\n<td><span style=\"font-weight: 400;\">\u0130nce<\/span><\/td>\n<\/tr>\n<tr>\n<td><span style=\"font-weight: 400;\">Aroma<\/span><\/td>\n<td><span style=\"font-weight: 400;\">Kakt\u00fcs, limon ve chili<\/span><\/td>\n<\/tr>\n<tr>\n<td><span style=\"font-weight: 400;\">Nikotin G\u00fcc\u00fc<\/span><\/td>\n<td><span style=\"font-weight: 400;\">Po\u015fet ba\u015f\u0131na 11 mg (16 mg\/g)<\/span><\/td>\n<\/tr>\n<tr>\n<td><span style=\"font-weight: 400;\">K\u0131s\u0131m A\u011f\u0131rl\u0131\u011f\u0131<\/span><\/td>\n<td><span style=\"font-weight: 400;\">0,7 gram<\/span><\/td>\n<\/tr>\n<tr>\n<td><span style=\"font-weight: 400;\">K\u0131s\u0131m Say\u0131s\u0131<\/span><\/td>\n<td><span style=\"font-weight: 400;\">Kutuda 21 adet<\/span><\/td>\n<\/tr>\n<tr>\n<td><span style=\"font-weight: 400;\">Toplam Kutu A\u011f\u0131rl\u0131\u011f\u0131<\/span><\/td>\n<td><span style=\"font-weight: 400;\">14,3 gram<\/span><\/td>\n<\/tr>\n<tr>\n<td><span style=\"font-weight: 400;\">\u00dcretici<\/span><\/td>\n<td><span style=\"font-weight: 400;\">Swedish Match<\/span><\/td>\n<\/tr>\n<tr>\n<td><span style=\"font-weight: 400;\">Dikkate De\u011fer \u00d6zellikler<\/span><\/td>\n<td><span style=\"font-weight: 400;\">T\u00fct\u00fcns\u00fcz, ince format, yo\u011fun nane aromas\u0131, y\u00fcksek nikotin kuvveti<\/span><\/td>\n<\/tr>\n<\/tbody>\n<\/table>","protected":false},"excerpt":{"rendered":"<p>ZYN <strong data-start=\"4\" data-end=\"20\">Cactus Spice<\/strong> kakt\u00fcs, limon ve chili'nin keskin, ferahlat\u0131c\u0131 kar\u0131\u015f\u0131m\u0131n\u0131 deneyimli kullan\u0131c\u0131lar i\u00e7in cesur, baharatl\u0131 bir biti\u015fle verir. Her po\u015fet i\u00e7erir <strong data-start=\"150\" data-end=\"168\">11 mg nikotin<\/strong> g\u00fc\u00e7l\u00fc, sabit bir kald\u0131r\u0131\u015f i\u00e7in.<\/p>","protected":false},"featured_media":30039,"comment_status":"open","ping_status":"closed","template":"","format":[206],"meta":{"_acf_changed":false},"product_brand":[],"product_cat":[37],"product_tag":[16551],"flavours":[190,187,196],"nicotine":[213,232],"class_list":{"0":"post-30035","1":"product","2":"type-product","3":"status-publish","4":"has-post-thumbnail","6":"product_cat-zyn","7":"product_tag-11-mg-pouch","8":"pa_quantity-1-pack","9":"pa_quantity-10-pack","10":"pa_quantity-3-pack","11":"pa_quantity-30-pack","12":"pa_quantity-5-pack","13":"pa_quantity-60-pack","14":"flavours-citrus","15":"flavours-chili","16":"flavours-fruits-berries","17":"format-slim","18":"nicotine-16-mg-g","19":"nicotine-extra-strong","21":"first","22":"instock","23":"taxable","24":"shipping-taxable","25":"purchasable","26":"product-type-variable"},"acf":[],"_links":{"self":[{"href":"https:\/\/whitelip.com\/tr\/wp-json\/wp\/v2\/product\/30035","targetHints":{"allow":["GET"]}}],"collection":[{"href":"https:\/\/whitelip.com\/tr\/wp-json\/wp\/v2\/product"}],"about":[{"href":"https:\/\/whitelip.com\/tr\/wp-json\/wp\/v2\/types\/product"}],"replies":[{"embeddable":true,"href":"https:\/\/whitelip.com\/tr\/wp-json\/wp\/v2\/comments?post=30035"}],"wp:featuredmedia":[{"embeddable":true,"href":"https:\/\/whitelip.com\/tr\/wp-json\/wp\/v2\/media\/30039"}],"wp:attachment":[{"href":"https:\/\/whitelip.com\/tr\/wp-json\/wp\/v2\/media?parent=30035"}],"wp:term":[{"taxonomy":"product_brand","embeddable":true,"href":"https:\/\/whitelip.com\/tr\/wp-json\/wp\/v2\/product_brand?post=30035"},{"taxonomy":"product_cat","embeddable":true,"href":"https:\/\/whitelip.com\/tr\/wp-json\/wp\/v2\/product_cat?post=30035"},{"taxonomy":"product_tag","embeddable":true,"href":"https:\/\/whitelip.com\/tr\/wp-json\/wp\/v2\/product_tag?post=30035"},{"taxonomy":"flavours","embeddable":true,"href":"https:\/\/whitelip.com\/tr\/wp-json\/wp\/v2\/flavours?post=30035"},{"taxonomy":"format","embeddable":true,"href":"https:\/\/whitelip.com\/tr\/wp-json\/wp\/v2\/format?post=30035"},{"taxonomy":"nicotine","embeddable":true,"href":"https:\/\/whitelip.com\/tr\/wp-json\/wp\/v2\/nicotine?post=30035"}],"curies":[{"name":"wp","href":"https:\/\/api.w.org\/{rel}","templated":true}]}}