{"id":29990,"date":"2025-10-09T09:06:27","date_gmt":"2025-10-09T09:06:27","guid":{"rendered":"https:\/\/whitelip.com\/?post_type=product&#038;p=29990"},"modified":"2026-05-09T10:11:15","modified_gmt":"2026-05-09T10:11:15","slug":"77-peppermint-medium","status":"publish","type":"product","link":"https:\/\/whitelip.com\/tr\/77\/77-peppermint-medium\/","title":{"rendered":"77 Peppermint Medium"},"content":{"rendered":"<p><span style=\"font-weight: 400;\">77 Nane Oz\u0131 Medium nikotin po\u015fetleri, so\u011futucu etkili nane oz\u0131n\u0131n lezzetli bir kar\u0131\u015f\u0131m\u0131n\u0131 sunuyor. Her ince, tamamen beyaz po\u015fet 10 mg nikotin i\u00e7eriyor ve deneyimli kullan\u0131c\u0131lar i\u00e7in g\u00fc\u00e7l\u00fc bir hisse sa\u011fl\u0131yor. Ayr\u0131k tasar\u0131m, duda\u011f\u0131n alt\u0131nda rahat bir oturum sa\u011flayarak di\u015fleri lekelemeden istedi\u011finiz zaman kullan\u0131labiliyor. 77 Group taraf\u0131ndan \u00fcretilen bu t\u00fct\u00fcns\u00fcz po\u015fetler, y\u00fcksek kalite standartlar\u0131 ve yenilik\u00e7i tat kombinasyonlar\u0131n\u0131 \u00f6rnekle\u015ftiriyor.<\/span><\/p>\n<table>\n<tbody>\n<tr>\n<td><b>Attribute<\/b><\/td>\n<td><b>Ayr\u0131nt\u0131lar<\/b><\/td>\n<\/tr>\n<tr>\n<td><b>10g (20 po\u015fet)<\/b><\/td>\n<td><span style=\"font-weight: 400;\">Nikotin i\u00e7eri\u011fi<\/span><\/td>\n<\/tr>\n<tr>\n<td><b>Nikotin i\u00e7eri\u011fi<\/b><\/td>\n<td><span style=\"font-weight: 400;\">20 mg\/g (10 mg po\u015fet ba\u015f\u0131na)<\/span><\/td>\n<\/tr>\n<tr>\n<td><b>Po\u015fet format\u0131<\/b><\/td>\n<td><span style=\"font-weight: 400;\">\u0130nce<\/span><\/td>\n<\/tr>\n<tr>\n<td><b>\u00dcretici<\/b><\/td>\n<td><span style=\"font-weight: 400;\">77 Grubu<\/span><\/td>\n<\/tr>\n<tr>\n<td><b>Aroma<\/b><\/td>\n<td><span style=\"font-weight: 400;\">Lezzetli Nane Oz\u0131<\/span><\/td>\n<\/tr>\n<tr>\n<td><b>T\u00fcr<\/b><\/td>\n<td><span style=\"font-weight: 400;\">Tamamen beyaz po\u015fet<\/span><\/td>\n<\/tr>\n<\/tbody>\n<\/table>","protected":false},"excerpt":{"rendered":"<p>Temiz <strong>nane oz\u0131<\/strong> ile so\u011fuk, ferah bir biti\u015fe sahip. <strong>\u0130nce<\/strong>, tamamen beyaz po\u015fetler duda\u011f\u0131n alt\u0131nda ayr\u0131k ve rahat bir \u015fekilde oturur. Her po\u015fet <strong data-start=\"186\" data-end=\"204\">, 77 Group'tan sabit orta g\u00fc\u00e7te bir deneyim sunar.<\/strong>, t\u00fct\u00fcns\u00fcz veya lekesiz sabit orta seviye bir hisse sa\u011flayan.<\/p>","protected":false},"featured_media":29998,"comment_status":"open","ping_status":"closed","template":"","format":[206],"meta":{"_acf_changed":false},"product_brand":[],"product_cat":[23],"product_tag":[16543],"flavours":[199],"nicotine":[218,232],"class_list":{"0":"post-29990","1":"product","2":"type-product","3":"status-publish","4":"has-post-thumbnail","6":"product_cat-23","7":"product_tag-10-4-mg-pouch","8":"pa_quantity-1-pack","9":"pa_quantity-10-pack","10":"pa_quantity-3-pack","11":"pa_quantity-30-pack","12":"pa_quantity-5-pack","13":"pa_quantity-60-pack","14":"flavours-mint","15":"format-slim","16":"nicotine-20-mg-g","17":"nicotine-extra-strong","19":"first","20":"instock","21":"taxable","22":"shipping-taxable","23":"purchasable","24":"product-type-variable","25":"has-default-attributes"},"acf":[],"_links":{"self":[{"href":"https:\/\/whitelip.com\/tr\/wp-json\/wp\/v2\/product\/29990","targetHints":{"allow":["GET"]}}],"collection":[{"href":"https:\/\/whitelip.com\/tr\/wp-json\/wp\/v2\/product"}],"about":[{"href":"https:\/\/whitelip.com\/tr\/wp-json\/wp\/v2\/types\/product"}],"replies":[{"embeddable":true,"href":"https:\/\/whitelip.com\/tr\/wp-json\/wp\/v2\/comments?post=29990"}],"wp:featuredmedia":[{"embeddable":true,"href":"https:\/\/whitelip.com\/tr\/wp-json\/wp\/v2\/media\/29998"}],"wp:attachment":[{"href":"https:\/\/whitelip.com\/tr\/wp-json\/wp\/v2\/media?parent=29990"}],"wp:term":[{"taxonomy":"product_brand","embeddable":true,"href":"https:\/\/whitelip.com\/tr\/wp-json\/wp\/v2\/product_brand?post=29990"},{"taxonomy":"product_cat","embeddable":true,"href":"https:\/\/whitelip.com\/tr\/wp-json\/wp\/v2\/product_cat?post=29990"},{"taxonomy":"product_tag","embeddable":true,"href":"https:\/\/whitelip.com\/tr\/wp-json\/wp\/v2\/product_tag?post=29990"},{"taxonomy":"flavours","embeddable":true,"href":"https:\/\/whitelip.com\/tr\/wp-json\/wp\/v2\/flavours?post=29990"},{"taxonomy":"format","embeddable":true,"href":"https:\/\/whitelip.com\/tr\/wp-json\/wp\/v2\/format?post=29990"},{"taxonomy":"nicotine","embeddable":true,"href":"https:\/\/whitelip.com\/tr\/wp-json\/wp\/v2\/nicotine?post=29990"}],"curies":[{"name":"wp","href":"https:\/\/api.w.org\/{rel}","templated":true}]}}