{"id":29978,"date":"2025-10-09T08:40:00","date_gmt":"2025-10-09T08:40:00","guid":{"rendered":"https:\/\/whitelip.com\/?post_type=product&#038;p=29978"},"modified":"2026-05-06T10:11:27","modified_gmt":"2026-05-06T10:11:27","slug":"77-spearmint-vb-medium","status":"publish","type":"product","link":"https:\/\/whitelip.com\/tr\/77\/77-spearmint-vb-medium\/","title":{"rendered":"77 Spearmint VB Medium"},"content":{"rendered":"<p><span style=\"font-weight: 400;\">77 Spearmint VB Medium nikotin po\u015fetleri, Fin Formula 1 pilotu Valtteri Bottas'tan ilham alarak naneli ve so\u011futma etkisine sahip lezzetli bir kar\u0131\u015f\u0131m sunmaktad\u0131r. Her ince, t\u00fcm\u00fcyle beyaz po\u015fet 10 mg nikotin i\u00e7erir ve deneyimli kullan\u0131c\u0131lar i\u00e7in uygun olan g\u00fc\u00e7l\u00fc bir hissiyat sa\u011flar. Ayr\u0131k tasar\u0131m, duda\u011f\u0131n alt\u0131nda rahat bir uyum sa\u011flayarak herhangi bir zamanda kullan\u0131m s\u0131ras\u0131nda di\u015fleri lekeli hale getirmeyecek \u015fekilde tasarlanm\u0131\u015ft\u0131r. 77 Group taraf\u0131ndan \u00fcretilen bu tut\u00fcn i\u00e7ermez po\u015fetler, y\u00fcksek kalite standartlar\u0131n\u0131 ve yenilik\u00e7i tat kombinasyonlar\u0131n\u0131 temsil etmektedir.<\/span><\/p>\n<table>\n<tbody>\n<tr>\n<td><b>Attribute<\/b><\/td>\n<td><b>Ayr\u0131nt\u0131lar<\/b><\/td>\n<\/tr>\n<tr>\n<td><b>10g (20 po\u015fet)<\/b><\/td>\n<td><span style=\"font-weight: 400;\">Nikotin i\u00e7eri\u011fi<\/span><\/td>\n<\/tr>\n<tr>\n<td><b>Nikotin i\u00e7eri\u011fi<\/b><\/td>\n<td><span style=\"font-weight: 400;\">20 mg\/g (10 mg po\u015fet ba\u015f\u0131na)<\/span><\/td>\n<\/tr>\n<tr>\n<td><b>Po\u015fet format\u0131<\/b><\/td>\n<td><span style=\"font-weight: 400;\">\u0130nce<\/span><\/td>\n<\/tr>\n<tr>\n<td><b>\u00dcretici<\/b><\/td>\n<td><span style=\"font-weight: 400;\">77 Grubu<\/span><\/td>\n<\/tr>\n<tr>\n<td><b>Aroma<\/b><\/td>\n<td><span style=\"font-weight: 400;\">Lezzzetli Nane<\/span><\/td>\n<\/tr>\n<tr>\n<td><b>T\u00fcr<\/b><\/td>\n<td><span style=\"font-weight: 400;\">Tamamen beyaz po\u015fet<\/span><\/td>\n<\/tr>\n<\/tbody>\n<\/table>","protected":false},"excerpt":{"rendered":"<p>Yumu\u015fak <strong>nane<\/strong> temiz bir so\u011futma efektiyle, Formula 1 pilotu Valtteri Bottas ile i\u015fbirli\u011finde olu\u015fturulmu\u015ftur. \u00dcr\u00fcn <strong>ince<\/strong>, tamamen beyaz po\u015fetler duda\u011f\u0131n alt\u0131nda ayr\u0131k ve rahat bir \u015fekilde oturur. Her po\u015fet <strong data-start=\"253\" data-end=\"271\">, 77 Group'tan sabit orta g\u00fc\u00e7te bir deneyim sunar.<\/strong>ve tut\u00fcn i\u00e7ermeden veya leke b\u0131rakmadan sabit bir orta d\u00fczey hissiyat sunmaktad\u0131r.<\/p>","protected":false},"featured_media":29986,"comment_status":"open","ping_status":"closed","template":"","format":[206],"meta":{"_acf_changed":false},"product_brand":[],"product_cat":[23],"product_tag":[16543,16445],"flavours":[199],"nicotine":[218,232],"class_list":{"0":"post-29978","1":"product","2":"type-product","3":"status-publish","4":"has-post-thumbnail","6":"product_cat-23","7":"product_tag-10-4-mg-pouch","8":"product_tag-20-off","9":"pa_quantity-1-pack","10":"pa_quantity-10-pack","11":"pa_quantity-3-pack","12":"pa_quantity-30-pack","13":"pa_quantity-5-pack","14":"pa_quantity-60-pack","15":"flavours-mint","16":"format-slim","17":"nicotine-20-mg-g","18":"nicotine-extra-strong","20":"first","21":"instock","22":"taxable","23":"shipping-taxable","24":"purchasable","25":"product-type-variable","26":"has-default-attributes"},"acf":[],"_links":{"self":[{"href":"https:\/\/whitelip.com\/tr\/wp-json\/wp\/v2\/product\/29978","targetHints":{"allow":["GET"]}}],"collection":[{"href":"https:\/\/whitelip.com\/tr\/wp-json\/wp\/v2\/product"}],"about":[{"href":"https:\/\/whitelip.com\/tr\/wp-json\/wp\/v2\/types\/product"}],"replies":[{"embeddable":true,"href":"https:\/\/whitelip.com\/tr\/wp-json\/wp\/v2\/comments?post=29978"}],"wp:featuredmedia":[{"embeddable":true,"href":"https:\/\/whitelip.com\/tr\/wp-json\/wp\/v2\/media\/29986"}],"wp:attachment":[{"href":"https:\/\/whitelip.com\/tr\/wp-json\/wp\/v2\/media?parent=29978"}],"wp:term":[{"taxonomy":"product_brand","embeddable":true,"href":"https:\/\/whitelip.com\/tr\/wp-json\/wp\/v2\/product_brand?post=29978"},{"taxonomy":"product_cat","embeddable":true,"href":"https:\/\/whitelip.com\/tr\/wp-json\/wp\/v2\/product_cat?post=29978"},{"taxonomy":"product_tag","embeddable":true,"href":"https:\/\/whitelip.com\/tr\/wp-json\/wp\/v2\/product_tag?post=29978"},{"taxonomy":"flavours","embeddable":true,"href":"https:\/\/whitelip.com\/tr\/wp-json\/wp\/v2\/flavours?post=29978"},{"taxonomy":"format","embeddable":true,"href":"https:\/\/whitelip.com\/tr\/wp-json\/wp\/v2\/format?post=29978"},{"taxonomy":"nicotine","embeddable":true,"href":"https:\/\/whitelip.com\/tr\/wp-json\/wp\/v2\/nicotine?post=29978"}],"curies":[{"name":"wp","href":"https:\/\/api.w.org\/{rel}","templated":true}]}}