{"id":29062,"date":"2025-10-01T14:09:51","date_gmt":"2025-10-01T14:09:51","guid":{"rendered":"https:\/\/whitelip.com\/?post_type=product&#038;p=29062"},"modified":"2026-05-07T10:11:39","modified_gmt":"2026-05-07T10:11:39","slug":"fumi-zingy-ginger","status":"publish","type":"product","link":"https:\/\/whitelip.com\/tr\/fumi\/fumi-zingy-ginger\/","title":{"rendered":"FUMI Zingy Ginger"},"content":{"rendered":"<h2><b>FUMI Zingy Ginger<\/b><\/h2>\n<p><span style=\"font-weight: 400;\">FUMI Zingy Ginger, zencefil s\u0131cak, baharatl\u0131 keskinli\u011fini taze zest bir twist ile dengeli halde sunarak cesur ve canland\u0131r\u0131c\u0131 bir nikotin deneyimi sunar. Bu ince nikotin po\u015flar\u0131, ay\u0131rt edici, canl\u0131 tatlar\u0131n takdir eden kullan\u0131c\u0131lar i\u00e7in m\u00fckemmeltir ve po\u015f ba\u015f\u0131na sabit 4mg nikotin sal\u0131n\u0131m\u0131 sunmu\u015ftur. Ayr\u0131k ve rahat kullan\u0131m i\u00e7in tasarlanm\u0131\u015f, FUMI Zingy Ginger duda\u011f\u0131n alt\u0131nda sorunsuzca oturur ve geleneksel \u00fcr\u00fcnlere temiz, lekesiz bir alternatif sa\u011flar. Keskin ve tazeleyici karakteri, FUMI serisinde benzersiz g\u00fcnl\u00fck bir se\u00e7im yapar.<\/span><\/p>\n<table>\n<tbody>\n<tr>\n<td><b>Attribute<\/b><\/td>\n<td><b>Ayr\u0131nt\u0131lar<\/b><\/td>\n<\/tr>\n<tr>\n<td><span style=\"font-weight: 400;\">Kutu Ba\u015f\u0131na \u0130\u00e7erik<\/span><\/td>\n<td><span style=\"font-weight: 400;\">14g (20 paket)<\/span><\/td>\n<\/tr>\n<tr>\n<td><span style=\"font-weight: 400;\">Nikotin \u0130\u00e7eri\u011fi<\/span><\/td>\n<td><span style=\"font-weight: 400;\">6 mg\/g<\/span><\/td>\n<\/tr>\n<tr>\n<td><span style=\"font-weight: 400;\">Po\u015fet Format\u0131<\/span><\/td>\n<td><span style=\"font-weight: 400;\">\u0130nce<\/span><\/td>\n<\/tr>\n<tr>\n<td><span style=\"font-weight: 400;\">\u00dcretici<\/span><\/td>\n<td><span style=\"font-weight: 400;\">FUMI<\/span><\/td>\n<\/tr>\n<tr>\n<td><span style=\"font-weight: 400;\">Aroma<\/span><\/td>\n<td><span style=\"font-weight: 400;\">Zencefil (Keskin Zencefil)<\/span><\/td>\n<\/tr>\n<tr>\n<td><span style=\"font-weight: 400;\">T\u00fcr<\/span><\/td>\n<td><span style=\"font-weight: 400;\">T\u00fcm beyaz po\u015fet, t\u00fct\u00fcns\u00fcz<\/span><\/td>\n<\/tr>\n<\/tbody>\n<\/table>","protected":false},"excerpt":{"rendered":"<p>S\u0131cak, <strong>baharatl\u0131 zencefil<\/strong> taze, zest bir y\u00fckseltme ile cesur, canland\u0131r\u0131c\u0131 bir lezzet i\u00e7in. The <strong>ince<\/strong>, ayr\u0131k fit duda\u011f\u0131n alt\u0131nda rahat bir \u015fekilde oturur ve harekette keyfini \u00e7\u0131karmak kolayd\u0131r. Her po\u015f <strong data-start=\"227\" data-end=\"244\">4 mg nikotin<\/strong> temiz, dengeli g\u00fcnl\u00fck bir deneyim i\u00e7in sunmu\u015ftur.<\/p>","protected":false},"featured_media":29067,"comment_status":"open","ping_status":"closed","template":"","format":[206],"meta":{"_acf_changed":false},"product_brand":[],"product_cat":[245],"product_tag":[16585],"flavours":[197],"nicotine":[228,235],"class_list":{"0":"post-29062","1":"product","2":"type-product","3":"status-publish","4":"has-post-thumbnail","6":"product_cat-fumi","7":"product_tag-4-mg-pouch","8":"pa_quantity-1-pack","9":"pa_quantity-10-pack","10":"pa_quantity-3-pack","11":"pa_quantity-30-pack","12":"pa_quantity-5-pack","13":"pa_quantity-60-pack","14":"flavours-ginger","15":"format-slim","16":"nicotine-6-mg-g","17":"nicotine-normal","19":"first","20":"instock","21":"taxable","22":"shipping-taxable","23":"purchasable","24":"product-type-variable"},"acf":[],"_links":{"self":[{"href":"https:\/\/whitelip.com\/tr\/wp-json\/wp\/v2\/product\/29062","targetHints":{"allow":["GET"]}}],"collection":[{"href":"https:\/\/whitelip.com\/tr\/wp-json\/wp\/v2\/product"}],"about":[{"href":"https:\/\/whitelip.com\/tr\/wp-json\/wp\/v2\/types\/product"}],"replies":[{"embeddable":true,"href":"https:\/\/whitelip.com\/tr\/wp-json\/wp\/v2\/comments?post=29062"}],"wp:featuredmedia":[{"embeddable":true,"href":"https:\/\/whitelip.com\/tr\/wp-json\/wp\/v2\/media\/29067"}],"wp:attachment":[{"href":"https:\/\/whitelip.com\/tr\/wp-json\/wp\/v2\/media?parent=29062"}],"wp:term":[{"taxonomy":"product_brand","embeddable":true,"href":"https:\/\/whitelip.com\/tr\/wp-json\/wp\/v2\/product_brand?post=29062"},{"taxonomy":"product_cat","embeddable":true,"href":"https:\/\/whitelip.com\/tr\/wp-json\/wp\/v2\/product_cat?post=29062"},{"taxonomy":"product_tag","embeddable":true,"href":"https:\/\/whitelip.com\/tr\/wp-json\/wp\/v2\/product_tag?post=29062"},{"taxonomy":"flavours","embeddable":true,"href":"https:\/\/whitelip.com\/tr\/wp-json\/wp\/v2\/flavours?post=29062"},{"taxonomy":"format","embeddable":true,"href":"https:\/\/whitelip.com\/tr\/wp-json\/wp\/v2\/format?post=29062"},{"taxonomy":"nicotine","embeddable":true,"href":"https:\/\/whitelip.com\/tr\/wp-json\/wp\/v2\/nicotine?post=29062"}],"curies":[{"name":"wp","href":"https:\/\/api.w.org\/{rel}","templated":true}]}}