{"id":29051,"date":"2025-10-01T14:09:51","date_gmt":"2025-10-01T14:09:51","guid":{"rendered":"https:\/\/whitelip.com\/?post_type=product&#038;p=29051"},"modified":"2026-05-06T17:16:44","modified_gmt":"2026-05-06T17:16:44","slug":"fumi-salty-violet","status":"publish","type":"product","link":"https:\/\/whitelip.com\/tr\/fumi\/fumi-salty-violet\/","title":{"rendered":"FUMI Salty Violet"},"content":{"rendered":"<h2><b>FUMI Salty Violet<\/b><\/h2>\n<p><span style=\"font-weight: 400;\">FUMI Salty Violet, menek\u015fenin narin \u00e7i\u00e7eksi tatl\u0131l\u0131\u011f\u0131n\u0131 cesur bir tuzlu twist ile birle\u015ftirerek benzersiz ve sofistike bir nikotin deneyimi sunar. Bu ince nikotin po\u015flar\u0131, her po\u015fta 4mg sabit nikotin sal\u0131n\u0131m\u0131 ile macera dolu tatlar\u0131n takdir eden kullan\u0131c\u0131lar i\u00e7in tasarlanm\u0131\u015ft\u0131r. Duda\u011f\u0131n alt\u0131nda rahat ve ayr\u0131k, FUMI Salty Violet geleneksel t\u00fct\u00fcne temiz, lekesiz bir alternatif sa\u011flar. \u00c7i\u00e7eksi zarafet ve savory notalar\u0131n\u0131n kombinasyonu, FUMI serisinde ay\u0131rt edici bir se\u00e7imdir.<\/span><\/p>\n<table>\n<tbody>\n<tr>\n<td><b>Attribute<\/b><\/td>\n<td><b>Ayr\u0131nt\u0131lar<\/b><\/td>\n<\/tr>\n<tr>\n<td><span style=\"font-weight: 400;\">Kutu Ba\u015f\u0131na \u0130\u00e7erik<\/span><\/td>\n<td><span style=\"font-weight: 400;\">14g (20 paket)<\/span><\/td>\n<\/tr>\n<tr>\n<td><span style=\"font-weight: 400;\">Nikotin \u0130\u00e7eri\u011fi<\/span><\/td>\n<td><span style=\"font-weight: 400;\">6 mg\/g<\/span><\/td>\n<\/tr>\n<tr>\n<td><span style=\"font-weight: 400;\">Po\u015fet Format\u0131<\/span><\/td>\n<td><span style=\"font-weight: 400;\">\u0130nce<\/span><\/td>\n<\/tr>\n<tr>\n<td><span style=\"font-weight: 400;\">\u00dcretici<\/span><\/td>\n<td><span style=\"font-weight: 400;\">FUMI<\/span><\/td>\n<\/tr>\n<tr>\n<td><span style=\"font-weight: 400;\">Aroma<\/span><\/td>\n<td><span style=\"font-weight: 400;\">Mor &amp; Tuzlu<\/span><\/td>\n<\/tr>\n<tr>\n<td><span style=\"font-weight: 400;\">T\u00fcr<\/span><\/td>\n<td><span style=\"font-weight: 400;\">T\u00fcm beyaz po\u015fet, t\u00fct\u00fcns\u00fcz<\/span><\/td>\n<\/tr>\n<\/tbody>\n<\/table>","protected":false},"excerpt":{"rendered":"<p>Nazik <strong>mor<\/strong> notalar\u0131, cesur bir tuzlu twist ile dengeli halde, rafine edilmi\u015f \u0130skandinav-ilham alm\u0131\u015f bir tada sahip. The <strong>ince<\/strong>, ayr\u0131k format duda\u011f\u0131n alt\u0131nda rahat bir \u015fekilde oturur ve g\u00fcnl\u00fck kullan\u0131m i\u00e7in kolayd\u0131r. Her po\u015f <strong data-start=\"244\" data-end=\"261\">4 mg nikotin<\/strong> temiz, d\u00fczg\u00fcn, leke-free bir deneyim i\u00e7in sunmu\u015ftur.<\/p>","protected":false},"featured_media":29055,"comment_status":"open","ping_status":"closed","template":"","format":[206],"meta":{"_acf_changed":false},"product_brand":[],"product_cat":[245],"product_tag":[16585],"flavours":[202,198],"nicotine":[228,235],"class_list":{"0":"post-29051","1":"product","2":"type-product","3":"status-publish","4":"has-post-thumbnail","6":"product_cat-fumi","7":"product_tag-4-mg-pouch","8":"pa_quantity-1-pack","9":"pa_quantity-10-pack","10":"pa_quantity-3-pack","11":"pa_quantity-30-pack","12":"pa_quantity-5-pack","13":"pa_quantity-60-pack","14":"flavours-violet","15":"flavours-licorice","16":"format-slim","17":"nicotine-6-mg-g","18":"nicotine-normal","20":"first","21":"instock","22":"taxable","23":"shipping-taxable","24":"purchasable","25":"product-type-variable"},"acf":[],"_links":{"self":[{"href":"https:\/\/whitelip.com\/tr\/wp-json\/wp\/v2\/product\/29051","targetHints":{"allow":["GET"]}}],"collection":[{"href":"https:\/\/whitelip.com\/tr\/wp-json\/wp\/v2\/product"}],"about":[{"href":"https:\/\/whitelip.com\/tr\/wp-json\/wp\/v2\/types\/product"}],"replies":[{"embeddable":true,"href":"https:\/\/whitelip.com\/tr\/wp-json\/wp\/v2\/comments?post=29051"}],"wp:featuredmedia":[{"embeddable":true,"href":"https:\/\/whitelip.com\/tr\/wp-json\/wp\/v2\/media\/29055"}],"wp:attachment":[{"href":"https:\/\/whitelip.com\/tr\/wp-json\/wp\/v2\/media?parent=29051"}],"wp:term":[{"taxonomy":"product_brand","embeddable":true,"href":"https:\/\/whitelip.com\/tr\/wp-json\/wp\/v2\/product_brand?post=29051"},{"taxonomy":"product_cat","embeddable":true,"href":"https:\/\/whitelip.com\/tr\/wp-json\/wp\/v2\/product_cat?post=29051"},{"taxonomy":"product_tag","embeddable":true,"href":"https:\/\/whitelip.com\/tr\/wp-json\/wp\/v2\/product_tag?post=29051"},{"taxonomy":"flavours","embeddable":true,"href":"https:\/\/whitelip.com\/tr\/wp-json\/wp\/v2\/flavours?post=29051"},{"taxonomy":"format","embeddable":true,"href":"https:\/\/whitelip.com\/tr\/wp-json\/wp\/v2\/format?post=29051"},{"taxonomy":"nicotine","embeddable":true,"href":"https:\/\/whitelip.com\/tr\/wp-json\/wp\/v2\/nicotine?post=29051"}],"curies":[{"name":"wp","href":"https:\/\/api.w.org\/{rel}","templated":true}]}}