{"id":29030,"date":"2025-10-01T14:09:52","date_gmt":"2025-10-01T14:09:52","guid":{"rendered":"https:\/\/whitelip.com\/?post_type=product&#038;p=29030"},"modified":"2026-05-07T00:03:19","modified_gmt":"2026-05-07T00:03:19","slug":"fumi-tangy-strawberry-strong","status":"publish","type":"product","link":"https:\/\/whitelip.com\/tr\/fumi\/fumi-tangy-strawberry-strong\/","title":{"rendered":"FUMI Keskin \u00c7ilek G\u00fc\u00e7l\u00fc"},"content":{"rendered":"<h2><b>FUMI Keskin \u00c7ilek G\u00fc\u00e7l\u00fc<\/b><\/h2>\n<p><span style=\"font-weight: 400;\">FUMI Tangy Strawberry Strong, olgun \u00e7ileklerin sulu tatl\u0131l\u0131\u011f\u0131n\u0131 keskin bir twist ile birle\u015ftirerek taze ve heyecanl\u0131 bir nikotin deneyimi sunar. Bu ince nikotin po\u015flar\u0131, meyveli bir profili keskin bir kenar\u0131 ile takdir eden kullan\u0131c\u0131lar i\u00e7in tasarlanm\u0131\u015ft\u0131r ve po\u015f ba\u015f\u0131na 8mg nikotin g\u00fcc\u00fc sunmu\u015ftur. Duda\u011f\u0131n alt\u0131nda rahat ve ayr\u0131k, FUMI Tangy Strawberry Strong geleneksel \u00fcr\u00fcnlere temiz, lekesiz bir alternatif sa\u011flar. Tatl\u0131l\u0131k ve keskinli\u011fin canl\u0131 kombinasyonu, FUMI serisinde tazeleyici bir \u00f6ne \u00e7\u0131kan se\u00e7imdir.<\/span><\/p>\n<table>\n<tbody>\n<tr>\n<td><b>Attribute<\/b><\/td>\n<td><b>Ayr\u0131nt\u0131lar<\/b><\/td>\n<\/tr>\n<tr>\n<td><span style=\"font-weight: 400;\">Kutu Ba\u015f\u0131na \u0130\u00e7erik<\/span><\/td>\n<td><span style=\"font-weight: 400;\">14g (20 paket)<\/span><\/td>\n<\/tr>\n<tr>\n<td><span style=\"font-weight: 400;\">Nikotin \u0130\u00e7eri\u011fi<\/span><\/td>\n<td><span style=\"font-weight: 400;\">11 mg\/g<\/span><\/td>\n<\/tr>\n<tr>\n<td><span style=\"font-weight: 400;\">Po\u015fet Format\u0131<\/span><\/td>\n<td><span style=\"font-weight: 400;\">\u0130nce<\/span><\/td>\n<\/tr>\n<tr>\n<td><span style=\"font-weight: 400;\">\u00dcretici<\/span><\/td>\n<td><span style=\"font-weight: 400;\">FUMI<\/span><\/td>\n<\/tr>\n<tr>\n<td><span style=\"font-weight: 400;\">Aroma<\/span><\/td>\n<td><span style=\"font-weight: 400;\">\u00c7ilek (Keskin \u00c7ilek)<\/span><\/td>\n<\/tr>\n<tr>\n<td><span style=\"font-weight: 400;\">T\u00fcr<\/span><\/td>\n<td><span style=\"font-weight: 400;\">T\u00fcm beyaz po\u015fet, t\u00fct\u00fcns\u00fcz<\/span><\/td>\n<\/tr>\n<\/tbody>\n<\/table>","protected":false},"excerpt":{"rendered":"<p>Parlak, olgun <strong>\u00e7ilek<\/strong> keskin bir kenara sahip taze, canl\u0131 bir lezzet i\u00e7in. The <strong>ince<\/strong> format duda\u011f\u0131n alt\u0131nda ayr\u0131k ve rahat bir \u015fekilde oturur, harekette keyfini \u00e7\u0131karmak kolayd\u0131r. Her po\u015f <strong data-start=\"232\" data-end=\"249\">8 mg nikotin<\/strong>, temiz, g\u00fc\u00e7l\u00fc, leke-free bir deneyim sunmu\u015ftur.<\/p>","protected":false},"featured_media":29034,"comment_status":"open","ping_status":"closed","template":"","format":[206],"meta":{"_acf_changed":false},"product_brand":[],"product_cat":[245],"product_tag":[16583],"flavours":[196],"nicotine":[208,236],"class_list":{"0":"post-29030","1":"product","2":"type-product","3":"status-publish","4":"has-post-thumbnail","6":"product_cat-fumi","7":"product_tag-8-mg-pouch","8":"pa_quantity-1-pack","9":"pa_quantity-10-pack","10":"pa_quantity-3-pack","11":"pa_quantity-30-pack","12":"pa_quantity-5-pack","13":"pa_quantity-60-pack","14":"flavours-fruits-berries","15":"format-slim","16":"nicotine-11-mg-g","17":"nicotine-strong","19":"first","20":"instock","21":"taxable","22":"shipping-taxable","23":"purchasable","24":"product-type-variable"},"acf":[],"_links":{"self":[{"href":"https:\/\/whitelip.com\/tr\/wp-json\/wp\/v2\/product\/29030","targetHints":{"allow":["GET"]}}],"collection":[{"href":"https:\/\/whitelip.com\/tr\/wp-json\/wp\/v2\/product"}],"about":[{"href":"https:\/\/whitelip.com\/tr\/wp-json\/wp\/v2\/types\/product"}],"replies":[{"embeddable":true,"href":"https:\/\/whitelip.com\/tr\/wp-json\/wp\/v2\/comments?post=29030"}],"wp:featuredmedia":[{"embeddable":true,"href":"https:\/\/whitelip.com\/tr\/wp-json\/wp\/v2\/media\/29034"}],"wp:attachment":[{"href":"https:\/\/whitelip.com\/tr\/wp-json\/wp\/v2\/media?parent=29030"}],"wp:term":[{"taxonomy":"product_brand","embeddable":true,"href":"https:\/\/whitelip.com\/tr\/wp-json\/wp\/v2\/product_brand?post=29030"},{"taxonomy":"product_cat","embeddable":true,"href":"https:\/\/whitelip.com\/tr\/wp-json\/wp\/v2\/product_cat?post=29030"},{"taxonomy":"product_tag","embeddable":true,"href":"https:\/\/whitelip.com\/tr\/wp-json\/wp\/v2\/product_tag?post=29030"},{"taxonomy":"flavours","embeddable":true,"href":"https:\/\/whitelip.com\/tr\/wp-json\/wp\/v2\/flavours?post=29030"},{"taxonomy":"format","embeddable":true,"href":"https:\/\/whitelip.com\/tr\/wp-json\/wp\/v2\/format?post=29030"},{"taxonomy":"nicotine","embeddable":true,"href":"https:\/\/whitelip.com\/tr\/wp-json\/wp\/v2\/nicotine?post=29030"}],"curies":[{"name":"wp","href":"https:\/\/api.w.org\/{rel}","templated":true}]}}